{"id":35917,"date":"2025-10-07T08:25:35","date_gmt":"2025-10-07T08:25:35","guid":{"rendered":"https:\/\/www.freeshopfrontiera.ch\/shop\/rabanne-set-phantom-2\/"},"modified":"2025-10-07T08:29:55","modified_gmt":"2025-10-07T08:29:55","slug":"rabanne-set-phantom-2","status":"publish","type":"product","link":"https:\/\/www.freeshopfrontiera.ch\/fr\/shop\/rabanne-set-phantom-2\/","title":{"rendered":"RABANNE SET Phantom"},"content":{"rendered":"<p data-start=\"4097\" data-end=\"4168\"><strong data-start=\"4097\" data-end=\"4168\">RABANNE Coffret Phantom Parfum Vaporisateur 100ml + Deo Spray 150ml<\/strong><\/p>\n<p data-start=\"4170\" data-end=\"4424\">Plongez dans l\u2019avenir du parfum masculin avec le <strong data-start=\"4219\" data-end=\"4246\">Coffret RABANNE Phantom<\/strong>, un ensemble exclusif qui incarne la s\u00e9duction contemporaine et l\u2019\u00e9nergie virile. Id\u00e9al comme cadeau ou pour le quotidien, ce coffret allie \u00e9l\u00e9gance, technologie et puissance.<\/p>\n<p data-start=\"4426\" data-end=\"4814\">Le <strong data-start=\"4429\" data-end=\"4455\">Phantom Parfum (100ml)<\/strong> est une fragrance audacieuse et magn\u00e9tique, symbole de l\u2019homme moderne \u2014 s\u00fbr de lui, charismatique et authentique. Les notes vives de <strong data-start=\"4590\" data-end=\"4600\">citron<\/strong> s\u2019associent \u00e0 la <strong data-start=\"4618\" data-end=\"4643\">lavande et au v\u00e9tiver<\/strong>, tandis qu\u2019un c\u0153ur profond de <strong data-start=\"4674\" data-end=\"4711\">vanille, patchouli et bois ambr\u00e9s<\/strong> apporte chaleur et intensit\u00e9. Un parfum irr\u00e9sistible et sensuel, pour un homme qui laisse sa marque.<\/p>\n<p data-start=\"4816\" data-end=\"5060\">Le <strong data-start=\"4819\" data-end=\"4840\">Deo Spray (150ml)<\/strong> compl\u00e8te le rituel, offrant une fra\u00eecheur durable et une protection efficace tout au long de la journ\u00e9e. Sa formule l\u00e9g\u00e8re parfume d\u00e9licatement la peau avec les notes embl\u00e9matiques de Phantom, pour un confort optimal.<\/p>\n<p data-start=\"5062\" data-end=\"5210\"><strong data-start=\"5062\" data-end=\"5081\">RABANNE Phantom<\/strong> est une ode \u00e0 l\u2019innovation et \u00e0 la libert\u00e9 masculine \u2013 un parfum pour les hommes audacieux, \u00e9l\u00e9gants et tourn\u00e9s vers l\u2019avenir.<\/p>\n<p data-start=\"5212\" data-end=\"5240\">\u2728 <strong data-start=\"5214\" data-end=\"5238\">Contenu du coffret :<\/strong><\/p>\n<ul data-start=\"5241\" data-end=\"5298\">\n<li data-start=\"5241\" data-end=\"5278\">\n<p data-start=\"5243\" data-end=\"5278\">Phantom Parfum Vaporisateur 100ml<\/p>\n<\/li>\n<li data-start=\"5279\" data-end=\"5298\">\n<p data-start=\"5281\" data-end=\"5298\">Deo Spray 150ml<\/p>\n<\/li>\n<\/ul>\n<p>&nbsp;<\/p>\n<p>Follow us! <a href=\"https:\/\/www.instagram.com\/freeshopswiss\/\" target=\"_blank\" rel=\"noopener\">@freeshopswiss<\/a><\/p>\n","protected":false},"excerpt":{"rendered":"<p>Plongez dans l\u2019avenir du parfum masculin avec le <strong data-start=\"4219\" data-end=\"4246\">Coffret RABANNE Phantom<\/strong>, un ensemble exclusif qui incarne la s\u00e9duction contemporaine et l\u2019\u00e9nergie virile.<\/p>\n","protected":false},"featured_media":35913,"comment_status":"open","ping_status":"closed","template":"","meta":[],"pwb-brand":[378],"product_brand":[],"product_cat":[89,484],"product_tag":[459,464,252,143,278],"class_list":{"0":"post-35917","1":"product","2":"type-product","3":"status-publish","4":"has-post-thumbnail","6":"pwb-brand-rabanne","7":"product_cat-pour-lui","8":"product_cat-coffret","9":"product_tag-coffret","10":"product_tag-coffret-homme","11":"product_tag-eau-de-parfum-fr","12":"product_tag-homme","13":"product_tag-offre","15":"first","16":"instock","17":"sale","18":"taxable","19":"shipping-taxable","20":"purchasable","21":"product-type-simple"},"brands":[{"id":378,"name":"Rabanne","slug":"rabanne"}],"_links":{"self":[{"href":"https:\/\/www.freeshopfrontiera.ch\/fr\/wp-json\/wp\/v2\/product\/35917","targetHints":{"allow":["GET"]}}],"collection":[{"href":"https:\/\/www.freeshopfrontiera.ch\/fr\/wp-json\/wp\/v2\/product"}],"about":[{"href":"https:\/\/www.freeshopfrontiera.ch\/fr\/wp-json\/wp\/v2\/types\/product"}],"replies":[{"embeddable":true,"href":"https:\/\/www.freeshopfrontiera.ch\/fr\/wp-json\/wp\/v2\/comments?post=35917"}],"version-history":[{"count":1,"href":"https:\/\/www.freeshopfrontiera.ch\/fr\/wp-json\/wp\/v2\/product\/35917\/revisions"}],"predecessor-version":[{"id":35921,"href":"https:\/\/www.freeshopfrontiera.ch\/fr\/wp-json\/wp\/v2\/product\/35917\/revisions\/35921"}],"wp:featuredmedia":[{"embeddable":true,"href":"https:\/\/www.freeshopfrontiera.ch\/fr\/wp-json\/wp\/v2\/media\/35913"}],"wp:attachment":[{"href":"https:\/\/www.freeshopfrontiera.ch\/fr\/wp-json\/wp\/v2\/media?parent=35917"}],"wp:term":[{"taxonomy":"pwb-brand","embeddable":true,"href":"https:\/\/www.freeshopfrontiera.ch\/fr\/wp-json\/wp\/v2\/pwb-brand?post=35917"},{"taxonomy":"product_brand","embeddable":true,"href":"https:\/\/www.freeshopfrontiera.ch\/fr\/wp-json\/wp\/v2\/product_brand?post=35917"},{"taxonomy":"product_cat","embeddable":true,"href":"https:\/\/www.freeshopfrontiera.ch\/fr\/wp-json\/wp\/v2\/product_cat?post=35917"},{"taxonomy":"product_tag","embeddable":true,"href":"https:\/\/www.freeshopfrontiera.ch\/fr\/wp-json\/wp\/v2\/product_tag?post=35917"}],"curies":[{"name":"wp","href":"https:\/\/api.w.org\/{rel}","templated":true}]}}