{"id":35934,"date":"2025-10-08T07:55:26","date_gmt":"2025-10-08T07:55:26","guid":{"rendered":"https:\/\/www.freeshopfrontiera.ch\/shop\/house-of-perfumes-khulud-eau-de-parfum-100ml\/"},"modified":"2025-10-08T08:00:11","modified_gmt":"2025-10-08T08:00:11","slug":"house-of-perfumes-khulud-eau-de-parfum-100ml","status":"publish","type":"product","link":"https:\/\/www.freeshopfrontiera.ch\/fr\/shop\/house-of-perfumes-khulud-eau-de-parfum-100ml\/","title":{"rendered":"HOUSE OF PERFUMES Khulud Eau de Parfum 100ml"},"content":{"rendered":"<p data-start=\"3358\" data-end=\"3455\"><strong data-start=\"3358\" data-end=\"3453\">House of Perfumes Khulud Eau de Parfum 100ml \u2013 L\u2019\u00e9l\u00e9gance de l\u2019Orient dans un parfum unique<\/strong><\/p>\n<p data-start=\"3457\" data-end=\"3795\">D\u00e9couvrez <em data-start=\"3467\" data-end=\"3489\">Khulud Eau de Parfum<\/em> de <strong data-start=\"3493\" data-end=\"3514\">House of Perfumes<\/strong>, une fragrance luxueuse qui incarne la sensualit\u00e9, le raffinement et le myst\u00e8re de la tradition arabe. Ce parfum exclusif de 100ml est une symphonie olfactive d\u2019ingr\u00e9dients pr\u00e9cieux et de notes envo\u00fbtantes, cr\u00e9\u00e9e pour ceux qui souhaitent se distinguer avec \u00e9l\u00e9gance et charisme.<\/p>\n<p data-start=\"3797\" data-end=\"4178\">Les notes de t\u00eate r\u00e9v\u00e8lent un m\u00e9lange lumineux de <strong data-start=\"3847\" data-end=\"3857\">safran<\/strong>, <strong data-start=\"3859\" data-end=\"3876\">rose de Damas<\/strong> et <strong data-start=\"3880\" data-end=\"3893\">bergamote<\/strong>, pour une ouverture raffin\u00e9e et s\u00e9duisante. Le c\u0153ur d\u00e9voile des accords chauds de <strong data-start=\"3976\" data-end=\"3991\">bois de oud<\/strong>, <strong data-start=\"3993\" data-end=\"4002\">ambre<\/strong> et <strong data-start=\"4006\" data-end=\"4019\">patchouli<\/strong>, apportant profondeur et charme oriental. La base associe <strong data-start=\"4078\" data-end=\"4089\">vanille<\/strong>, <strong data-start=\"4091\" data-end=\"4105\">musc blanc<\/strong> et <strong data-start=\"4109\" data-end=\"4126\">bois pr\u00e9cieux<\/strong>, laissant un sillage irr\u00e9sistible et sophistiqu\u00e9.<\/p>\n<p data-start=\"4180\" data-end=\"4402\"><em data-start=\"4180\" data-end=\"4202\">Khulud Eau de Parfum<\/em> repr\u00e9sente l\u2019essence de la parfumerie arabe moderne : intense, \u00e9l\u00e9gante et durable. Le flacon dor\u00e9 et luxueux refl\u00e8te l\u2019identit\u00e9 exclusive de <em data-start=\"4345\" data-end=\"4364\">House of Perfumes<\/em>, symbole de qualit\u00e9 et d\u2019artisanat.<\/p>\n<p data-start=\"4404\" data-end=\"4591\">Parfait pour les hommes et les femmes amateurs de parfums orientaux, <strong data-start=\"4473\" data-end=\"4483\">Khulud<\/strong> est id\u00e9al pour toutes les occasions sp\u00e9ciales, offrant une pr\u00e9sence inoubliable et une touche de myst\u00e8re.<\/p>\n<p data-start=\"4593\" data-end=\"4790\">Choisissez <em data-start=\"4604\" data-end=\"4650\">House of Perfumes Khulud Eau de Parfum 100ml<\/em> et laissez-vous emporter dans un voyage sensoriel au c\u0153ur de l\u2019Orient, o\u00f9 la tradition rencontre la modernit\u00e9 dans un parfum inoubliable.<\/p>\n<p data-start=\"1427\" data-end=\"1617\">Follow us!\u00a0<a href=\"https:\/\/www.instagram.com\/freeshopswiss\/\" target=\"_blank\" rel=\"noopener\">@freeshopswiss<\/a><\/p>\n","protected":false},"excerpt":{"rendered":"<p>D\u00e9couvrez <em data-start=\"3467\" data-end=\"3489\">Khulud Eau de Parfum<\/em> de <strong data-start=\"3493\" data-end=\"3514\">House of Perfumes<\/strong>, une fragrance luxueuse qui incarne la sensualit\u00e9, le raffinement et le myst\u00e8re de la tradition arabe.<\/p>\n","protected":false},"featured_media":35930,"comment_status":"open","ping_status":"closed","template":"","meta":[],"pwb-brand":[391],"product_brand":[],"product_cat":[87,109,89],"product_tag":[252,296,789,1629,143,97,594],"class_list":{"0":"post-35934","1":"product","2":"type-product","3":"status-publish","4":"has-post-thumbnail","6":"pwb-brand-house-of-perfumes","7":"product_cat-parfums","8":"product_cat-pour-elle","9":"product_cat-pour-lui","10":"product_tag-eau-de-parfum-fr","11":"product_tag-femme","12":"product_tag-womens-fragrances-fr","13":"product_tag-mens-fragrances-fr","14":"product_tag-homme","15":"product_tag-parfums","16":"product_tag-unisex-fr-2","18":"first","19":"instock","20":"sale","21":"taxable","22":"shipping-taxable","23":"purchasable","24":"product-type-simple"},"brands":[{"id":391,"name":"House of Perfumes","slug":"house-of-perfumes"}],"_links":{"self":[{"href":"https:\/\/www.freeshopfrontiera.ch\/fr\/wp-json\/wp\/v2\/product\/35934","targetHints":{"allow":["GET"]}}],"collection":[{"href":"https:\/\/www.freeshopfrontiera.ch\/fr\/wp-json\/wp\/v2\/product"}],"about":[{"href":"https:\/\/www.freeshopfrontiera.ch\/fr\/wp-json\/wp\/v2\/types\/product"}],"replies":[{"embeddable":true,"href":"https:\/\/www.freeshopfrontiera.ch\/fr\/wp-json\/wp\/v2\/comments?post=35934"}],"version-history":[{"count":1,"href":"https:\/\/www.freeshopfrontiera.ch\/fr\/wp-json\/wp\/v2\/product\/35934\/revisions"}],"predecessor-version":[{"id":35939,"href":"https:\/\/www.freeshopfrontiera.ch\/fr\/wp-json\/wp\/v2\/product\/35934\/revisions\/35939"}],"wp:featuredmedia":[{"embeddable":true,"href":"https:\/\/www.freeshopfrontiera.ch\/fr\/wp-json\/wp\/v2\/media\/35930"}],"wp:attachment":[{"href":"https:\/\/www.freeshopfrontiera.ch\/fr\/wp-json\/wp\/v2\/media?parent=35934"}],"wp:term":[{"taxonomy":"pwb-brand","embeddable":true,"href":"https:\/\/www.freeshopfrontiera.ch\/fr\/wp-json\/wp\/v2\/pwb-brand?post=35934"},{"taxonomy":"product_brand","embeddable":true,"href":"https:\/\/www.freeshopfrontiera.ch\/fr\/wp-json\/wp\/v2\/product_brand?post=35934"},{"taxonomy":"product_cat","embeddable":true,"href":"https:\/\/www.freeshopfrontiera.ch\/fr\/wp-json\/wp\/v2\/product_cat?post=35934"},{"taxonomy":"product_tag","embeddable":true,"href":"https:\/\/www.freeshopfrontiera.ch\/fr\/wp-json\/wp\/v2\/product_tag?post=35934"}],"curies":[{"name":"wp","href":"https:\/\/api.w.org\/{rel}","templated":true}]}}