{"id":35979,"date":"2025-10-13T07:49:18","date_gmt":"2025-10-13T07:49:18","guid":{"rendered":"https:\/\/www.freeshopfrontiera.ch\/shop\/gianni-versace-crystal-emerald\/"},"modified":"2026-03-09T09:48:31","modified_gmt":"2026-03-09T09:48:31","slug":"gianni-versace-crystal-emerald","status":"publish","type":"product","link":"https:\/\/www.freeshopfrontiera.ch\/fr\/shop\/gianni-versace-crystal-emerald\/","title":{"rendered":"Versace Crystal Emerald Eau de Parfum"},"content":{"rendered":"<h3 data-start=\"3225\" data-end=\"3293\"><strong data-start=\"3234\" data-end=\"3293\">Versace Crystal Emerald Eau de Parfum<\/strong><\/h3>\n<p data-start=\"3295\" data-end=\"3379\">\n<p data-start=\"3381\" data-end=\"3706\">D\u00e9couvrez <strong data-start=\"3391\" data-end=\"3439\">Gianni Versace Crystal Emerald Eau de Parfum<\/strong>, un parfum sophistiqu\u00e9 et sensuel qui incarne toute la splendeur et le luxe de la Maison Versace. Inspir\u00e9 par l\u2019\u00e9clat de l\u2019\u00e9meraude pr\u00e9cieuse, ce parfum c\u00e9l\u00e8bre la f\u00e9minit\u00e9 moderne avec une aura magn\u00e9tique et raffin\u00e9e, id\u00e9ale pour la femme \u00e9l\u00e9gante et s\u00fbre d\u2019elle.<\/p>\n<p data-start=\"3708\" data-end=\"4070\">Les <strong data-start=\"3712\" data-end=\"3729\">notes de t\u00eate<\/strong> s\u2019ouvrent sur un accord fruit\u00e9 et lumineux de <strong data-start=\"3776\" data-end=\"3819\">bergamote, poire et mandarine italienne<\/strong>, apportant fra\u00eecheur et vitalit\u00e9. Le <strong data-start=\"3857\" data-end=\"3872\">c\u0153ur floral<\/strong>, compos\u00e9 de <strong data-start=\"3885\" data-end=\"3916\">jasmin, magnolia et pivoine<\/strong>, r\u00e9v\u00e8le une sensualit\u00e9 d\u00e9licate, tandis que les <strong data-start=\"3965\" data-end=\"3982\">notes de fond<\/strong> enveloppent la peau de la chaleur de <strong data-start=\"4020\" data-end=\"4067\">l\u2019ambre, du musc blanc et du bois de santal<\/strong>.<\/p>\n<p data-start=\"4072\" data-end=\"4215\">Le <strong data-start=\"4075\" data-end=\"4099\">flacon vert \u00e9meraude<\/strong>, inspir\u00e9 d\u2019une pierre pr\u00e9cieuse, refl\u00e8te la lumi\u00e8re et le luxe dans chaque d\u00e9tail \u2013 un v\u00e9ritable bijou \u00e0 exposer.<\/p>\n<p data-start=\"4217\" data-end=\"4402\">Parfait en toute occasion, <strong data-start=\"4244\" data-end=\"4271\">Versace Crystal Emerald<\/strong> laisse une empreinte olfactive \u00e9l\u00e9gante et inoubliable. Le choix id\u00e9al pour la femme audacieuse, raffin\u00e9e et r\u00e9solument moderne.<\/p>\n<p data-start=\"4404\" data-end=\"4430\"><strong data-start=\"4404\" data-end=\"4428\">Pyramide olfactive :<\/strong><\/p>\n<ul data-start=\"4431\" data-end=\"4584\">\n<li data-start=\"4431\" data-end=\"4480\">\n<p data-start=\"4433\" data-end=\"4480\"><em data-start=\"4433\" data-end=\"4450\">Notes de t\u00eate :<\/em> Bergamote, Poire, Mandarine<\/p>\n<\/li>\n<li data-start=\"4481\" data-end=\"4528\">\n<p data-start=\"4483\" data-end=\"4528\"><em data-start=\"4483\" data-end=\"4500\">Notes de c\u0153ur :<\/em> Jasmin, Magnolia, Pivoine<\/p>\n<\/li>\n<li data-start=\"4529\" data-end=\"4584\">\n<p data-start=\"4531\" data-end=\"4584\"><em data-start=\"4531\" data-end=\"4548\">Notes de fond :<\/em> Ambre, Musc blanc, Bois de santal<\/p>\n<\/li>\n<\/ul>\n<p data-start=\"4586\" data-end=\"4693\">\ud83d\udc8e <strong data-start=\"4589\" data-end=\"4637\">Gianni Versace Crystal Emerald Eau de Parfum<\/strong> \u2013 Le charme \u00e9ternel captur\u00e9 dans un joyau de lumi\u00e8re.<\/p>\n<p data-start=\"1561\" data-end=\"1666\">Follow us!\u00a0<a href=\"https:\/\/www.instagram.com\/freeshopswiss\/\" target=\"_blank\" rel=\"noopener\">@freeshopswiss<\/a><\/p>\n","protected":false},"excerpt":{"rendered":"<p>D\u00e9couvrez <strong data-start=\"3391\" data-end=\"3439\">Gianni Versace Crystal Emerald Eau de Parfum<\/strong>, un parfum sophistiqu\u00e9 et sensuel qui incarne toute la splendeur et le luxe de la Maison Versace.<\/p>\n","protected":false},"featured_media":35967,"comment_status":"open","ping_status":"closed","template":"","meta":[],"pwb-brand":[124],"product_brand":[],"product_cat":[87,109],"product_tag":[252,296,4348,789,97,4367],"class_list":{"0":"post-35979","1":"product","2":"type-product","3":"status-publish","4":"has-post-thumbnail","6":"pwb-brand-versace","7":"product_cat-parfums","8":"product_cat-pour-elle","9":"product_tag-eau-de-parfum-fr","10":"product_tag-femme","11":"product_tag-fete-des-femmes","12":"product_tag-womens-fragrances-fr","13":"product_tag-parfums","14":"product_tag-special-printemps","16":"first","17":"instock","18":"sale","19":"taxable","20":"shipping-taxable","21":"purchasable","22":"product-type-variable"},"brands":[{"id":124,"name":"Versace","slug":"versace"}],"_links":{"self":[{"href":"https:\/\/www.freeshopfrontiera.ch\/fr\/wp-json\/wp\/v2\/product\/35979","targetHints":{"allow":["GET"]}}],"collection":[{"href":"https:\/\/www.freeshopfrontiera.ch\/fr\/wp-json\/wp\/v2\/product"}],"about":[{"href":"https:\/\/www.freeshopfrontiera.ch\/fr\/wp-json\/wp\/v2\/types\/product"}],"replies":[{"embeddable":true,"href":"https:\/\/www.freeshopfrontiera.ch\/fr\/wp-json\/wp\/v2\/comments?post=35979"}],"version-history":[{"count":4,"href":"https:\/\/www.freeshopfrontiera.ch\/fr\/wp-json\/wp\/v2\/product\/35979\/revisions"}],"predecessor-version":[{"id":40773,"href":"https:\/\/www.freeshopfrontiera.ch\/fr\/wp-json\/wp\/v2\/product\/35979\/revisions\/40773"}],"wp:featuredmedia":[{"embeddable":true,"href":"https:\/\/www.freeshopfrontiera.ch\/fr\/wp-json\/wp\/v2\/media\/35967"}],"wp:attachment":[{"href":"https:\/\/www.freeshopfrontiera.ch\/fr\/wp-json\/wp\/v2\/media?parent=35979"}],"wp:term":[{"taxonomy":"pwb-brand","embeddable":true,"href":"https:\/\/www.freeshopfrontiera.ch\/fr\/wp-json\/wp\/v2\/pwb-brand?post=35979"},{"taxonomy":"product_brand","embeddable":true,"href":"https:\/\/www.freeshopfrontiera.ch\/fr\/wp-json\/wp\/v2\/product_brand?post=35979"},{"taxonomy":"product_cat","embeddable":true,"href":"https:\/\/www.freeshopfrontiera.ch\/fr\/wp-json\/wp\/v2\/product_cat?post=35979"},{"taxonomy":"product_tag","embeddable":true,"href":"https:\/\/www.freeshopfrontiera.ch\/fr\/wp-json\/wp\/v2\/product_tag?post=35979"}],"curies":[{"name":"wp","href":"https:\/\/api.w.org\/{rel}","templated":true}]}}