{"id":36009,"date":"2025-10-13T08:20:48","date_gmt":"2025-10-13T08:20:48","guid":{"rendered":"https:\/\/www.freeshopfrontiera.ch\/shop\/acqua-di-bolgheri-bacche-di-vinum-home-diffuser\/"},"modified":"2025-10-13T08:26:06","modified_gmt":"2025-10-13T08:26:06","slug":"acqua-di-bolgheri-bacche-di-vinum-home-diffuser","status":"publish","type":"product","link":"https:\/\/www.freeshopfrontiera.ch\/fr\/shop\/acqua-di-bolgheri-bacche-di-vinum-home-diffuser\/","title":{"rendered":"ACQUA DI BOLGHERI Bacche di Vinum Home Diffuser"},"content":{"rendered":"<h3 data-start=\"3293\" data-end=\"3371\"><strong data-start=\"3302\" data-end=\"3371\">Acqua di Bolgheri Bacche di Vinum Diffuseur d\u2019Ambiance<\/strong><\/h3>\n<p data-start=\"3373\" data-end=\"3476\"><strong data-start=\"3373\" data-end=\"3474\">Acqua di Bolgheri Bacche di Vinum Diffuseur d\u2019Ambiance \u2013 L\u2019essence toscane du vin et de la nature<\/strong><\/p>\n<p data-start=\"3478\" data-end=\"3696\">Plongez dans le charme authentique de la Toscane avec <strong data-start=\"3532\" data-end=\"3590\">Acqua di Bolgheri Bacche di Vinum Diffuseur d\u2019Ambiance<\/strong>, une fragrance \u00e9l\u00e9gante et intense qui transforme chaque pi\u00e8ce en un espace de bien-\u00eatre et d\u2019harmonie.<\/p>\n<p data-start=\"3698\" data-end=\"4085\">Inspir\u00e9 par les vignobles ensoleill\u00e9s de Bolgheri, <strong data-start=\"3749\" data-end=\"3768\">Bacche di Vinum<\/strong> lib\u00e8re un parfum riche, fruit\u00e9 et enveloppant. Les <strong data-start=\"3820\" data-end=\"3837\">notes de t\u00eate<\/strong> d\u2019<strong data-start=\"3840\" data-end=\"3874\">raisins noirs et fruits rouges<\/strong> apportent vivacit\u00e9 et douceur, tandis que le <strong data-start=\"3920\" data-end=\"3935\">c\u0153ur floral<\/strong> r\u00e9v\u00e8le des touches de <strong data-start=\"3958\" data-end=\"3979\">mo\u00fbt et de cassis<\/strong>. En <strong data-start=\"3984\" data-end=\"3992\">fond<\/strong>, des accords de <strong data-start=\"4009\" data-end=\"4040\">bois pr\u00e9cieux et de vanille<\/strong> diffusent une chaleur raffin\u00e9e et durable.<\/p>\n<p data-start=\"4087\" data-end=\"4219\">Un \u00e9quilibre parfait entre nature et sophistication, \u00e9voquant l\u2019atmosph\u00e8re intime des caves toscanes et l\u2019\u00e9l\u00e9gance d\u2019un grand vin.<\/p>\n<p data-start=\"4221\" data-end=\"4523\">Le <strong data-start=\"4224\" data-end=\"4253\">diffuseur Bacche di Vinum<\/strong> est pr\u00e9sent\u00e9 dans un flacon en verre raffin\u00e9 orn\u00e9 du logo <strong data-start=\"4312\" data-end=\"4333\">Acqua di Bolgheri<\/strong>, symbole de qualit\u00e9 artisanale italienne. Les <strong data-start=\"4380\" data-end=\"4410\">b\u00e2tonnets en rotin naturel<\/strong> diffusent le parfum de mani\u00e8re douce et continue, cr\u00e9ant une ambiance accueillante pendant plusieurs semaines.<\/p>\n<p data-start=\"4525\" data-end=\"4669\">Id\u00e9al pour le salon, la chambre ou le bureau, il apporte \u00e0 votre int\u00e9rieur une touche de luxe discret et l\u2019inimitable <strong data-start=\"4643\" data-end=\"4666\">\u00e2me m\u00e9diterran\u00e9enne<\/strong>.<\/p>\n<p data-start=\"4671\" data-end=\"4786\">\ud83c\udf47 <strong data-start=\"4674\" data-end=\"4732\">Acqua di Bolgheri Bacche di Vinum Diffuseur d\u2019Ambiance<\/strong> \u2013 Le parfum du vin toscan qui d\u00e9core avec \u00e9l\u00e9gance.<\/p>\n<p data-start=\"1601\" data-end=\"1712\">Follow us! <a href=\"https:\/\/www.instagram.com\/freeshopswiss\/\" target=\"_blank\" rel=\"noopener\">@freeshopswiss<\/a><\/p>\n","protected":false},"excerpt":{"rendered":"<p>Plongez dans le charme authentique de la Toscane avec <strong data-start=\"3532\" data-end=\"3590\">Acqua di Bolgheri Bacche di Vinum Diffuseur d\u2019Ambiance<\/strong>, une fragrance \u00e9l\u00e9gante et intense qui transforme chaque pi\u00e8ce en un espace de bien-\u00eatre et d\u2019harmonie.<\/p>\n","protected":false},"featured_media":35997,"comment_status":"open","ping_status":"closed","template":"","meta":[],"pwb-brand":[2802],"product_brand":[],"product_cat":[531],"product_tag":[2807],"class_list":{"0":"post-36009","1":"product","2":"type-product","3":"status-publish","4":"has-post-thumbnail","6":"pwb-brand-acqua-di-bolgheri","7":"product_cat-parfums-d-ambiance","8":"product_tag-home-diffuser-fr","10":"first","11":"outofstock","12":"sale","13":"taxable","14":"shipping-taxable","15":"purchasable","16":"product-type-variable","17":"has-default-attributes"},"brands":[{"id":2802,"name":"Acqua di Bolgheri","slug":"acqua-di-bolgheri"}],"_links":{"self":[{"href":"https:\/\/www.freeshopfrontiera.ch\/fr\/wp-json\/wp\/v2\/product\/36009","targetHints":{"allow":["GET"]}}],"collection":[{"href":"https:\/\/www.freeshopfrontiera.ch\/fr\/wp-json\/wp\/v2\/product"}],"about":[{"href":"https:\/\/www.freeshopfrontiera.ch\/fr\/wp-json\/wp\/v2\/types\/product"}],"replies":[{"embeddable":true,"href":"https:\/\/www.freeshopfrontiera.ch\/fr\/wp-json\/wp\/v2\/comments?post=36009"}],"version-history":[{"count":2,"href":"https:\/\/www.freeshopfrontiera.ch\/fr\/wp-json\/wp\/v2\/product\/36009\/revisions"}],"predecessor-version":[{"id":36021,"href":"https:\/\/www.freeshopfrontiera.ch\/fr\/wp-json\/wp\/v2\/product\/36009\/revisions\/36021"}],"wp:featuredmedia":[{"embeddable":true,"href":"https:\/\/www.freeshopfrontiera.ch\/fr\/wp-json\/wp\/v2\/media\/35997"}],"wp:attachment":[{"href":"https:\/\/www.freeshopfrontiera.ch\/fr\/wp-json\/wp\/v2\/media?parent=36009"}],"wp:term":[{"taxonomy":"pwb-brand","embeddable":true,"href":"https:\/\/www.freeshopfrontiera.ch\/fr\/wp-json\/wp\/v2\/pwb-brand?post=36009"},{"taxonomy":"product_brand","embeddable":true,"href":"https:\/\/www.freeshopfrontiera.ch\/fr\/wp-json\/wp\/v2\/product_brand?post=36009"},{"taxonomy":"product_cat","embeddable":true,"href":"https:\/\/www.freeshopfrontiera.ch\/fr\/wp-json\/wp\/v2\/product_cat?post=36009"},{"taxonomy":"product_tag","embeddable":true,"href":"https:\/\/www.freeshopfrontiera.ch\/fr\/wp-json\/wp\/v2\/product_tag?post=36009"}],"curies":[{"name":"wp","href":"https:\/\/api.w.org\/{rel}","templated":true}]}}