{"id":36049,"date":"2025-10-13T09:55:16","date_gmt":"2025-10-13T09:55:16","guid":{"rendered":"https:\/\/www.freeshopfrontiera.ch\/shop\/collistar-set-idroattiva\/"},"modified":"2025-10-13T09:58:42","modified_gmt":"2025-10-13T09:58:42","slug":"collistar-set-idroattiva","status":"publish","type":"product","link":"https:\/\/www.freeshopfrontiera.ch\/fr\/shop\/collistar-set-idroattiva\/","title":{"rendered":"COLLISTAR SET Idroattiva"},"content":{"rendered":"<h3 data-start=\"3219\" data-end=\"3270\"><strong data-start=\"3228\" data-end=\"3268\">Collistar Idroattiva+ Set<\/strong><\/h3>\n<p data-start=\"3272\" data-end=\"3341\"><strong data-start=\"3272\" data-end=\"3339\">Collistar Idroattiva+ Set \u2013 Hydratation intense et soin complet<\/strong><\/p>\n<p data-start=\"3343\" data-end=\"3524\">D\u00e9couvrez le <strong data-start=\"3356\" data-end=\"3385\">Collistar Idroattiva+ Set<\/strong>, con\u00e7u pour offrir \u00e0 votre peau un soin complet, combinant <strong data-start=\"3445\" data-end=\"3484\">hydratation intense, nettoyage doux<\/strong> et praticit\u00e9 dans un coffret \u00e9l\u00e9gant.<\/p>\n<p data-start=\"3526\" data-end=\"3859\">Au c\u0153ur du set se trouve la <strong data-start=\"3554\" data-end=\"3587\">Deep Moisturizing Cream 50 ml<\/strong>, une cr\u00e8me visage riche mais l\u00e9g\u00e8re, formul\u00e9e pour <strong data-start=\"3639\" data-end=\"3678\">une hydratation profonde et durable<\/strong>. Gr\u00e2ce \u00e0 la formule avanc\u00e9e <strong data-start=\"3707\" data-end=\"3722\">Idroattiva+<\/strong>, la peau appara\u00eet imm\u00e9diatement plus douce, \u00e9lastique et lumineuse, tout en combattant la s\u00e9cheresse et les signes de fatigue cutan\u00e9e.<\/p>\n<p data-start=\"3861\" data-end=\"4154\">Le set comprend \u00e9galement la <strong data-start=\"3890\" data-end=\"3935\">Two-Phase Make-Up Removing Solution 35 ml<\/strong>, une solution bifasique douce mais efficace, id\u00e9ale pour enlever m\u00eame le maquillage le plus r\u00e9sistant sans irriter la peau. Elle laisse le visage frais, propre et pr\u00eat \u00e0 recevoir les bienfaits de la cr\u00e8me hydratante.<\/p>\n<p data-start=\"4156\" data-end=\"4313\">Le set est compl\u00e9t\u00e9 par une <strong data-start=\"4184\" data-end=\"4205\">pochette \u00e9l\u00e9gante<\/strong>, parfaite pour transporter vos produits lors de vos d\u00e9placements ou pour organiser vos essentiels beaut\u00e9.<\/p>\n<p data-start=\"4315\" data-end=\"4520\">Ce <strong data-start=\"4318\" data-end=\"4347\">Collistar Idroattiva+ Set<\/strong> est id\u00e9al pour celles qui recherchent un rituel beaut\u00e9 complet alliant hydratation, nettoyage doux et praticit\u00e9, et constitue un cadeau parfait pour toutes les occasions.<\/p>\n<p data-start=\"4522\" data-end=\"4547\">\ud83d\udca7 <strong data-start=\"4525\" data-end=\"4545\">Contenu du set :<\/strong><\/p>\n<ul data-start=\"4548\" data-end=\"4649\">\n<li data-start=\"4548\" data-end=\"4581\">\n<p data-start=\"4550\" data-end=\"4581\">Deep Moisturizing Cream 50 ml<\/p>\n<\/li>\n<li data-start=\"4582\" data-end=\"4627\">\n<p data-start=\"4584\" data-end=\"4627\">Two-Phase Make-Up Removing Solution 35 ml<\/p>\n<\/li>\n<li data-start=\"4628\" data-end=\"4649\">\n<p data-start=\"4630\" data-end=\"4649\">Pochette \u00e9l\u00e9gante<\/p>\n<\/li>\n<\/ul>\n<p data-start=\"4651\" data-end=\"4737\">\u2728 <strong data-start=\"4653\" data-end=\"4682\">Collistar Idroattiva+ Set<\/strong> \u2013 Une peau hydrat\u00e9e, douce et \u00e9clatante chaque jour.<\/p>\n<p data-start=\"1640\" data-end=\"1722\">Follow us! <a href=\"https:\/\/www.instagram.com\/freeshopswiss\/\" target=\"_blank\" rel=\"noopener\">@freeshopswiss<\/a><\/p>\n","protected":false},"excerpt":{"rendered":"<p>D\u00e9couvrez le <strong data-start=\"3356\" data-end=\"3385\">Collistar Idroattiva+ Set<\/strong>, con\u00e7u pour offrir \u00e0 votre peau un soin complet, combinant <strong data-start=\"3445\" data-end=\"3484\">hydratation intense, nettoyage doux<\/strong> et praticit\u00e9 dans un coffret \u00e9l\u00e9gant.<\/p>\n","protected":false},"featured_media":36045,"comment_status":"open","ping_status":"closed","template":"","meta":[],"pwb-brand":[437],"product_brand":[],"product_cat":[109,295,484,545],"product_tag":[459,461,296,417,301],"class_list":{"0":"post-36049","1":"product","2":"type-product","3":"status-publish","4":"has-post-thumbnail","6":"pwb-brand-collistar","7":"product_cat-pour-elle","8":"product_cat-traitements","9":"product_cat-coffret","10":"product_cat-soin-du-visage","11":"product_tag-coffret","12":"product_tag-coffrets-femme","13":"product_tag-femme","14":"product_tag-soins-fr","15":"product_tag-soins-du-visage","17":"first","18":"outofstock","19":"sale","20":"taxable","21":"shipping-taxable","22":"purchasable","23":"product-type-simple"},"brands":[{"id":437,"name":"Collistar","slug":"collistar"}],"_links":{"self":[{"href":"https:\/\/www.freeshopfrontiera.ch\/fr\/wp-json\/wp\/v2\/product\/36049","targetHints":{"allow":["GET"]}}],"collection":[{"href":"https:\/\/www.freeshopfrontiera.ch\/fr\/wp-json\/wp\/v2\/product"}],"about":[{"href":"https:\/\/www.freeshopfrontiera.ch\/fr\/wp-json\/wp\/v2\/types\/product"}],"replies":[{"embeddable":true,"href":"https:\/\/www.freeshopfrontiera.ch\/fr\/wp-json\/wp\/v2\/comments?post=36049"}],"version-history":[{"count":1,"href":"https:\/\/www.freeshopfrontiera.ch\/fr\/wp-json\/wp\/v2\/product\/36049\/revisions"}],"predecessor-version":[{"id":36052,"href":"https:\/\/www.freeshopfrontiera.ch\/fr\/wp-json\/wp\/v2\/product\/36049\/revisions\/36052"}],"wp:featuredmedia":[{"embeddable":true,"href":"https:\/\/www.freeshopfrontiera.ch\/fr\/wp-json\/wp\/v2\/media\/36045"}],"wp:attachment":[{"href":"https:\/\/www.freeshopfrontiera.ch\/fr\/wp-json\/wp\/v2\/media?parent=36049"}],"wp:term":[{"taxonomy":"pwb-brand","embeddable":true,"href":"https:\/\/www.freeshopfrontiera.ch\/fr\/wp-json\/wp\/v2\/pwb-brand?post=36049"},{"taxonomy":"product_brand","embeddable":true,"href":"https:\/\/www.freeshopfrontiera.ch\/fr\/wp-json\/wp\/v2\/product_brand?post=36049"},{"taxonomy":"product_cat","embeddable":true,"href":"https:\/\/www.freeshopfrontiera.ch\/fr\/wp-json\/wp\/v2\/product_cat?post=36049"},{"taxonomy":"product_tag","embeddable":true,"href":"https:\/\/www.freeshopfrontiera.ch\/fr\/wp-json\/wp\/v2\/product_tag?post=36049"}],"curies":[{"name":"wp","href":"https:\/\/api.w.org\/{rel}","templated":true}]}}