{"id":36063,"date":"2025-10-13T10:51:54","date_gmt":"2025-10-13T10:51:54","guid":{"rendered":"https:\/\/www.freeshopfrontiera.ch\/shop\/house-of-perfumes-khulud-noir-100ml\/"},"modified":"2025-10-13T11:04:32","modified_gmt":"2025-10-13T11:04:32","slug":"house-of-perfumes-khulud-noir-100ml","status":"publish","type":"product","link":"https:\/\/www.freeshopfrontiera.ch\/fr\/shop\/house-of-perfumes-khulud-noir-100ml\/","title":{"rendered":"HOUSE OF PERFUMES Khulud Noir 100ml"},"content":{"rendered":"<h3 data-start=\"3231\" data-end=\"3304\"><strong data-start=\"3240\" data-end=\"3304\">House of Perfumes Khulud Noir Eau de Parfum 100ml<\/strong><\/h3>\n<p data-start=\"3306\" data-end=\"3399\"><strong data-start=\"3306\" data-end=\"3397\">House of Perfumes Khulud Noir Eau de Parfum 100ml \u2013 \u00c9l\u00e9gance et myst\u00e8re \u00e0 chaque goutte<\/strong><\/p>\n<p data-start=\"3401\" data-end=\"3680\">D\u00e9couvrez <strong data-start=\"3411\" data-end=\"3440\">Khulud Noir Eau de Parfum<\/strong> de <strong data-start=\"3444\" data-end=\"3465\">House of Perfumes<\/strong>, une fragrance intense et sophistiqu\u00e9e, cr\u00e9\u00e9e pour celles et ceux qui aiment se distinguer avec \u00e9l\u00e9gance et charme. Ce parfum marie des notes sensuelles et myst\u00e9rieuses, enveloppant la peau d\u2019une aura magn\u00e9tique.<\/p>\n<p data-start=\"3682\" data-end=\"4002\">Les <strong data-start=\"3686\" data-end=\"3703\">notes de t\u00eate<\/strong> s\u2019ouvrent sur un accord frais et captivant de <strong data-start=\"3750\" data-end=\"3795\">bergamote, poivre noir et accords fruit\u00e9s<\/strong>. Le <strong data-start=\"3800\" data-end=\"3808\">c\u0153ur<\/strong> d\u00e9voile <strong data-start=\"3817\" data-end=\"3857\">rose noire, jasmin et \u00e9pices chaudes<\/strong>, apportant profondeur et sensualit\u00e9. En <strong data-start=\"3898\" data-end=\"3906\">fond<\/strong>, les notes de <strong data-start=\"3921\" data-end=\"3953\">bois de c\u00e8dre, ambre et musc<\/strong> laissent un sillage enveloppant et persistant.<\/p>\n<p data-start=\"4004\" data-end=\"4150\">Le flacon au design sombre et raffin\u00e9 refl\u00e8te parfaitement le caract\u00e8re luxueux et myst\u00e9rieux de <strong data-start=\"4101\" data-end=\"4116\">Khulud Noir<\/strong>, v\u00e9ritable bijou de collection.<\/p>\n<p data-start=\"4152\" data-end=\"4399\">Parfait pour les grandes occasions, les soir\u00e9es \u00e9l\u00e9gantes ou les moments o\u00f9 vous souhaitez laisser une impression durable, <strong data-start=\"4275\" data-end=\"4290\">Khulud Noir<\/strong> est le choix id\u00e9al pour l\u2019homme ou la femme moderne qui appr\u00e9cie le luxe discret et la s\u00e9duction raffin\u00e9e.<\/p>\n<p data-start=\"1588\" data-end=\"1697\">Follow us! <a href=\"https:\/\/www.instagram.com\/freeshopswiss\/\" target=\"_blank\" rel=\"noopener\">@freeshopswiss<\/a><\/p>\n","protected":false},"excerpt":{"rendered":"<p>D\u00e9couvrez <strong data-start=\"3411\" data-end=\"3440\">Khulud Noir Eau de Parfum<\/strong> de <strong data-start=\"3444\" data-end=\"3465\">House of Perfumes<\/strong>, une fragrance intense et sophistiqu\u00e9e, cr\u00e9\u00e9e pour celles et ceux qui aiment se distinguer avec \u00e9l\u00e9gance et charme.<\/p>\n","protected":false},"featured_media":36058,"comment_status":"open","ping_status":"closed","template":"","meta":[],"pwb-brand":[391],"product_brand":[],"product_cat":[87,109,89],"product_tag":[252,296,1629,143,97,594],"class_list":{"0":"post-36063","1":"product","2":"type-product","3":"status-publish","4":"has-post-thumbnail","6":"pwb-brand-house-of-perfumes","7":"product_cat-parfums","8":"product_cat-pour-elle","9":"product_cat-pour-lui","10":"product_tag-eau-de-parfum-fr","11":"product_tag-femme","12":"product_tag-mens-fragrances-fr","13":"product_tag-homme","14":"product_tag-parfums","15":"product_tag-unisex-fr-2","17":"first","18":"instock","19":"sale","20":"taxable","21":"shipping-taxable","22":"purchasable","23":"product-type-simple"},"brands":[{"id":391,"name":"House of Perfumes","slug":"house-of-perfumes"}],"_links":{"self":[{"href":"https:\/\/www.freeshopfrontiera.ch\/fr\/wp-json\/wp\/v2\/product\/36063","targetHints":{"allow":["GET"]}}],"collection":[{"href":"https:\/\/www.freeshopfrontiera.ch\/fr\/wp-json\/wp\/v2\/product"}],"about":[{"href":"https:\/\/www.freeshopfrontiera.ch\/fr\/wp-json\/wp\/v2\/types\/product"}],"replies":[{"embeddable":true,"href":"https:\/\/www.freeshopfrontiera.ch\/fr\/wp-json\/wp\/v2\/comments?post=36063"}],"version-history":[{"count":2,"href":"https:\/\/www.freeshopfrontiera.ch\/fr\/wp-json\/wp\/v2\/product\/36063\/revisions"}],"predecessor-version":[{"id":36068,"href":"https:\/\/www.freeshopfrontiera.ch\/fr\/wp-json\/wp\/v2\/product\/36063\/revisions\/36068"}],"wp:featuredmedia":[{"embeddable":true,"href":"https:\/\/www.freeshopfrontiera.ch\/fr\/wp-json\/wp\/v2\/media\/36058"}],"wp:attachment":[{"href":"https:\/\/www.freeshopfrontiera.ch\/fr\/wp-json\/wp\/v2\/media?parent=36063"}],"wp:term":[{"taxonomy":"pwb-brand","embeddable":true,"href":"https:\/\/www.freeshopfrontiera.ch\/fr\/wp-json\/wp\/v2\/pwb-brand?post=36063"},{"taxonomy":"product_brand","embeddable":true,"href":"https:\/\/www.freeshopfrontiera.ch\/fr\/wp-json\/wp\/v2\/product_brand?post=36063"},{"taxonomy":"product_cat","embeddable":true,"href":"https:\/\/www.freeshopfrontiera.ch\/fr\/wp-json\/wp\/v2\/product_cat?post=36063"},{"taxonomy":"product_tag","embeddable":true,"href":"https:\/\/www.freeshopfrontiera.ch\/fr\/wp-json\/wp\/v2\/product_tag?post=36063"}],"curies":[{"name":"wp","href":"https:\/\/api.w.org\/{rel}","templated":true}]}}