{"id":36076,"date":"2025-10-13T11:15:07","date_gmt":"2025-10-13T11:15:07","guid":{"rendered":"https:\/\/www.freeshopfrontiera.ch\/shop\/rabanne-set-million-gold-for-her-2\/"},"modified":"2025-12-26T00:01:05","modified_gmt":"2025-12-26T00:01:05","slug":"rabanne-set-million-gold-for-her-2","status":"publish","type":"product","link":"https:\/\/www.freeshopfrontiera.ch\/fr\/shop\/rabanne-set-million-gold-for-her-2\/","title":{"rendered":"RABANNE SET Million Gold For Her"},"content":{"rendered":"<h3 data-start=\"3044\" data-end=\"3120\"><strong data-start=\"3053\" data-end=\"3118\">Rabanne Million Gold For Her Coffret Eau de Parfum<\/strong><\/h3>\n<p data-start=\"3122\" data-end=\"3199\"><strong data-start=\"3122\" data-end=\"3197\">Rabanne Million Gold For Her Coffret \u2013 \u00c9clat, s\u00e9duction et luxe f\u00e9minin<\/strong><\/p>\n<p data-start=\"3201\" data-end=\"3429\">D\u00e9couvrez le <strong data-start=\"3214\" data-end=\"3254\">Coffret Rabanne Million Gold For Her<\/strong>, un ensemble qui capture l\u2019\u00e9l\u00e9gance iconique et la sensualit\u00e9 de la femme Rabanne. Un parfum audacieux et raffin\u00e9 pour celles qui aiment briller avec style et personnalit\u00e9.<\/p>\n<p data-start=\"3431\" data-end=\"3846\">Au c\u0153ur du coffret se trouve le <strong data-start=\"3463\" data-end=\"3499\">Million Gold Eau de Parfum 50 ml<\/strong>, un parfum scintillant et enveloppant alliant <strong data-start=\"3546\" data-end=\"3585\">notes florales, ambr\u00e9es et fruit\u00e9es<\/strong> dans un \u00e9quilibre parfait entre douceur et caract\u00e8re. Les <strong data-start=\"3644\" data-end=\"3661\">notes de t\u00eate<\/strong> s\u2019ouvrent sur une touche lumineuse de <strong data-start=\"3700\" data-end=\"3722\">mandarine et poire<\/strong>, suivies d\u2019un <strong data-start=\"3737\" data-end=\"3775\">c\u0153ur sensuel de gardenia et jasmin<\/strong>, reposant sur un <strong data-start=\"3793\" data-end=\"3843\">fond chaleureux de vanille, miel et ambre dor\u00e9<\/strong>.<\/p>\n<p data-start=\"3848\" data-end=\"4068\">Le coffret comprend \u00e9galement le <strong data-start=\"3881\" data-end=\"3910\">Lait pour le Corps 100 ml<\/strong>, \u00e0 la texture soyeuse et hydratante, qui enveloppe la peau du m\u00eame parfum irr\u00e9sistible Million Gold, la laissant douce, lumineuse et d\u00e9licatement parfum\u00e9e.<\/p>\n<p data-start=\"4070\" data-end=\"4197\">Pr\u00e9sent\u00e9 dans un \u00e9l\u00e9gant coffret dor\u00e9, ce set est parfait comme cadeau pour des occasions sp\u00e9ciales ou pour se faire plaisir.<\/p>\n<p data-start=\"1176\" data-end=\"1326\">Follow us! <a href=\"https:\/\/www.instagram.com\/freeshopswiss\/\" target=\"_blank\" rel=\"noopener\">@freeshopswiss<\/a><\/p>\n","protected":false},"excerpt":{"rendered":"<p>D\u00e9couvrez le <strong data-start=\"3214\" data-end=\"3254\">Coffret Rabanne Million Gold For Her<\/strong>, un ensemble qui capture l\u2019\u00e9l\u00e9gance iconique et la sensualit\u00e9 de la femme Rabanne. Un parfum audacieux et raffin\u00e9 pour celles qui aiment briller avec style et personnalit\u00e9.<\/p>\n","protected":false},"featured_media":36072,"comment_status":"open","ping_status":"closed","template":"","meta":[],"pwb-brand":[378],"product_brand":[],"product_cat":[138,87,109,484,4192],"product_tag":[280,459,461,296,4348,278],"class_list":{"0":"post-36076","1":"product","2":"type-product","3":"status-publish","4":"has-post-thumbnail","6":"pwb-brand-rabanne","7":"product_cat-offre","8":"product_cat-parfums","9":"product_cat-pour-elle","10":"product_cat-coffret","11":"product_cat-offers-coffret","12":"product_tag-bestseller-fr","13":"product_tag-coffret","14":"product_tag-coffrets-femme","15":"product_tag-femme","16":"product_tag-fete-des-femmes","17":"product_tag-offre","19":"first","20":"instock","21":"sale","22":"taxable","23":"shipping-taxable","24":"purchasable","25":"product-type-simple"},"brands":[{"id":378,"name":"Rabanne","slug":"rabanne"}],"_links":{"self":[{"href":"https:\/\/www.freeshopfrontiera.ch\/fr\/wp-json\/wp\/v2\/product\/36076","targetHints":{"allow":["GET"]}}],"collection":[{"href":"https:\/\/www.freeshopfrontiera.ch\/fr\/wp-json\/wp\/v2\/product"}],"about":[{"href":"https:\/\/www.freeshopfrontiera.ch\/fr\/wp-json\/wp\/v2\/types\/product"}],"replies":[{"embeddable":true,"href":"https:\/\/www.freeshopfrontiera.ch\/fr\/wp-json\/wp\/v2\/comments?post=36076"}],"version-history":[{"count":1,"href":"https:\/\/www.freeshopfrontiera.ch\/fr\/wp-json\/wp\/v2\/product\/36076\/revisions"}],"predecessor-version":[{"id":36080,"href":"https:\/\/www.freeshopfrontiera.ch\/fr\/wp-json\/wp\/v2\/product\/36076\/revisions\/36080"}],"wp:featuredmedia":[{"embeddable":true,"href":"https:\/\/www.freeshopfrontiera.ch\/fr\/wp-json\/wp\/v2\/media\/36072"}],"wp:attachment":[{"href":"https:\/\/www.freeshopfrontiera.ch\/fr\/wp-json\/wp\/v2\/media?parent=36076"}],"wp:term":[{"taxonomy":"pwb-brand","embeddable":true,"href":"https:\/\/www.freeshopfrontiera.ch\/fr\/wp-json\/wp\/v2\/pwb-brand?post=36076"},{"taxonomy":"product_brand","embeddable":true,"href":"https:\/\/www.freeshopfrontiera.ch\/fr\/wp-json\/wp\/v2\/product_brand?post=36076"},{"taxonomy":"product_cat","embeddable":true,"href":"https:\/\/www.freeshopfrontiera.ch\/fr\/wp-json\/wp\/v2\/product_cat?post=36076"},{"taxonomy":"product_tag","embeddable":true,"href":"https:\/\/www.freeshopfrontiera.ch\/fr\/wp-json\/wp\/v2\/product_tag?post=36076"}],"curies":[{"name":"wp","href":"https:\/\/api.w.org\/{rel}","templated":true}]}}