{"id":36092,"date":"2025-10-13T11:43:08","date_gmt":"2025-10-13T11:43:08","guid":{"rendered":"https:\/\/www.freeshopfrontiera.ch\/shop\/medicube-triple-collagen-serum-4-0-55ml\/"},"modified":"2025-10-13T11:56:27","modified_gmt":"2025-10-13T11:56:27","slug":"medicube-triple-collagen-serum-4-0-55ml","status":"publish","type":"product","link":"https:\/\/www.freeshopfrontiera.ch\/fr\/shop\/medicube-triple-collagen-serum-4-0-55ml\/","title":{"rendered":"MEDICUBE Triple Collagen Serum 4.0 55ml"},"content":{"rendered":"<h3 data-start=\"3197\" data-end=\"3262\"><strong data-start=\"3206\" data-end=\"3260\">Medicube Triple Collagen Serum 4.0 55ml<\/strong><\/h3>\n<p data-start=\"3264\" data-end=\"3354\"><strong data-start=\"3264\" data-end=\"3352\">Medicube Triple Collagen Serum 4.0 55ml \u2013 Hydratation profonde et pouvoir r\u00e9g\u00e9n\u00e9rant<\/strong><\/p>\n<p data-start=\"3356\" data-end=\"3683\">D\u00e9couvrez le <strong data-start=\"3369\" data-end=\"3407\">Medicube Triple Collagen Serum 4.0<\/strong>, un s\u00e9rum visage avanc\u00e9 con\u00e7u pour <strong data-start=\"3443\" data-end=\"3530\">hydrater intens\u00e9ment, r\u00e9duire les signes de l\u2019\u00e2ge et renforcer la structure cutan\u00e9e<\/strong>. Enrichi en <strong data-start=\"3543\" data-end=\"3563\">triple collag\u00e8ne<\/strong>, ce s\u00e9rum contient des ingr\u00e9dients de haute qualit\u00e9 pour am\u00e9liorer l\u2019\u00e9lasticit\u00e9, la fermet\u00e9 et la densit\u00e9 de la peau.<\/p>\n<p data-start=\"3685\" data-end=\"3979\">La <strong data-start=\"3688\" data-end=\"3719\">formule Triple Collagen 4.0<\/strong> combine <strong data-start=\"3728\" data-end=\"3792\">collag\u00e8ne hydrolys\u00e9, peptide de collag\u00e8ne et collag\u00e8ne marin<\/strong>, offrant un puissant effet r\u00e9g\u00e9n\u00e9rant qui stimule la production naturelle de collag\u00e8ne. La peau appara\u00eet visiblement plus ferme, lisse et lumineuse, avec une texture douce et uniforme.<\/p>\n<p data-start=\"3981\" data-end=\"4232\">Ce s\u00e9rum est <strong data-start=\"3994\" data-end=\"4038\">l\u00e9ger, rapidement absorb\u00e9 et non collant<\/strong>, adapt\u00e9 \u00e0 tous les types de peau, y compris les peaux sensibles. Il aide \u00e0 lutter contre <strong data-start=\"4128\" data-end=\"4187\">les rides fines, la perte d\u2019\u00e9lasticit\u00e9 et la s\u00e9cheresse<\/strong>, laissant la peau plus jeune et \u00e9clatante.<\/p>\n<p data-start=\"4234\" data-end=\"4415\"><strong data-start=\"4234\" data-end=\"4253\">Mode d\u2019emploi :<\/strong> Appliquer 2 \u00e0 3 gouttes sur une peau propre, en tapotant doucement jusqu\u2019\u00e0 absorption compl\u00e8te. Utiliser matin et soir dans votre routine de soins quotidienne.<\/p>\n<p data-start=\"4417\" data-end=\"4537\">Le flacon compte-gouttes de <strong data-start=\"4445\" data-end=\"4454\">55 ml<\/strong> permet un dosage pr\u00e9cis et hygi\u00e9nique, rendant l\u2019application facile et pratique.<\/p>\n<p data-start=\"4539\" data-end=\"4746\">\ud83d\udca7 <strong data-start=\"4542\" data-end=\"4580\">Medicube Triple Collagen Serum 4.0<\/strong> \u2013 Le s\u00e9rum quotidien pour une <strong data-start=\"4611\" data-end=\"4659\">peau plus ferme, plus \u00e9lastique et lumineuse<\/strong>, con\u00e7u pour lutter contre les signes de l\u2019\u00e2ge et maintenir une hydratation optimale.<\/p>\n<p data-start=\"1345\" data-end=\"1477\">Follow us! <a href=\"https:\/\/www.instagram.com\/freeshopswiss\/\" target=\"_blank\" rel=\"noopener\">@freeshopswiss<\/a><\/p>\n","protected":false},"excerpt":{"rendered":"<p>D\u00e9couvrez le <strong data-start=\"3369\" data-end=\"3407\">Medicube Triple Collagen Serum 4.0<\/strong>, un s\u00e9rum visage avanc\u00e9 con\u00e7u pour <strong data-start=\"3443\" data-end=\"3530\">hydrater intens\u00e9ment, r\u00e9duire les signes de l\u2019\u00e2ge et renforcer la structure cutan\u00e9e<\/strong>.<\/p>\n","protected":false},"featured_media":36084,"comment_status":"open","ping_status":"closed","template":"","meta":[],"pwb-brand":[],"product_brand":[],"product_cat":[109,295,3768,545],"product_tag":[296,4348,3611,562,417,301],"class_list":{"0":"post-36092","1":"product","2":"type-product","3":"status-publish","4":"has-post-thumbnail","6":"product_cat-pour-elle","7":"product_cat-traitements","8":"product_cat-k-beauty-fr","9":"product_cat-soin-du-visage","10":"product_tag-femme","11":"product_tag-fete-des-femmes","12":"product_tag-k-beauty-fr","13":"product_tag-nouveautes-soins","14":"product_tag-soins-fr","15":"product_tag-soins-du-visage","17":"first","18":"instock","19":"sale","20":"taxable","21":"shipping-taxable","22":"purchasable","23":"product-type-simple"},"brands":[],"_links":{"self":[{"href":"https:\/\/www.freeshopfrontiera.ch\/fr\/wp-json\/wp\/v2\/product\/36092","targetHints":{"allow":["GET"]}}],"collection":[{"href":"https:\/\/www.freeshopfrontiera.ch\/fr\/wp-json\/wp\/v2\/product"}],"about":[{"href":"https:\/\/www.freeshopfrontiera.ch\/fr\/wp-json\/wp\/v2\/types\/product"}],"replies":[{"embeddable":true,"href":"https:\/\/www.freeshopfrontiera.ch\/fr\/wp-json\/wp\/v2\/comments?post=36092"}],"version-history":[{"count":1,"href":"https:\/\/www.freeshopfrontiera.ch\/fr\/wp-json\/wp\/v2\/product\/36092\/revisions"}],"predecessor-version":[{"id":36096,"href":"https:\/\/www.freeshopfrontiera.ch\/fr\/wp-json\/wp\/v2\/product\/36092\/revisions\/36096"}],"wp:featuredmedia":[{"embeddable":true,"href":"https:\/\/www.freeshopfrontiera.ch\/fr\/wp-json\/wp\/v2\/media\/36084"}],"wp:attachment":[{"href":"https:\/\/www.freeshopfrontiera.ch\/fr\/wp-json\/wp\/v2\/media?parent=36092"}],"wp:term":[{"taxonomy":"pwb-brand","embeddable":true,"href":"https:\/\/www.freeshopfrontiera.ch\/fr\/wp-json\/wp\/v2\/pwb-brand?post=36092"},{"taxonomy":"product_brand","embeddable":true,"href":"https:\/\/www.freeshopfrontiera.ch\/fr\/wp-json\/wp\/v2\/product_brand?post=36092"},{"taxonomy":"product_cat","embeddable":true,"href":"https:\/\/www.freeshopfrontiera.ch\/fr\/wp-json\/wp\/v2\/product_cat?post=36092"},{"taxonomy":"product_tag","embeddable":true,"href":"https:\/\/www.freeshopfrontiera.ch\/fr\/wp-json\/wp\/v2\/product_tag?post=36092"}],"curies":[{"name":"wp","href":"https:\/\/api.w.org\/{rel}","templated":true}]}}