{"id":36104,"date":"2025-10-13T12:44:51","date_gmt":"2025-10-13T12:44:51","guid":{"rendered":"https:\/\/www.freeshopfrontiera.ch\/shop\/clarins-set-men\/"},"modified":"2025-10-13T13:07:15","modified_gmt":"2025-10-13T13:07:15","slug":"clarins-set-men","status":"publish","type":"product","link":"https:\/\/www.freeshopfrontiera.ch\/fr\/shop\/clarins-set-men\/","title":{"rendered":"CLARINS SET Men"},"content":{"rendered":"<h3 data-start=\"2884\" data-end=\"2992\"><strong data-start=\"2893\" data-end=\"2992\">Clarins Men Set Nettoyant Visage 30ml + Shampooing Douche 30ml + Gel \u00c9nergisant 12ml<\/strong><\/h3>\n<p data-start=\"2994\" data-end=\"3051\"><strong data-start=\"2994\" data-end=\"3049\">Clarins Men Set \u2013 Soin complet pour l\u2019homme moderne<\/strong><\/p>\n<p data-start=\"3053\" data-end=\"3356\">D\u00e9couvrez le <strong data-start=\"3066\" data-end=\"3085\">Clarins Men Set<\/strong>, une routine de soins compl\u00e8te et efficace, sp\u00e9cialement con\u00e7ue pour les hommes qui souhaitent prendre soin de leur peau et de leur corps simplement et rapidement. Id\u00e9al pour les voyages ou pour d\u00e9couvrir les produits incontournables de Clarins Men en format pratique.<\/p>\n<p data-start=\"3358\" data-end=\"3381\">Le coffret contient :<\/p>\n<ul data-start=\"3382\" data-end=\"3868\">\n<li data-start=\"3382\" data-end=\"3543\">\n<p data-start=\"3384\" data-end=\"3543\"><strong data-start=\"3384\" data-end=\"3411\">Nettoyant Visage 30ml :<\/strong> nettoyant doux qui \u00e9limine les impuret\u00e9s, l\u2019exc\u00e8s de s\u00e9bum et la pollution, laissant la peau propre et fra\u00eeche sans la dess\u00e9cher.<\/p>\n<\/li>\n<li data-start=\"3544\" data-end=\"3722\">\n<p data-start=\"3546\" data-end=\"3722\"><strong data-start=\"3546\" data-end=\"3574\">Shampooing Douche 30ml :<\/strong> gel douche et shampooing 2-en-1 rafra\u00eechissant, nettoie efficacement la peau et les cheveux tout en apportant une sensation durable de fra\u00eecheur.<\/p>\n<\/li>\n<li data-start=\"3723\" data-end=\"3868\">\n<p data-start=\"3725\" data-end=\"3868\"><strong data-start=\"3725\" data-end=\"3750\">Gel \u00c9nergisant 12ml :<\/strong> gel l\u00e9ger et \u00e0 absorption rapide, hydrate, revitalise et prot\u00e8ge la peau contre les signes de fatigue et de stress.<\/p>\n<\/li>\n<\/ul>\n<p data-start=\"3870\" data-end=\"4023\">Id\u00e9al pour l\u2019homme moderne \u00e0 la recherche de <strong data-start=\"3915\" data-end=\"3953\">performance, praticit\u00e9 et \u00e9l\u00e9gance<\/strong>, ce coffret est parfait pour l\u2019usage quotidien ou les d\u00e9placements.<\/p>\n<p data-start=\"4025\" data-end=\"4166\">Gr\u00e2ce \u00e0 son <strong data-start=\"4037\" data-end=\"4055\">format compact<\/strong>, le <strong data-start=\"4060\" data-end=\"4079\">Clarins Men Set<\/strong> est une <strong data-start=\"4088\" data-end=\"4114\">excellente id\u00e9e cadeau<\/strong> ou une belle introduction \u00e0 la gamme Clarins Men.<\/p>\n<p data-start=\"4168\" data-end=\"4283\">\u2728 <strong data-start=\"4170\" data-end=\"4189\">Clarins Men Set<\/strong> \u2013 Le soin essentiel pour une peau propre, fra\u00eeche et revitalis\u00e9e, avec l\u2019expertise Clarins.<\/p>\n<p data-start=\"1357\" data-end=\"1507\">Follow us! <a href=\"https:\/\/www.instagram.com\/freeshopswiss\/\" target=\"_blank\" rel=\"noopener\">@freeshopswiss<\/a><\/p>\n","protected":false},"excerpt":{"rendered":"<p>D\u00e9couvrez le <strong data-start=\"3066\" data-end=\"3085\">Clarins Men Set<\/strong>, une routine de soins compl\u00e8te et efficace, sp\u00e9cialement con\u00e7ue pour les hommes qui souhaitent prendre soin de leur peau et de leur corps simplement et rapidement.<\/p>\n","protected":false},"featured_media":36100,"comment_status":"open","ping_status":"closed","template":"","meta":[],"pwb-brand":[311],"product_brand":[],"product_cat":[89,295,545],"product_tag":[459,464,143,301,591],"class_list":{"0":"post-36104","1":"product","2":"type-product","3":"status-publish","4":"has-post-thumbnail","6":"pwb-brand-clarins","7":"product_cat-pour-lui","8":"product_cat-traitements","9":"product_cat-soin-du-visage","10":"product_tag-coffret","11":"product_tag-coffret-homme","12":"product_tag-homme","13":"product_tag-soins-du-visage","14":"product_tag-trattamenti-viso-uomo-fr","16":"first","17":"instock","18":"sale","19":"taxable","20":"shipping-taxable","21":"purchasable","22":"product-type-simple"},"brands":[{"id":311,"name":"Clarins","slug":"clarins"}],"_links":{"self":[{"href":"https:\/\/www.freeshopfrontiera.ch\/fr\/wp-json\/wp\/v2\/product\/36104","targetHints":{"allow":["GET"]}}],"collection":[{"href":"https:\/\/www.freeshopfrontiera.ch\/fr\/wp-json\/wp\/v2\/product"}],"about":[{"href":"https:\/\/www.freeshopfrontiera.ch\/fr\/wp-json\/wp\/v2\/types\/product"}],"replies":[{"embeddable":true,"href":"https:\/\/www.freeshopfrontiera.ch\/fr\/wp-json\/wp\/v2\/comments?post=36104"}],"version-history":[{"count":1,"href":"https:\/\/www.freeshopfrontiera.ch\/fr\/wp-json\/wp\/v2\/product\/36104\/revisions"}],"predecessor-version":[{"id":36108,"href":"https:\/\/www.freeshopfrontiera.ch\/fr\/wp-json\/wp\/v2\/product\/36104\/revisions\/36108"}],"wp:featuredmedia":[{"embeddable":true,"href":"https:\/\/www.freeshopfrontiera.ch\/fr\/wp-json\/wp\/v2\/media\/36100"}],"wp:attachment":[{"href":"https:\/\/www.freeshopfrontiera.ch\/fr\/wp-json\/wp\/v2\/media?parent=36104"}],"wp:term":[{"taxonomy":"pwb-brand","embeddable":true,"href":"https:\/\/www.freeshopfrontiera.ch\/fr\/wp-json\/wp\/v2\/pwb-brand?post=36104"},{"taxonomy":"product_brand","embeddable":true,"href":"https:\/\/www.freeshopfrontiera.ch\/fr\/wp-json\/wp\/v2\/product_brand?post=36104"},{"taxonomy":"product_cat","embeddable":true,"href":"https:\/\/www.freeshopfrontiera.ch\/fr\/wp-json\/wp\/v2\/product_cat?post=36104"},{"taxonomy":"product_tag","embeddable":true,"href":"https:\/\/www.freeshopfrontiera.ch\/fr\/wp-json\/wp\/v2\/product_tag?post=36104"}],"curies":[{"name":"wp","href":"https:\/\/api.w.org\/{rel}","templated":true}]}}