{"id":36175,"date":"2025-10-20T14:05:39","date_gmt":"2025-10-20T14:05:39","guid":{"rendered":"https:\/\/www.freeshopfrontiera.ch\/shop\/emporio-armani-set-stronger-with-you-intensely-2\/"},"modified":"2025-10-20T14:37:40","modified_gmt":"2025-10-20T14:37:40","slug":"emporio-armani-set-stronger-with-you-intensely-2","status":"publish","type":"product","link":"https:\/\/www.freeshopfrontiera.ch\/fr\/shop\/emporio-armani-set-stronger-with-you-intensely-2\/","title":{"rendered":"Emporio Armani Set Stronger With You Intensely"},"content":{"rendered":"<h2 data-start=\"1592\" data-end=\"1704\"><strong data-start=\"1600\" data-end=\"1704\">Emporio Armani Coffret Stronger With You Intensely Eau de Parfum 50 ml + Gel Douche 75 ml<\/strong><\/h2>\n<p data-start=\"1706\" data-end=\"2002\">D\u00e9couvrez l\u2019essence de l\u2019\u00e9l\u00e9gance masculine avec le <strong data-start=\"1758\" data-end=\"1812\">coffret Emporio Armani Stronger With You Intensely<\/strong>, un duo raffin\u00e9 compos\u00e9 de l\u2019<strong data-start=\"1842\" data-end=\"1865\">Eau de Parfum 50 ml<\/strong> et du <strong data-start=\"1872\" data-end=\"1892\">Gel Douche 75 ml<\/strong>. L\u2019association parfaite pour l\u2019homme moderne, confiant et passionn\u00e9, qui vit chaque instant avec intensit\u00e9.<\/p>\n<p data-start=\"2004\" data-end=\"2490\">L\u2019<strong data-start=\"2006\" data-end=\"2051\">Eau de Parfum Stronger With You Intensely<\/strong> d\u00e9voile un parfum chaud, sensuel et envo\u00fbtant. Les notes de t\u00eate \u00e9pic\u00e9es de <strong data-start=\"2128\" data-end=\"2159\">cardamome et de poivre rose<\/strong> r\u00e9v\u00e8lent une personnalit\u00e9 audacieuse et contemporaine, tandis que le c\u0153ur de <strong data-start=\"2237\" data-end=\"2271\">vanille bourbon et de cannelle<\/strong> apporte profondeur et douceur. Les notes de fond de <strong data-start=\"2324\" data-end=\"2361\">bois de c\u00e8dre, d\u2019ambre et de musc<\/strong> compl\u00e8tent la composition avec \u00e9l\u00e9gance et persistance. Un parfum qui exprime la force des \u00e9motions et la passion authentique.<\/p>\n<p data-start=\"2492\" data-end=\"2717\">Le <strong data-start=\"2495\" data-end=\"2515\">Gel Douche 75 ml<\/strong> compl\u00e8te le rituel avec douceur, enveloppant la peau du m\u00eame sillage raffin\u00e9. Sa formule nettoie d\u00e9licatement et laisse une agr\u00e9able sensation de fra\u00eecheur et de bien-\u00eatre tout au long de la journ\u00e9e.<\/p>\n<p data-start=\"2719\" data-end=\"3034\">Pr\u00e9sent\u00e9 dans un \u00e9crin \u00e9l\u00e9gant et sophistiqu\u00e9, le <strong data-start=\"2769\" data-end=\"2823\">coffret Emporio Armani Stronger With You Intensely<\/strong> est le cadeau id\u00e9al pour les grandes occasions ou pour se faire plaisir. Symbole d\u2019amour, d\u2019\u00e9nergie et de s\u00e9duction, il c\u00e9l\u00e8bre l\u2019\u00e9quilibre entre force et tendresse \u2013 une exp\u00e9rience inoubliable sign\u00e9e Armani.<\/p>\n<p data-start=\"1374\" data-end=\"1709\">Follow us! <a href=\"https:\/\/www.instagram.com\/freeshopswiss\/\" target=\"_blank\" rel=\"noopener\">@freeshopswiss<\/a><\/p>\n","protected":false},"excerpt":{"rendered":"<p>D\u00e9couvrez l\u2019essence de l\u2019\u00e9l\u00e9gance masculine avec le <strong data-start=\"1758\" data-end=\"1812\">coffret Emporio Armani Stronger With You Intensely<\/strong>, un duo raffin\u00e9 compos\u00e9 de l\u2019<strong data-start=\"1842\" data-end=\"1865\">Eau de Parfum 50 ml<\/strong> et du <strong data-start=\"1872\" data-end=\"1892\">Gel Douche 75 ml<\/strong>.<\/p>\n","protected":false},"featured_media":36171,"comment_status":"open","ping_status":"closed","template":"","meta":[],"pwb-brand":[263],"product_brand":[],"product_cat":[89,484],"product_tag":[459,464,252,143,97],"class_list":{"0":"post-36175","1":"product","2":"type-product","3":"status-publish","4":"has-post-thumbnail","6":"pwb-brand-giorgio-armani","7":"product_cat-pour-lui","8":"product_cat-coffret","9":"product_tag-coffret","10":"product_tag-coffret-homme","11":"product_tag-eau-de-parfum-fr","12":"product_tag-homme","13":"product_tag-parfums","15":"first","16":"outofstock","17":"sale","18":"taxable","19":"shipping-taxable","20":"purchasable","21":"product-type-simple"},"brands":[{"id":263,"name":"Giorgio Armani","slug":"giorgio-armani"}],"_links":{"self":[{"href":"https:\/\/www.freeshopfrontiera.ch\/fr\/wp-json\/wp\/v2\/product\/36175","targetHints":{"allow":["GET"]}}],"collection":[{"href":"https:\/\/www.freeshopfrontiera.ch\/fr\/wp-json\/wp\/v2\/product"}],"about":[{"href":"https:\/\/www.freeshopfrontiera.ch\/fr\/wp-json\/wp\/v2\/types\/product"}],"replies":[{"embeddable":true,"href":"https:\/\/www.freeshopfrontiera.ch\/fr\/wp-json\/wp\/v2\/comments?post=36175"}],"version-history":[{"count":1,"href":"https:\/\/www.freeshopfrontiera.ch\/fr\/wp-json\/wp\/v2\/product\/36175\/revisions"}],"predecessor-version":[{"id":36179,"href":"https:\/\/www.freeshopfrontiera.ch\/fr\/wp-json\/wp\/v2\/product\/36175\/revisions\/36179"}],"wp:featuredmedia":[{"embeddable":true,"href":"https:\/\/www.freeshopfrontiera.ch\/fr\/wp-json\/wp\/v2\/media\/36171"}],"wp:attachment":[{"href":"https:\/\/www.freeshopfrontiera.ch\/fr\/wp-json\/wp\/v2\/media?parent=36175"}],"wp:term":[{"taxonomy":"pwb-brand","embeddable":true,"href":"https:\/\/www.freeshopfrontiera.ch\/fr\/wp-json\/wp\/v2\/pwb-brand?post=36175"},{"taxonomy":"product_brand","embeddable":true,"href":"https:\/\/www.freeshopfrontiera.ch\/fr\/wp-json\/wp\/v2\/product_brand?post=36175"},{"taxonomy":"product_cat","embeddable":true,"href":"https:\/\/www.freeshopfrontiera.ch\/fr\/wp-json\/wp\/v2\/product_cat?post=36175"},{"taxonomy":"product_tag","embeddable":true,"href":"https:\/\/www.freeshopfrontiera.ch\/fr\/wp-json\/wp\/v2\/product_tag?post=36175"}],"curies":[{"name":"wp","href":"https:\/\/api.w.org\/{rel}","templated":true}]}}