{"id":36194,"date":"2025-10-20T14:52:46","date_gmt":"2025-10-20T14:52:46","guid":{"rendered":"https:\/\/www.freeshopfrontiera.ch\/shop\/estee-lauder-set-blockbuster-2025\/"},"modified":"2025-10-21T07:05:56","modified_gmt":"2025-10-21T07:05:56","slug":"estee-lauder-set-blockbuster-2025","status":"publish","type":"product","link":"https:\/\/www.freeshopfrontiera.ch\/fr\/shop\/estee-lauder-set-blockbuster-2025\/","title":{"rendered":"ESTEE LAUDER SET Blockbuster 2025"},"content":{"rendered":"<p data-start=\"0\" data-end=\"216\">Le Blockbuster Set Est\u00e9e Lauder 2025 est une collection raffin\u00e9e qui r\u00e9unit le meilleur du soin de la peau et du maquillage en \u00e9dition limit\u00e9e, pr\u00e9sent\u00e9e dans une somptueuse trousse au design \u00e9l\u00e9gant et intemporel.<\/p>\n<p data-start=\"218\" data-end=\"575\">\u00c0 l\u2019int\u00e9rieur, vous trouverez les produits incontournables de la maison : le c\u00e9l\u00e8bre <strong data-start=\"303\" data-end=\"334\">Advanced Night Repair Serum<\/strong>, l\u2019iconique <strong data-start=\"347\" data-end=\"399\">Advanced Night Repair Eye Supercharged Gel-Creme<\/strong>, la <strong data-start=\"404\" data-end=\"447\">Revitalizing Supreme+ Youth Power Creme<\/strong> et la <strong data-start=\"454\" data-end=\"498\">Re-Nutriv Intensive Smoothing Hand Creme<\/strong>, pour une routine visage compl\u00e8te, r\u00e9g\u00e9n\u00e9rante et profond\u00e9ment hydratante.<\/p>\n<p data-start=\"577\" data-end=\"869\">Pour parfaire le tout, une s\u00e9lection exclusive de maquillage raffin\u00e9 : une <strong data-start=\"652\" data-end=\"677\">palette pour les yeux<\/strong> aux teintes polyvalentes, <strong data-start=\"704\" data-end=\"736\">deux rouges \u00e0 l\u00e8vres cr\u00e9meux<\/strong>, un <strong data-start=\"741\" data-end=\"759\">gloss brillant<\/strong>, un <strong data-start=\"764\" data-end=\"793\">blush stick multifonction<\/strong> et le <strong data-start=\"800\" data-end=\"829\">mascara Sumptuous Extreme<\/strong>, pour un regard intense et s\u00e9duisant.<\/p>\n<p data-start=\"871\" data-end=\"1110\">Parfait pour le soin quotidien de la peau et pour cr\u00e9er des looks \u00e9l\u00e9gants et lumineux pendant les f\u00eates ou les occasions sp\u00e9ciales, ce coffret repr\u00e9sente le cadeau id\u00e9al pour celles et ceux qui souhaitent s\u2019offrir un moment de pur luxe.<\/p>\n<p data-start=\"1112\" data-end=\"1261\" data-is-last-node=\"\" data-is-only-node=\"\">Le tout est pr\u00e9sent\u00e9 dans une <strong data-start=\"1142\" data-end=\"1160\">trousse \u00e0 pois<\/strong>, confectionn\u00e9e avec des mat\u00e9riaux de haute qualit\u00e9, symbole de l\u2019inimitable \u00e9l\u00e9gance d\u2019Est\u00e9e Lauder.<\/p>\n<p data-start=\"1094\" data-end=\"1470\">Follow us! <a href=\"https:\/\/www.instagram.com\/freeshopswiss\/\" target=\"_blank\" rel=\"noopener\">@freeshopswiss<\/a><\/p>\n","protected":false},"excerpt":{"rendered":"<p>Le Blockbuster Set Est\u00e9e Lauder 2025 est une collection raffin\u00e9e qui r\u00e9unit le meilleur du soin de la peau et du maquillage en \u00e9dition limit\u00e9e, pr\u00e9sent\u00e9e dans une somptueuse trousse au design \u00e9l\u00e9gant et intemporel.<\/p>\n","protected":false},"featured_media":36190,"comment_status":"open","ping_status":"closed","template":"","meta":[],"pwb-brand":[2879],"product_brand":[],"product_cat":[109,484],"product_tag":[459,461,296,477,587,471,474],"class_list":{"0":"post-36194","1":"product","2":"type-product","3":"status-publish","4":"has-post-thumbnail","6":"pwb-brand-estee-lauder","7":"product_cat-pour-elle","8":"product_cat-coffret","9":"product_tag-coffret","10":"product_tag-coffrets-femme","11":"product_tag-femme","12":"product_tag-maquillage","13":"product_tag-maquillage-des-levres-fr","14":"product_tag-maquillage-des-yeux","15":"product_tag-maquillage-du-visage","17":"first","18":"outofstock","19":"sale","20":"taxable","21":"shipping-taxable","22":"purchasable","23":"product-type-simple"},"brands":[{"id":2879,"name":"Estee Lauder","slug":"estee-lauder"}],"_links":{"self":[{"href":"https:\/\/www.freeshopfrontiera.ch\/fr\/wp-json\/wp\/v2\/product\/36194","targetHints":{"allow":["GET"]}}],"collection":[{"href":"https:\/\/www.freeshopfrontiera.ch\/fr\/wp-json\/wp\/v2\/product"}],"about":[{"href":"https:\/\/www.freeshopfrontiera.ch\/fr\/wp-json\/wp\/v2\/types\/product"}],"replies":[{"embeddable":true,"href":"https:\/\/www.freeshopfrontiera.ch\/fr\/wp-json\/wp\/v2\/comments?post=36194"}],"version-history":[{"count":2,"href":"https:\/\/www.freeshopfrontiera.ch\/fr\/wp-json\/wp\/v2\/product\/36194\/revisions"}],"predecessor-version":[{"id":36200,"href":"https:\/\/www.freeshopfrontiera.ch\/fr\/wp-json\/wp\/v2\/product\/36194\/revisions\/36200"}],"wp:featuredmedia":[{"embeddable":true,"href":"https:\/\/www.freeshopfrontiera.ch\/fr\/wp-json\/wp\/v2\/media\/36190"}],"wp:attachment":[{"href":"https:\/\/www.freeshopfrontiera.ch\/fr\/wp-json\/wp\/v2\/media?parent=36194"}],"wp:term":[{"taxonomy":"pwb-brand","embeddable":true,"href":"https:\/\/www.freeshopfrontiera.ch\/fr\/wp-json\/wp\/v2\/pwb-brand?post=36194"},{"taxonomy":"product_brand","embeddable":true,"href":"https:\/\/www.freeshopfrontiera.ch\/fr\/wp-json\/wp\/v2\/product_brand?post=36194"},{"taxonomy":"product_cat","embeddable":true,"href":"https:\/\/www.freeshopfrontiera.ch\/fr\/wp-json\/wp\/v2\/product_cat?post=36194"},{"taxonomy":"product_tag","embeddable":true,"href":"https:\/\/www.freeshopfrontiera.ch\/fr\/wp-json\/wp\/v2\/product_tag?post=36194"}],"curies":[{"name":"wp","href":"https:\/\/api.w.org\/{rel}","templated":true}]}}