{"id":36229,"date":"2025-10-21T08:26:07","date_gmt":"2025-10-21T08:26:07","guid":{"rendered":"https:\/\/www.freeshopfrontiera.ch\/shop\/givenchy-set-irresistible\/"},"modified":"2025-10-21T08:44:37","modified_gmt":"2025-10-21T08:44:37","slug":"givenchy-set-irresistible","status":"publish","type":"product","link":"https:\/\/www.freeshopfrontiera.ch\/fr\/shop\/givenchy-set-irresistible\/","title":{"rendered":"GIVENCHY SET Irresistible"},"content":{"rendered":"<p data-start=\"2955\" data-end=\"3233\">Laissez-vous s\u00e9duire par le charme magn\u00e9tique du <strong data-start=\"3004\" data-end=\"3051\">coffret GIVENCHY Irresistible Eau de Parfum<\/strong>, un ensemble raffin\u00e9 qui c\u00e9l\u00e8bre la joie de vivre et la spontan\u00e9it\u00e9 f\u00e9minine. Un parfum qui invite \u00e0 l\u00e2cher prise, \u00e0 suivre ses instincts et \u00e0 briller avec une \u00e9l\u00e9gance naturelle.<\/p>\n<p data-start=\"3235\" data-end=\"3258\">Le coffret comprend :<\/p>\n<ul data-start=\"3259\" data-end=\"3709\">\n<li data-start=\"3259\" data-end=\"3573\">\n<p data-start=\"3261\" data-end=\"3573\"><strong data-start=\"3261\" data-end=\"3297\">Irresistible Eau de Parfum 50 ml<\/strong> \u2013 Une fragrance lumineuse et p\u00e9tillante, m\u00ealant la <strong data-start=\"3349\" data-end=\"3371\">douceur de la rose<\/strong> \u00e0 la <strong data-start=\"3377\" data-end=\"3404\">fra\u00eecheur du bois blond<\/strong> et \u00e0 une touche fruit\u00e9e de <strong data-start=\"3432\" data-end=\"3449\">poire juteuse<\/strong>. Un \u00e9quilibre parfait entre vitalit\u00e9 et sensualit\u00e9, symbole d\u2019une femme authentique, libre et irr\u00e9sistiblement charmante.<\/p>\n<\/li>\n<li data-start=\"3574\" data-end=\"3709\">\n<p data-start=\"3576\" data-end=\"3709\"><strong data-start=\"3576\" data-end=\"3614\">Irresistible Eau de Parfum 12,5 ml<\/strong> \u2013 Le format voyage, pratique et \u00e9l\u00e9gant, id\u00e9al pour se parfumer \u00e0 tout moment de la journ\u00e9e.<\/p>\n<\/li>\n<\/ul>\n<p data-start=\"3711\" data-end=\"3992\">Pr\u00e9sent\u00e9 dans un \u00e9l\u00e9gant coffret <strong data-start=\"3744\" data-end=\"3756\">Givenchy<\/strong>, cet ensemble est un hommage \u00e0 la f\u00e9minit\u00e9 moderne \u2014 spontan\u00e9e, lumineuse et pleine de vie. Les lignes raffin\u00e9es du flacon et ses nuances ros\u00e9es refl\u00e8tent parfaitement l\u2019\u00e2me du parfum : un \u00e9quilibre harmonieux entre force et douceur.<\/p>\n<p data-start=\"3994\" data-end=\"4128\">Le <strong data-start=\"3997\" data-end=\"4030\">coffret Givenchy Irresistible<\/strong> est le cadeau id\u00e9al ou le plaisir parfait \u00e0 s\u2019offrir pour incarner le charme et l\u2019authenticit\u00e9.<\/p>\n<p data-start=\"4130\" data-end=\"4213\">Une invitation \u00e0 \u00eatre soi-m\u00eame, sans artifice \u2014 tout simplement <strong data-start=\"4194\" data-end=\"4210\">Irresistible<\/strong>.<\/p>\n<p data-start=\"1464\" data-end=\"1541\">Follow us! <a href=\"https:\/\/www.instagram.com\/freeshopswiss\/\" target=\"_blank\" rel=\"noopener\">@freeshopswiss<\/a><\/p>\n","protected":false},"excerpt":{"rendered":"<p>Laissez-vous s\u00e9duire par le charme magn\u00e9tique du <strong data-start=\"3004\" data-end=\"3051\">coffret GIVENCHY Irresistible Eau de Parfum<\/strong>, un ensemble raffin\u00e9 qui c\u00e9l\u00e8bre la joie de vivre et la spontan\u00e9it\u00e9 f\u00e9minine.<\/p>\n","protected":false},"featured_media":36225,"comment_status":"open","ping_status":"closed","template":"","meta":[],"pwb-brand":[2171],"product_brand":[],"product_cat":[87,109,484],"product_tag":[459,461,252,296],"class_list":{"0":"post-36229","1":"product","2":"type-product","3":"status-publish","4":"has-post-thumbnail","6":"pwb-brand-givenchy","7":"product_cat-parfums","8":"product_cat-pour-elle","9":"product_cat-coffret","10":"product_tag-coffret","11":"product_tag-coffrets-femme","12":"product_tag-eau-de-parfum-fr","13":"product_tag-femme","15":"first","16":"outofstock","17":"sale","18":"taxable","19":"shipping-taxable","20":"purchasable","21":"product-type-simple"},"brands":[{"id":2171,"name":"Givenchy","slug":"givenchy"}],"_links":{"self":[{"href":"https:\/\/www.freeshopfrontiera.ch\/fr\/wp-json\/wp\/v2\/product\/36229","targetHints":{"allow":["GET"]}}],"collection":[{"href":"https:\/\/www.freeshopfrontiera.ch\/fr\/wp-json\/wp\/v2\/product"}],"about":[{"href":"https:\/\/www.freeshopfrontiera.ch\/fr\/wp-json\/wp\/v2\/types\/product"}],"replies":[{"embeddable":true,"href":"https:\/\/www.freeshopfrontiera.ch\/fr\/wp-json\/wp\/v2\/comments?post=36229"}],"version-history":[{"count":1,"href":"https:\/\/www.freeshopfrontiera.ch\/fr\/wp-json\/wp\/v2\/product\/36229\/revisions"}],"predecessor-version":[{"id":36235,"href":"https:\/\/www.freeshopfrontiera.ch\/fr\/wp-json\/wp\/v2\/product\/36229\/revisions\/36235"}],"wp:featuredmedia":[{"embeddable":true,"href":"https:\/\/www.freeshopfrontiera.ch\/fr\/wp-json\/wp\/v2\/media\/36225"}],"wp:attachment":[{"href":"https:\/\/www.freeshopfrontiera.ch\/fr\/wp-json\/wp\/v2\/media?parent=36229"}],"wp:term":[{"taxonomy":"pwb-brand","embeddable":true,"href":"https:\/\/www.freeshopfrontiera.ch\/fr\/wp-json\/wp\/v2\/pwb-brand?post=36229"},{"taxonomy":"product_brand","embeddable":true,"href":"https:\/\/www.freeshopfrontiera.ch\/fr\/wp-json\/wp\/v2\/product_brand?post=36229"},{"taxonomy":"product_cat","embeddable":true,"href":"https:\/\/www.freeshopfrontiera.ch\/fr\/wp-json\/wp\/v2\/product_cat?post=36229"},{"taxonomy":"product_tag","embeddable":true,"href":"https:\/\/www.freeshopfrontiera.ch\/fr\/wp-json\/wp\/v2\/product_tag?post=36229"}],"curies":[{"name":"wp","href":"https:\/\/api.w.org\/{rel}","templated":true}]}}