{"id":36243,"date":"2025-10-21T09:00:35","date_gmt":"2025-10-21T09:00:35","guid":{"rendered":"https:\/\/www.freeshopfrontiera.ch\/shop\/yves-saint-laurent-set-myslf\/"},"modified":"2025-10-21T09:03:05","modified_gmt":"2025-10-21T09:03:05","slug":"yves-saint-laurent-set-myslf","status":"publish","type":"product","link":"https:\/\/www.freeshopfrontiera.ch\/fr\/shop\/yves-saint-laurent-set-myslf\/","title":{"rendered":"YVES SAINT LAURENT SET MYSLF"},"content":{"rendered":"<p data-start=\"2916\" data-end=\"3130\">D\u00e9couvrez la nouvelle expression de la masculinit\u00e9 moderne avec le <strong data-start=\"2983\" data-end=\"3029\">coffret YVES SAINT LAURENT MYSLF Le Parfum<\/strong>, une \u00e9dition exclusive incarnant l\u2019essence de l\u2019homme authentique, audacieux et fid\u00e8le \u00e0 lui-m\u00eame.<\/p>\n<p data-start=\"3132\" data-end=\"3155\">Le coffret comprend :<\/p>\n<ul data-start=\"3156\" data-end=\"3873\">\n<li data-start=\"3156\" data-end=\"3664\">\n<p data-start=\"3158\" data-end=\"3664\"><strong data-start=\"3158\" data-end=\"3183\">MYSLF Le Parfum 60 ml<\/strong> \u2013 Une r\u00e9interpr\u00e9tation intense et sophistiqu\u00e9e du parfum original. MYSLF Le Parfum se distingue par son parfait \u00e9quilibre entre <strong data-start=\"3312\" data-end=\"3334\">fra\u00eecheur vibrante<\/strong> et <strong data-start=\"3338\" data-end=\"3359\">profondeur bois\u00e9e<\/strong>. Les notes de <strong data-start=\"3374\" data-end=\"3398\">bergamote de Calabre<\/strong> ouvrent la composition avec \u00e9nergie et luminosit\u00e9, tandis que le c\u0153ur de <strong data-start=\"3472\" data-end=\"3502\">fleur d\u2019oranger tunisienne<\/strong> r\u00e9v\u00e8le une sensualit\u00e9 \u00e9l\u00e9gante et raffin\u00e9e. La base, domin\u00e9e par <strong data-start=\"3568\" data-end=\"3596\">bois ambr\u00e9s et patchouli<\/strong>, laisse un sillage chaud, persistant et irr\u00e9sistiblement moderne.<\/p>\n<\/li>\n<li data-start=\"3665\" data-end=\"3873\">\n<p data-start=\"3667\" data-end=\"3873\"><strong data-start=\"3667\" data-end=\"3708\">MYSLF Eau de Parfum Travel Size 10 ml<\/strong> \u2013 La version voyage, parfaite pour l\u2019emporter partout, id\u00e9ale pour des retouches discr\u00e8tes au cours de la journ\u00e9e ou pour conserver l\u2019\u00e9l\u00e9gance YSL en d\u00e9placement.<\/p>\n<\/li>\n<\/ul>\n<p data-start=\"3875\" data-end=\"4029\">Pr\u00e9sent\u00e9 dans un \u00e9l\u00e9gant coffret noir <strong data-start=\"3913\" data-end=\"3935\">Yves Saint Laurent<\/strong>, ce set repr\u00e9sente l\u2019\u00e9quilibre parfait entre <strong data-start=\"3981\" data-end=\"4026\">force, authenticit\u00e9 et style contemporain<\/strong>.<\/p>\n<p data-start=\"4031\" data-end=\"4239\">Un cadeau id\u00e9al pour l\u2019homme qui se conna\u00eet et exprime sa personnalit\u00e9 avec confiance et naturel. Avec <strong data-start=\"4134\" data-end=\"4153\">MYSLF Le Parfum<\/strong>, YSL red\u00e9finit l\u2019\u00e9l\u00e9gance masculine : puissante, libre et profond\u00e9ment personnelle.<\/p>\n<p data-start=\"1340\" data-end=\"1564\">Follow us! <a href=\"https:\/\/www.instagram.com\/freeshopswiss\/\" target=\"_blank\" rel=\"noopener\">@freeshopswiss<\/a><\/p>\n","protected":false},"excerpt":{"rendered":"<p>D\u00e9couvrez la nouvelle expression de la masculinit\u00e9 moderne avec le <strong data-start=\"2983\" data-end=\"3029\">coffret YVES SAINT LAURENT MYSLF Le Parfum<\/strong>, une \u00e9dition exclusive incarnant l\u2019essence de l\u2019homme authentique, audacieux et fid\u00e8le \u00e0 lui-m\u00eame.<\/p>\n","protected":false},"featured_media":36239,"comment_status":"open","ping_status":"closed","template":"","meta":[],"pwb-brand":[268],"product_brand":[],"product_cat":[87,89,484],"product_tag":[459,464],"class_list":{"0":"post-36243","1":"product","2":"type-product","3":"status-publish","4":"has-post-thumbnail","6":"pwb-brand-yves-saint-laurent","7":"product_cat-parfums","8":"product_cat-pour-lui","9":"product_cat-coffret","10":"product_tag-coffret","11":"product_tag-coffret-homme","13":"first","14":"outofstock","15":"sale","16":"taxable","17":"shipping-taxable","18":"purchasable","19":"product-type-simple"},"brands":[{"id":268,"name":"Yves Saint Laurent","slug":"yves-saint-laurent"}],"_links":{"self":[{"href":"https:\/\/www.freeshopfrontiera.ch\/fr\/wp-json\/wp\/v2\/product\/36243","targetHints":{"allow":["GET"]}}],"collection":[{"href":"https:\/\/www.freeshopfrontiera.ch\/fr\/wp-json\/wp\/v2\/product"}],"about":[{"href":"https:\/\/www.freeshopfrontiera.ch\/fr\/wp-json\/wp\/v2\/types\/product"}],"replies":[{"embeddable":true,"href":"https:\/\/www.freeshopfrontiera.ch\/fr\/wp-json\/wp\/v2\/comments?post=36243"}],"version-history":[{"count":1,"href":"https:\/\/www.freeshopfrontiera.ch\/fr\/wp-json\/wp\/v2\/product\/36243\/revisions"}],"predecessor-version":[{"id":36246,"href":"https:\/\/www.freeshopfrontiera.ch\/fr\/wp-json\/wp\/v2\/product\/36243\/revisions\/36246"}],"wp:featuredmedia":[{"embeddable":true,"href":"https:\/\/www.freeshopfrontiera.ch\/fr\/wp-json\/wp\/v2\/media\/36239"}],"wp:attachment":[{"href":"https:\/\/www.freeshopfrontiera.ch\/fr\/wp-json\/wp\/v2\/media?parent=36243"}],"wp:term":[{"taxonomy":"pwb-brand","embeddable":true,"href":"https:\/\/www.freeshopfrontiera.ch\/fr\/wp-json\/wp\/v2\/pwb-brand?post=36243"},{"taxonomy":"product_brand","embeddable":true,"href":"https:\/\/www.freeshopfrontiera.ch\/fr\/wp-json\/wp\/v2\/product_brand?post=36243"},{"taxonomy":"product_cat","embeddable":true,"href":"https:\/\/www.freeshopfrontiera.ch\/fr\/wp-json\/wp\/v2\/product_cat?post=36243"},{"taxonomy":"product_tag","embeddable":true,"href":"https:\/\/www.freeshopfrontiera.ch\/fr\/wp-json\/wp\/v2\/product_tag?post=36243"}],"curies":[{"name":"wp","href":"https:\/\/api.w.org\/{rel}","templated":true}]}}