{"id":36256,"date":"2025-10-21T09:17:16","date_gmt":"2025-10-21T09:17:16","guid":{"rendered":"https:\/\/www.freeshopfrontiera.ch\/shop\/yves-saint-laurent-set-libre\/"},"modified":"2025-10-21T09:21:51","modified_gmt":"2025-10-21T09:21:51","slug":"yves-saint-laurent-set-libre","status":"publish","type":"product","link":"https:\/\/www.freeshopfrontiera.ch\/fr\/shop\/yves-saint-laurent-set-libre\/","title":{"rendered":"YVES SAINT LAURENT SET Libre"},"content":{"rendered":"<p data-start=\"3211\" data-end=\"3414\">C\u00e9l\u00e9brez la libert\u00e9 et la f\u00e9minit\u00e9 contemporaine avec le <strong data-start=\"3268\" data-end=\"3318\">coffret YVES SAINT LAURENT Libre Eau de Parfum<\/strong>, une \u00e9dition exclusive qui associe une fragrance iconique \u00e0 une touche de maquillage glamour.<\/p>\n<p data-start=\"3416\" data-end=\"3439\">Le coffret comprend :<\/p>\n<ul data-start=\"3440\" data-end=\"4165\">\n<li data-start=\"3440\" data-end=\"3748\">\n<p data-start=\"3442\" data-end=\"3748\"><strong data-start=\"3442\" data-end=\"3471\">Libre Eau de Parfum 50 ml<\/strong> \u2013 Un parfum audacieux et sophistiqu\u00e9 alliant <strong data-start=\"3517\" data-end=\"3538\">lavande fran\u00e7aise<\/strong> \u00e0 la <strong data-start=\"3544\" data-end=\"3573\">fleur d\u2019oranger marocaine<\/strong> et des notes sensuelles de <strong data-start=\"3601\" data-end=\"3620\">vanille et musc<\/strong>. Une fragrance qui incarne force, \u00e9l\u00e9gance et ind\u00e9pendance, parfaite pour la femme moderne qui vit sa libert\u00e9 sans compromis.<\/p>\n<\/li>\n<li data-start=\"3749\" data-end=\"3925\">\n<p data-start=\"3751\" data-end=\"3925\"><strong data-start=\"3751\" data-end=\"3785\">Libre Eau de Parfum Mini 10 ml<\/strong> \u2013 La version voyage, pratique et raffin\u00e9e, id\u00e9ale pour emporter le parfum partout et le raviver au cours de la journ\u00e9e ou en d\u00e9placement.<\/p>\n<\/li>\n<li data-start=\"3926\" data-end=\"4165\">\n<p data-start=\"3928\" data-end=\"4165\"><strong data-start=\"3928\" data-end=\"3955\">Mini Mascara Lash Clash<\/strong> \u2013 Pour compl\u00e9ter le look, une version mini du c\u00e9l\u00e8bre mascara YSL offrant <strong data-start=\"4030\" data-end=\"4048\">volume extr\u00eame<\/strong>, <strong data-start=\"4050\" data-end=\"4070\">longueur intense<\/strong> et un regard magn\u00e9tique, parfait pour les occasions sp\u00e9ciales ou les retouches quotidiennes.<\/p>\n<\/li>\n<\/ul>\n<p data-start=\"4167\" data-end=\"4388\">Pr\u00e9sent\u00e9 dans un \u00e9l\u00e9gant coffret <strong data-start=\"4200\" data-end=\"4222\">Yves Saint Laurent<\/strong>, ce set est un v\u00e9ritable objet de d\u00e9sir, combinant <strong data-start=\"4274\" data-end=\"4298\">parfum et maquillage<\/strong> pour une exp\u00e9rience de luxe compl\u00e8te, c\u00e9l\u00e9brant la f\u00e9minit\u00e9 dans toutes ses dimensions.<\/p>\n<p data-start=\"4390\" data-end=\"4570\">Parfait comme <strong data-start=\"4404\" data-end=\"4419\">id\u00e9e cadeau<\/strong> pour celles qui souhaitent exprimer \u00e9l\u00e9gance, audace et libert\u00e9, le <strong data-start=\"4488\" data-end=\"4505\">coffret Libre<\/strong> transforme chaque moment en un geste de style et de confiance.<\/p>\n<p data-start=\"4572\" data-end=\"4669\">Un cadeau pr\u00e9cieux pour la femme qui aime se d\u00e9marquer avec charme, sensualit\u00e9 et authenticit\u00e9.<\/p>\n<p data-start=\"1568\" data-end=\"1660\">Follow us! <a href=\"https:\/\/www.instagram.com\/freeshopswiss\/\" target=\"_blank\" rel=\"noopener\">@freeshopswiss<\/a><\/p>\n","protected":false},"excerpt":{"rendered":"<p>C\u00e9l\u00e9brez la libert\u00e9 et la f\u00e9minit\u00e9 contemporaine avec le <strong data-start=\"3268\" data-end=\"3318\">coffret YVES SAINT LAURENT Libre Eau de Parfum<\/strong>, une \u00e9dition exclusive qui associe une fragrance iconique \u00e0 une touche de maquillage glamour.<\/p>\n","protected":false},"featured_media":36252,"comment_status":"open","ping_status":"closed","template":"","meta":[],"pwb-brand":[268],"product_brand":[],"product_cat":[87,109,484],"product_tag":[459,461,296,97],"class_list":{"0":"post-36256","1":"product","2":"type-product","3":"status-publish","4":"has-post-thumbnail","6":"pwb-brand-yves-saint-laurent","7":"product_cat-parfums","8":"product_cat-pour-elle","9":"product_cat-coffret","10":"product_tag-coffret","11":"product_tag-coffrets-femme","12":"product_tag-femme","13":"product_tag-parfums","15":"first","16":"outofstock","17":"sale","18":"taxable","19":"shipping-taxable","20":"purchasable","21":"product-type-simple"},"brands":[{"id":268,"name":"Yves Saint Laurent","slug":"yves-saint-laurent"}],"_links":{"self":[{"href":"https:\/\/www.freeshopfrontiera.ch\/fr\/wp-json\/wp\/v2\/product\/36256","targetHints":{"allow":["GET"]}}],"collection":[{"href":"https:\/\/www.freeshopfrontiera.ch\/fr\/wp-json\/wp\/v2\/product"}],"about":[{"href":"https:\/\/www.freeshopfrontiera.ch\/fr\/wp-json\/wp\/v2\/types\/product"}],"replies":[{"embeddable":true,"href":"https:\/\/www.freeshopfrontiera.ch\/fr\/wp-json\/wp\/v2\/comments?post=36256"}],"version-history":[{"count":1,"href":"https:\/\/www.freeshopfrontiera.ch\/fr\/wp-json\/wp\/v2\/product\/36256\/revisions"}],"predecessor-version":[{"id":36260,"href":"https:\/\/www.freeshopfrontiera.ch\/fr\/wp-json\/wp\/v2\/product\/36256\/revisions\/36260"}],"wp:featuredmedia":[{"embeddable":true,"href":"https:\/\/www.freeshopfrontiera.ch\/fr\/wp-json\/wp\/v2\/media\/36252"}],"wp:attachment":[{"href":"https:\/\/www.freeshopfrontiera.ch\/fr\/wp-json\/wp\/v2\/media?parent=36256"}],"wp:term":[{"taxonomy":"pwb-brand","embeddable":true,"href":"https:\/\/www.freeshopfrontiera.ch\/fr\/wp-json\/wp\/v2\/pwb-brand?post=36256"},{"taxonomy":"product_brand","embeddable":true,"href":"https:\/\/www.freeshopfrontiera.ch\/fr\/wp-json\/wp\/v2\/product_brand?post=36256"},{"taxonomy":"product_cat","embeddable":true,"href":"https:\/\/www.freeshopfrontiera.ch\/fr\/wp-json\/wp\/v2\/product_cat?post=36256"},{"taxonomy":"product_tag","embeddable":true,"href":"https:\/\/www.freeshopfrontiera.ch\/fr\/wp-json\/wp\/v2\/product_tag?post=36256"}],"curies":[{"name":"wp","href":"https:\/\/api.w.org\/{rel}","templated":true}]}}