{"id":36290,"date":"2025-10-24T07:14:34","date_gmt":"2025-10-24T07:14:34","guid":{"rendered":"https:\/\/www.freeshopfrontiera.ch\/shop\/narciso-rodriguez-for-her-musc-noir-rose-eau-de-parfum\/"},"modified":"2025-10-24T07:20:52","modified_gmt":"2025-10-24T07:20:52","slug":"narciso-rodriguez-for-her-musc-noir-rose-eau-de-parfum","status":"publish","type":"product","link":"https:\/\/www.freeshopfrontiera.ch\/fr\/shop\/narciso-rodriguez-for-her-musc-noir-rose-eau-de-parfum\/","title":{"rendered":"NARCISO RODRIGUEZ For Her Musc Noir Rose Eau de Parfum"},"content":{"rendered":"<p data-start=\"3698\" data-end=\"3769\"><strong data-start=\"3698\" data-end=\"3767\">Narciso Rodriguez For Her Musc Noir Rose Eau de Parfum<\/strong><\/p>\n<p data-start=\"3771\" data-end=\"4080\">D\u00e9couvrez <strong data-start=\"3781\" data-end=\"3839\">Narciso Rodriguez For Her Musc Noir Rose Eau de Parfum<\/strong>, un parfum raffin\u00e9 et sensuel qui c\u00e9l\u00e8bre une f\u00e9minit\u00e9 authentique et lumineuse. Cette eau de parfum incarne l\u2019\u00e9quilibre parfait entre \u00e9l\u00e9gance, douceur et intensit\u00e9, tout en exprimant la signature intemporelle de Narciso Rodriguez.<\/p>\n<p data-start=\"4082\" data-end=\"4510\">Au c\u0153ur de la fragrance, le <strong data-start=\"4110\" data-end=\"4131\">musc embl\u00e9matique<\/strong> de la collection <em data-start=\"4149\" data-end=\"4158\">For Her<\/em> s\u2019enveloppe d\u2019un bouquet floral d\u00e9licat et sophistiqu\u00e9. <strong data-start=\"4215\" data-end=\"4241\">La bergamote italienne<\/strong> apporte une fra\u00eecheur p\u00e9tillante, tandis que <strong data-start=\"4287\" data-end=\"4317\">la tub\u00e9reuse et la vanille<\/strong> diffusent des notes cr\u00e9meuses et velout\u00e9es, sublimant la sensualit\u00e9 du parfum. En fond, <strong data-start=\"4406\" data-end=\"4433\">le patchouli et l\u2019ambre<\/strong> laissent une empreinte chaude et persistante, irr\u00e9sistiblement envo\u00fbtante.<\/p>\n<p data-start=\"4512\" data-end=\"4734\"><strong data-start=\"4512\" data-end=\"4530\">Musc Noir Rose<\/strong> s\u2019adresse \u00e0 la femme moderne, confiante, romantique et ind\u00e9pendante, qui aime se distinguer avec naturel et \u00e9l\u00e9gance. C\u2019est un parfum intime, lumineux et profond\u00e9ment f\u00e9minin, parfait du matin au soir.<\/p>\n<p data-start=\"4736\" data-end=\"4902\">Le flacon, au design minimaliste et \u00e9pur\u00e9, refl\u00e8te la puret\u00e9 de la marque. Le verre transparent r\u00e9v\u00e8le une teinte ros\u00e9e d\u00e9licate, symbole de gr\u00e2ce et de sensualit\u00e9.<\/p>\n<p data-start=\"4904\" data-end=\"5178\">Choisissez <strong data-start=\"4915\" data-end=\"4979\">Narciso Rodriguez For Her Musc Noir Rose Eau de Parfum <\/strong>et laissez-vous envelopper par un sillage floral et musqu\u00e9 qui magnifie votre f\u00e9minit\u00e9. Un chef-d\u2019\u0153uvre olfactif pour celles qui recherchent un parfum raffin\u00e9, sensuel et irr\u00e9sistiblement \u00e9l\u00e9gant.<\/p>\n<p data-start=\"1521\" data-end=\"1786\">Follow us! <a href=\"https:\/\/www.instagram.com\/freeshopswiss\/\" target=\"_blank\" rel=\"noopener\">@freeshopswiss<\/a><\/p>\n","protected":false},"excerpt":{"rendered":"<p>D\u00e9couvrez <strong data-start=\"3781\" data-end=\"3839\">Narciso Rodriguez For Her Musc Noir Rose Eau de Parfum et laissez-vous envelopper par un sillage floral et musqu\u00e9 qui magnifie votre f\u00e9minit\u00e9.\u00a0<\/strong><\/p>\n","protected":false},"featured_media":36274,"comment_status":"open","ping_status":"closed","template":"","meta":[],"pwb-brand":[284],"product_brand":[],"product_cat":[87,109],"product_tag":[252,296,789,97],"class_list":{"0":"post-36290","1":"product","2":"type-product","3":"status-publish","4":"has-post-thumbnail","6":"pwb-brand-narciso-rodriguez","7":"product_cat-parfums","8":"product_cat-pour-elle","9":"product_tag-eau-de-parfum-fr","10":"product_tag-femme","11":"product_tag-womens-fragrances-fr","12":"product_tag-parfums","14":"first","15":"instock","16":"sale","17":"taxable","18":"shipping-taxable","19":"purchasable","20":"product-type-variable","21":"has-default-attributes"},"brands":[{"id":284,"name":"Narciso Rodriguez","slug":"narciso-rodriguez"}],"_links":{"self":[{"href":"https:\/\/www.freeshopfrontiera.ch\/fr\/wp-json\/wp\/v2\/product\/36290","targetHints":{"allow":["GET"]}}],"collection":[{"href":"https:\/\/www.freeshopfrontiera.ch\/fr\/wp-json\/wp\/v2\/product"}],"about":[{"href":"https:\/\/www.freeshopfrontiera.ch\/fr\/wp-json\/wp\/v2\/types\/product"}],"replies":[{"embeddable":true,"href":"https:\/\/www.freeshopfrontiera.ch\/fr\/wp-json\/wp\/v2\/comments?post=36290"}],"version-history":[{"count":2,"href":"https:\/\/www.freeshopfrontiera.ch\/fr\/wp-json\/wp\/v2\/product\/36290\/revisions"}],"predecessor-version":[{"id":36302,"href":"https:\/\/www.freeshopfrontiera.ch\/fr\/wp-json\/wp\/v2\/product\/36290\/revisions\/36302"}],"wp:featuredmedia":[{"embeddable":true,"href":"https:\/\/www.freeshopfrontiera.ch\/fr\/wp-json\/wp\/v2\/media\/36274"}],"wp:attachment":[{"href":"https:\/\/www.freeshopfrontiera.ch\/fr\/wp-json\/wp\/v2\/media?parent=36290"}],"wp:term":[{"taxonomy":"pwb-brand","embeddable":true,"href":"https:\/\/www.freeshopfrontiera.ch\/fr\/wp-json\/wp\/v2\/pwb-brand?post=36290"},{"taxonomy":"product_brand","embeddable":true,"href":"https:\/\/www.freeshopfrontiera.ch\/fr\/wp-json\/wp\/v2\/product_brand?post=36290"},{"taxonomy":"product_cat","embeddable":true,"href":"https:\/\/www.freeshopfrontiera.ch\/fr\/wp-json\/wp\/v2\/product_cat?post=36290"},{"taxonomy":"product_tag","embeddable":true,"href":"https:\/\/www.freeshopfrontiera.ch\/fr\/wp-json\/wp\/v2\/product_tag?post=36290"}],"curies":[{"name":"wp","href":"https:\/\/api.w.org\/{rel}","templated":true}]}}