{"id":36312,"date":"2025-10-24T07:34:47","date_gmt":"2025-10-24T07:34:47","guid":{"rendered":"https:\/\/www.freeshopfrontiera.ch\/shop\/hugo-boss-boss-bottled-unlimited-100ml\/"},"modified":"2026-04-13T14:43:00","modified_gmt":"2026-04-13T14:43:00","slug":"hugo-boss-boss-bottled-unlimited-100ml","status":"publish","type":"product","link":"https:\/\/www.freeshopfrontiera.ch\/fr\/shop\/hugo-boss-boss-bottled-unlimited-100ml\/","title":{"rendered":"BOSS Boss Bottled Unlimited 100ml"},"content":{"rendered":"<p data-start=\"5341\" data-end=\"5414\"><strong data-start=\"5341\" data-end=\"5412\">BOSS Boss Bottled Unlimited Eau de Toilette Vaporisateur 100ml<\/strong><\/p>\n<p data-start=\"5416\" data-end=\"5675\">D\u00e9couvrez <strong data-start=\"5426\" data-end=\"5468\">Boss Bottled Unlimited Eau de Toilette<\/strong> de <strong data-start=\"5472\" data-end=\"5485\">Hugo Boss<\/strong>, une fragrance masculine fra\u00eeche et dynamique qui c\u00e9l\u00e8bre la libert\u00e9, la confiance et la d\u00e9termination. Ce parfum de 100ml incarne l\u2019homme BOSS moderne : ambitieux, \u00e9l\u00e9gant et s\u00fbr de lui.<\/p>\n<p data-start=\"5677\" data-end=\"6089\">Les <strong data-start=\"5681\" data-end=\"5698\">notes de t\u00eate<\/strong> allient <strong data-start=\"5707\" data-end=\"5717\">menthe<\/strong>, <strong data-start=\"5719\" data-end=\"5735\">pamplemousse<\/strong> et <strong data-start=\"5739\" data-end=\"5763\">feuilles de violette<\/strong>, pour une sensation imm\u00e9diate de vitalit\u00e9 et de fra\u00eecheur. Le <strong data-start=\"5826\" data-end=\"5834\">c\u0153ur<\/strong> d\u00e9voile une alliance \u00e9nergique de <strong data-start=\"5869\" data-end=\"5886\">ananas juteux<\/strong> et <strong data-start=\"5890\" data-end=\"5909\">cannelle chaude<\/strong>, conf\u00e9rant un contraste \u00e0 la fois vif et sensuel. En <strong data-start=\"5963\" data-end=\"5971\">fond<\/strong>, le <strong data-start=\"5976\" data-end=\"5994\">bois de santal<\/strong>, le <strong data-start=\"5999\" data-end=\"6013\">musc blanc<\/strong> et le <strong data-start=\"6020\" data-end=\"6029\">ciste<\/strong> apportent profondeur et intensit\u00e9 pour une tenue durable.<\/p>\n<p data-start=\"6091\" data-end=\"6324\"><strong data-start=\"6091\" data-end=\"6117\">Boss Bottled Unlimited<\/strong> s\u2019adresse \u00e0 l\u2019homme actif, libre et passionn\u00e9, qui vit chaque instant avec force et authenticit\u00e9. Id\u00e9al pour un usage quotidien, il accompagne aussi bien les journ\u00e9es sportives que les moments de d\u00e9tente.<\/p>\n<p data-start=\"6326\" data-end=\"6480\">Le flacon blanc brillant, rehauss\u00e9 de touches vertes, refl\u00e8te la puret\u00e9 et la vitalit\u00e9 du parfum, symbole du style contemporain et raffin\u00e9 de Hugo Boss.<\/p>\n<p data-start=\"6482\" data-end=\"6643\">Choisissez <strong data-start=\"6493\" data-end=\"6551\">Hugo Boss Boss Bottled Unlimited Eau de Toilette 100ml<\/strong> et ressentez une \u00e9nergie illimit\u00e9e, une puissance int\u00e9rieure et un charisme irr\u00e9sistible.<\/p>\n<p data-start=\"1733\" data-end=\"1886\">Follow us! <a href=\"https:\/\/www.instagram.com\/freeshopswiss\/\" target=\"_blank\" rel=\"noopener\">@freeshopswiss<\/a><\/p>\n","protected":false},"excerpt":{"rendered":"<p>D\u00e9couvrez <strong data-start=\"5426\" data-end=\"5468\">Boss Bottled Unlimited Eau de Toilette<\/strong> de <strong data-start=\"5472\" data-end=\"5485\">Hugo Boss<\/strong>, une fragrance masculine fra\u00eeche et dynamique qui c\u00e9l\u00e8bre la libert\u00e9, la confiance et la d\u00e9termination.<\/p>\n","protected":false},"featured_media":36306,"comment_status":"open","ping_status":"closed","template":"","meta":[],"pwb-brand":[260],"product_brand":[],"product_cat":[87,89],"product_tag":[141,1629,143,97],"class_list":{"0":"post-36312","1":"product","2":"type-product","3":"status-publish","4":"has-post-thumbnail","6":"pwb-brand-hugo-boss","7":"product_cat-parfums","8":"product_cat-pour-lui","9":"product_tag-eau-de-toilette-fr","10":"product_tag-mens-fragrances-fr","11":"product_tag-homme","12":"product_tag-parfums","14":"first","15":"instock","16":"sale","17":"taxable","18":"shipping-taxable","19":"purchasable","20":"product-type-simple"},"brands":[{"id":260,"name":"Hugo Boss","slug":"hugo-boss"}],"_links":{"self":[{"href":"https:\/\/www.freeshopfrontiera.ch\/fr\/wp-json\/wp\/v2\/product\/36312","targetHints":{"allow":["GET"]}}],"collection":[{"href":"https:\/\/www.freeshopfrontiera.ch\/fr\/wp-json\/wp\/v2\/product"}],"about":[{"href":"https:\/\/www.freeshopfrontiera.ch\/fr\/wp-json\/wp\/v2\/types\/product"}],"replies":[{"embeddable":true,"href":"https:\/\/www.freeshopfrontiera.ch\/fr\/wp-json\/wp\/v2\/comments?post=36312"}],"version-history":[{"count":3,"href":"https:\/\/www.freeshopfrontiera.ch\/fr\/wp-json\/wp\/v2\/product\/36312\/revisions"}],"predecessor-version":[{"id":42334,"href":"https:\/\/www.freeshopfrontiera.ch\/fr\/wp-json\/wp\/v2\/product\/36312\/revisions\/42334"}],"wp:featuredmedia":[{"embeddable":true,"href":"https:\/\/www.freeshopfrontiera.ch\/fr\/wp-json\/wp\/v2\/media\/36306"}],"wp:attachment":[{"href":"https:\/\/www.freeshopfrontiera.ch\/fr\/wp-json\/wp\/v2\/media?parent=36312"}],"wp:term":[{"taxonomy":"pwb-brand","embeddable":true,"href":"https:\/\/www.freeshopfrontiera.ch\/fr\/wp-json\/wp\/v2\/pwb-brand?post=36312"},{"taxonomy":"product_brand","embeddable":true,"href":"https:\/\/www.freeshopfrontiera.ch\/fr\/wp-json\/wp\/v2\/product_brand?post=36312"},{"taxonomy":"product_cat","embeddable":true,"href":"https:\/\/www.freeshopfrontiera.ch\/fr\/wp-json\/wp\/v2\/product_cat?post=36312"},{"taxonomy":"product_tag","embeddable":true,"href":"https:\/\/www.freeshopfrontiera.ch\/fr\/wp-json\/wp\/v2\/product_tag?post=36312"}],"curies":[{"name":"wp","href":"https:\/\/api.w.org\/{rel}","templated":true}]}}