{"id":36325,"date":"2025-10-24T07:49:37","date_gmt":"2025-10-24T07:49:37","guid":{"rendered":"https:\/\/www.freeshopfrontiera.ch\/shop\/abercrombiefitch-fierce-eau-de-cologne-100ml\/"},"modified":"2025-10-24T07:51:58","modified_gmt":"2025-10-24T07:51:58","slug":"abercrombiefitch-fierce-eau-de-cologne-100ml","status":"publish","type":"product","link":"https:\/\/www.freeshopfrontiera.ch\/fr\/shop\/abercrombiefitch-fierce-eau-de-cologne-100ml\/","title":{"rendered":"ABERCROMBIE&#038;FITCH Fierce Eau de Cologne 100ml"},"content":{"rendered":"<p data-start=\"5286\" data-end=\"5339\"><strong data-start=\"5286\" data-end=\"5337\">Abercrombie &amp; Fitch Fierce Eau de Cologne 100ml<\/strong><\/p>\n<p data-start=\"5341\" data-end=\"5618\">D\u00e9couvrez <strong data-start=\"5351\" data-end=\"5376\">Fierce Eau de Cologne<\/strong> d\u2019<strong data-start=\"5379\" data-end=\"5402\">Abercrombie &amp; Fitch<\/strong>, le parfum masculin embl\u00e9matique qui incarne la force, la confiance et le charisme. Ce flacon de 100ml est devenu un v\u00e9ritable symbole de la masculinit\u00e9 moderne et du style audacieux propre \u00e0 la marque am\u00e9ricaine.<\/p>\n<p data-start=\"5620\" data-end=\"5920\">Les <strong data-start=\"5624\" data-end=\"5641\">notes de t\u00eate<\/strong> associent <strong data-start=\"5652\" data-end=\"5687\">citron, cardamome et petitgrain<\/strong>, pour une fra\u00eecheur \u00e9clatante et revigorante. Le <strong data-start=\"5737\" data-end=\"5745\">c\u0153ur<\/strong> d\u00e9voile un accord \u00e9l\u00e9gant de <strong data-start=\"5775\" data-end=\"5799\">musc, jasmin et rose<\/strong>, tandis que les <strong data-start=\"5816\" data-end=\"5833\">notes de fond<\/strong> de <strong data-start=\"5837\" data-end=\"5877\">bois de c\u00e8dre, v\u00e9tiver et musc blanc<\/strong> conf\u00e8rent chaleur et sensualit\u00e9 durable.<\/p>\n<p data-start=\"5922\" data-end=\"6129\"><strong data-start=\"5922\" data-end=\"5932\">Fierce<\/strong> est bien plus qu\u2019un parfum \u2013 c\u2019est une attitude, une d\u00e9claration de confiance et de libert\u00e9. Con\u00e7u pour l\u2019homme charismatique et s\u00fbr de lui, il s\u2019adapte \u00e0 toutes les occasions, du matin au soir.<\/p>\n<p data-start=\"6131\" data-end=\"6246\">Le flacon au design \u00e9pur\u00e9, orn\u00e9 du c\u00e9l\u00e8bre torse sculpt\u00e9, incarne la puissance, la puret\u00e9 et l\u2019\u00e9nergie du parfum.<\/p>\n<p data-start=\"6248\" data-end=\"6469\">Choisissez <strong data-start=\"6259\" data-end=\"6310\">Abercrombie &amp; Fitch Fierce Eau de Cologne 100ml<\/strong> et laissez-vous s\u00e9duire par une fragrance fra\u00eeche, intense et irr\u00e9sistiblement masculine. Une ic\u00f4ne intemporelle pour l\u2019homme moderne qui aime se d\u00e9marquer.<\/p>\n<p data-start=\"1655\" data-end=\"1899\">Follow us! <a href=\"https:\/\/www.instagram.com\/freeshopswiss\/\" target=\"_blank\" rel=\"noopener\">@freeshopswiss<\/a><\/p>\n","protected":false},"excerpt":{"rendered":"<p>D\u00e9couvrez <strong data-start=\"5351\" data-end=\"5376\">Fierce Eau de Cologne<\/strong> d\u2019<strong data-start=\"5379\" data-end=\"5402\">Abercrombie &amp; Fitch<\/strong>, le parfum masculin embl\u00e9matique qui incarne la force, la confiance et le charisme. Ce flacon de 100ml est devenu un v\u00e9ritable symbole de la masculinit\u00e9 moderne et du style audacieux propre \u00e0 la marque am\u00e9ricaine.<\/p>\n","protected":false},"featured_media":36321,"comment_status":"open","ping_status":"closed","template":"","meta":[],"pwb-brand":[288],"product_brand":[],"product_cat":[87,89],"product_tag":[719,1629,143,97,4367],"class_list":{"0":"post-36325","1":"product","2":"type-product","3":"status-publish","4":"has-post-thumbnail","6":"pwb-brand-abercrombiefitch","7":"product_cat-parfums","8":"product_cat-pour-lui","9":"product_tag-eau-de-cologne-fr","10":"product_tag-mens-fragrances-fr","11":"product_tag-homme","12":"product_tag-parfums","13":"product_tag-special-printemps","15":"first","16":"instock","17":"sale","18":"taxable","19":"shipping-taxable","20":"purchasable","21":"product-type-simple"},"brands":[{"id":288,"name":"Abercrombie&amp;Fitch","slug":"abercrombiefitch"}],"_links":{"self":[{"href":"https:\/\/www.freeshopfrontiera.ch\/fr\/wp-json\/wp\/v2\/product\/36325","targetHints":{"allow":["GET"]}}],"collection":[{"href":"https:\/\/www.freeshopfrontiera.ch\/fr\/wp-json\/wp\/v2\/product"}],"about":[{"href":"https:\/\/www.freeshopfrontiera.ch\/fr\/wp-json\/wp\/v2\/types\/product"}],"replies":[{"embeddable":true,"href":"https:\/\/www.freeshopfrontiera.ch\/fr\/wp-json\/wp\/v2\/comments?post=36325"}],"version-history":[{"count":1,"href":"https:\/\/www.freeshopfrontiera.ch\/fr\/wp-json\/wp\/v2\/product\/36325\/revisions"}],"predecessor-version":[{"id":36328,"href":"https:\/\/www.freeshopfrontiera.ch\/fr\/wp-json\/wp\/v2\/product\/36325\/revisions\/36328"}],"wp:featuredmedia":[{"embeddable":true,"href":"https:\/\/www.freeshopfrontiera.ch\/fr\/wp-json\/wp\/v2\/media\/36321"}],"wp:attachment":[{"href":"https:\/\/www.freeshopfrontiera.ch\/fr\/wp-json\/wp\/v2\/media?parent=36325"}],"wp:term":[{"taxonomy":"pwb-brand","embeddable":true,"href":"https:\/\/www.freeshopfrontiera.ch\/fr\/wp-json\/wp\/v2\/pwb-brand?post=36325"},{"taxonomy":"product_brand","embeddable":true,"href":"https:\/\/www.freeshopfrontiera.ch\/fr\/wp-json\/wp\/v2\/product_brand?post=36325"},{"taxonomy":"product_cat","embeddable":true,"href":"https:\/\/www.freeshopfrontiera.ch\/fr\/wp-json\/wp\/v2\/product_cat?post=36325"},{"taxonomy":"product_tag","embeddable":true,"href":"https:\/\/www.freeshopfrontiera.ch\/fr\/wp-json\/wp\/v2\/product_tag?post=36325"}],"curies":[{"name":"wp","href":"https:\/\/api.w.org\/{rel}","templated":true}]}}