{"id":36342,"date":"2025-10-27T08:22:25","date_gmt":"2025-10-27T08:22:25","guid":{"rendered":"https:\/\/www.freeshopfrontiera.ch\/shop\/givenchy-set-gentleman-reserve-prive\/"},"modified":"2025-10-27T08:26:37","modified_gmt":"2025-10-27T08:26:37","slug":"givenchy-set-gentleman-reserve-prive","status":"publish","type":"product","link":"https:\/\/www.freeshopfrontiera.ch\/fr\/shop\/givenchy-set-gentleman-reserve-prive\/","title":{"rendered":"GIVENCHY SET Gentleman Reserve Prive&rsquo;"},"content":{"rendered":"<p data-start=\"3624\" data-end=\"3715\"><strong data-start=\"3624\" data-end=\"3713\">Coffret GIVENCHY Gentleman R\u00e9serve Priv\u00e9e Eau de Parfum (100ml + 12,5ml + Gel Douche)<\/strong><\/p>\n<p data-start=\"3717\" data-end=\"4010\">D\u00e9couvrez l\u2019\u00e9l\u00e9gance intemporelle et le charme magn\u00e9tique de <strong data-start=\"3778\" data-end=\"3829\">Givenchy Gentleman R\u00e9serve Priv\u00e9e Eau de Parfum<\/strong>. Ce <strong data-start=\"3834\" data-end=\"3854\">coffret exclusif<\/strong> incarne tout le raffinement et la sensualit\u00e9 de l\u2019homme moderne, id\u00e9al pour ceux qui souhaitent se distinguer avec une fragrance intense et sophistiqu\u00e9e.<\/p>\n<p data-start=\"4012\" data-end=\"4035\">Le coffret contient :<\/p>\n<ul data-start=\"4036\" data-end=\"4204\">\n<li data-start=\"4036\" data-end=\"4064\">\n<p data-start=\"4038\" data-end=\"4064\"><strong data-start=\"4038\" data-end=\"4062\">Eau de Parfum 100 ml<\/strong><\/p>\n<\/li>\n<li data-start=\"4065\" data-end=\"4125\">\n<p data-start=\"4067\" data-end=\"4125\"><strong data-start=\"4067\" data-end=\"4097\">Mini Eau de Parfum 12,5 ml<\/strong> \u2013 parfaite pour le voyage<\/p>\n<\/li>\n<li data-start=\"4126\" data-end=\"4204\">\n<p data-start=\"4128\" data-end=\"4204\"><strong data-start=\"4128\" data-end=\"4150\">Gel Douche Parfum\u00e9<\/strong> \u2013 pour un rituel complet de fra\u00eecheur et d\u2019\u00e9l\u00e9gance<\/p>\n<\/li>\n<\/ul>\n<p data-start=\"4206\" data-end=\"4673\"><strong data-start=\"4206\" data-end=\"4234\">Gentleman R\u00e9serve Priv\u00e9e<\/strong> est une r\u00e9interpr\u00e9tation raffin\u00e9e du parfum masculin embl\u00e9matique de Givenchy. N\u00e9 de la rencontre entre <strong data-start=\"4339\" data-end=\"4361\">le whisky \u00e9cossais<\/strong> et <strong data-start=\"4365\" data-end=\"4384\">les bois ambr\u00e9s<\/strong>, il r\u00e9v\u00e8le un \u00e9quilibre parfait entre puissance et sensualit\u00e9. Les <strong data-start=\"4452\" data-end=\"4469\">notes de t\u00eate<\/strong> d\u00e9voilent des touches chaudes d\u2019<strong data-start=\"4502\" data-end=\"4526\">iris et de ch\u00e2taigne<\/strong>, suivies d\u2019un <strong data-start=\"4541\" data-end=\"4559\">c\u0153ur de whisky<\/strong> enveloppant. En <strong data-start=\"4576\" data-end=\"4584\">fond<\/strong>, les <strong data-start=\"4590\" data-end=\"4619\">bois ambr\u00e9s et la vanille<\/strong> laissent un sillage \u00e9l\u00e9gant, viril et irr\u00e9sistible.<\/p>\n<p data-start=\"4675\" data-end=\"4812\">Le <strong data-start=\"4678\" data-end=\"4692\">Gel Douche<\/strong> prolonge cette exp\u00e9rience olfactive en nettoyant d\u00e9licatement la peau tout en la parfumant des m\u00eames notes iconiques.<\/p>\n<p data-start=\"4814\" data-end=\"5082\">Pr\u00e9sent\u00e9 dans un coffret \u00e9l\u00e9gant, ce <strong data-start=\"4851\" data-end=\"4892\">set Givenchy Gentleman R\u00e9serve Priv\u00e9e<\/strong> est le <strong data-start=\"4900\" data-end=\"4916\">cadeau id\u00e9al<\/strong> pour un homme de caract\u00e8re ou un moment de pur luxe personnel. Il incarne l\u2019esprit de l\u2019homme Givenchy : <strong data-start=\"5022\" data-end=\"5079\">authentique, charismatique et naturellement s\u00e9ducteur<\/strong>.<\/p>\n<p data-start=\"1663\" data-end=\"1770\">Follow us! <a href=\"https:\/\/www.instagram.com\/freeshopswiss\/\" target=\"_blank\" rel=\"noopener\">@freeshopswiss<\/a><\/p>\n","protected":false},"excerpt":{"rendered":"<p>D\u00e9couvrez l\u2019\u00e9l\u00e9gance intemporelle et le charme magn\u00e9tique de <strong data-start=\"3778\" data-end=\"3829\">Givenchy Gentleman R\u00e9serve Priv\u00e9e Eau de Parfum<\/strong>. Ce <strong data-start=\"3834\" data-end=\"3854\">coffret exclusif<\/strong> incarne tout le raffinement et la sensualit\u00e9 de l\u2019homme moderne, id\u00e9al pour ceux qui souhaitent se distinguer avec une fragrance intense et sophistiqu\u00e9e.<\/p>\n","protected":false},"featured_media":36338,"comment_status":"open","ping_status":"closed","template":"","meta":[],"pwb-brand":[2171],"product_brand":[],"product_cat":[87,89,484],"product_tag":[459,464,252,143,97],"class_list":{"0":"post-36342","1":"product","2":"type-product","3":"status-publish","4":"has-post-thumbnail","6":"pwb-brand-givenchy","7":"product_cat-parfums","8":"product_cat-pour-lui","9":"product_cat-coffret","10":"product_tag-coffret","11":"product_tag-coffret-homme","12":"product_tag-eau-de-parfum-fr","13":"product_tag-homme","14":"product_tag-parfums","16":"first","17":"outofstock","18":"sale","19":"taxable","20":"shipping-taxable","21":"purchasable","22":"product-type-simple"},"brands":[{"id":2171,"name":"Givenchy","slug":"givenchy"}],"_links":{"self":[{"href":"https:\/\/www.freeshopfrontiera.ch\/fr\/wp-json\/wp\/v2\/product\/36342","targetHints":{"allow":["GET"]}}],"collection":[{"href":"https:\/\/www.freeshopfrontiera.ch\/fr\/wp-json\/wp\/v2\/product"}],"about":[{"href":"https:\/\/www.freeshopfrontiera.ch\/fr\/wp-json\/wp\/v2\/types\/product"}],"replies":[{"embeddable":true,"href":"https:\/\/www.freeshopfrontiera.ch\/fr\/wp-json\/wp\/v2\/comments?post=36342"}],"version-history":[{"count":2,"href":"https:\/\/www.freeshopfrontiera.ch\/fr\/wp-json\/wp\/v2\/product\/36342\/revisions"}],"predecessor-version":[{"id":36358,"href":"https:\/\/www.freeshopfrontiera.ch\/fr\/wp-json\/wp\/v2\/product\/36342\/revisions\/36358"}],"wp:featuredmedia":[{"embeddable":true,"href":"https:\/\/www.freeshopfrontiera.ch\/fr\/wp-json\/wp\/v2\/media\/36338"}],"wp:attachment":[{"href":"https:\/\/www.freeshopfrontiera.ch\/fr\/wp-json\/wp\/v2\/media?parent=36342"}],"wp:term":[{"taxonomy":"pwb-brand","embeddable":true,"href":"https:\/\/www.freeshopfrontiera.ch\/fr\/wp-json\/wp\/v2\/pwb-brand?post=36342"},{"taxonomy":"product_brand","embeddable":true,"href":"https:\/\/www.freeshopfrontiera.ch\/fr\/wp-json\/wp\/v2\/product_brand?post=36342"},{"taxonomy":"product_cat","embeddable":true,"href":"https:\/\/www.freeshopfrontiera.ch\/fr\/wp-json\/wp\/v2\/product_cat?post=36342"},{"taxonomy":"product_tag","embeddable":true,"href":"https:\/\/www.freeshopfrontiera.ch\/fr\/wp-json\/wp\/v2\/product_tag?post=36342"}],"curies":[{"name":"wp","href":"https:\/\/api.w.org\/{rel}","templated":true}]}}