{"id":36366,"date":"2025-10-27T08:45:42","date_gmt":"2025-10-27T08:45:42","guid":{"rendered":"https:\/\/www.freeshopfrontiera.ch\/shop\/givenchy-set-linterdit-rouge\/"},"modified":"2025-10-27T08:50:47","modified_gmt":"2025-10-27T08:50:47","slug":"givenchy-set-linterdit-rouge","status":"publish","type":"product","link":"https:\/\/www.freeshopfrontiera.ch\/fr\/shop\/givenchy-set-linterdit-rouge\/","title":{"rendered":"GIVENCHY SET L&rsquo;interdit Rouge"},"content":{"rendered":"<p data-start=\"4510\" data-end=\"4579\"><strong data-start=\"4510\" data-end=\"4577\">Coffret GIVENCHY L\u2019Interdit Rouge Eau de Parfum (50ml + 12,5ml)<\/strong><\/p>\n<p data-start=\"4581\" data-end=\"4779\">Osez l\u2019audace avec <strong data-start=\"4600\" data-end=\"4643\">GIVENCHY L\u2019Interdit Rouge Eau de Parfum<\/strong>. Ce <strong data-start=\"4648\" data-end=\"4667\">coffret luxueux<\/strong> c\u00e9l\u00e8bre la f\u00e9minit\u00e9 la plus intense et sensuelle, invitant chaque femme \u00e0 r\u00e9v\u00e9ler sa part la plus passionn\u00e9e.<\/p>\n<p data-start=\"4781\" data-end=\"4804\">Le coffret contient :<\/p>\n<ul data-start=\"4805\" data-end=\"4897\">\n<li data-start=\"4805\" data-end=\"4832\">\n<p data-start=\"4807\" data-end=\"4832\"><strong data-start=\"4807\" data-end=\"4830\">Eau de Parfum 50 ml<\/strong><\/p>\n<\/li>\n<li data-start=\"4833\" data-end=\"4897\">\n<p data-start=\"4835\" data-end=\"4897\"><strong data-start=\"4835\" data-end=\"4865\">Mini Eau de Parfum 12,5 ml<\/strong> \u2013 pratique \u00e0 emporter partout<\/p>\n<\/li>\n<\/ul>\n<p data-start=\"4899\" data-end=\"5103\"><strong data-start=\"4899\" data-end=\"4919\">L\u2019Interdit Rouge<\/strong> est une interpr\u00e9tation flamboyante du parfum iconique de Givenchy. Un accord fascinant o\u00f9 les <strong data-start=\"5014\" data-end=\"5033\">fleurs blanches<\/strong> rencontrent la <strong data-start=\"5049\" data-end=\"5077\">chaleur \u00e9pic\u00e9e et bois\u00e9e<\/strong> d\u2019un sillage envo\u00fbtant.<\/p>\n<p data-start=\"5105\" data-end=\"5305\">Les <strong data-start=\"5109\" data-end=\"5126\">notes de t\u00eate<\/strong> d\u2019<strong data-start=\"5129\" data-end=\"5148\">fleur d\u2019oranger<\/strong> et de <strong data-start=\"5155\" data-end=\"5165\">jasmin<\/strong> s\u2019unissent \u00e0 un <strong data-start=\"5182\" data-end=\"5203\">c\u0153ur de tub\u00e9reuse<\/strong>, tandis que les <strong data-start=\"5220\" data-end=\"5252\">bois de v\u00e9tiver et patchouli<\/strong> apportent une sensualit\u00e9 profonde et sophistiqu\u00e9e.<\/p>\n<p data-start=\"5307\" data-end=\"5395\">La <strong data-start=\"5310\" data-end=\"5323\">miniature<\/strong> permet de prolonger l\u2019exp\u00e9rience olfactive partout, du matin au soir.<\/p>\n<p data-start=\"5397\" data-end=\"5615\">Pr\u00e9sent\u00e9 dans un <strong data-start=\"5414\" data-end=\"5439\">coffret rouge \u00e9l\u00e9gant<\/strong>, symbole de passion et d\u2019assurance, le <strong data-start=\"5479\" data-end=\"5512\">GIVENCHY L\u2019Interdit Rouge Set<\/strong> est le <strong data-start=\"5520\" data-end=\"5536\">cadeau id\u00e9al<\/strong> pour une femme forte et s\u00e9duisante \u2013 ou pour s\u2019offrir un moment de pur luxe.<\/p>\n<p data-start=\"1420\" data-end=\"1652\">ollow us! <a href=\"https:\/\/www.instagram.com\/freeshopswiss\/\" target=\"_blank\" rel=\"noopener\">@freeshopswiss<\/a><\/p>\n","protected":false},"excerpt":{"rendered":"<p>Osez l\u2019audace avec <strong data-start=\"4600\" data-end=\"4643\">GIVENCHY L\u2019Interdit Rouge Eau de Parfum<\/strong>. Ce <strong data-start=\"4648\" data-end=\"4667\">coffret luxueux<\/strong> c\u00e9l\u00e8bre la f\u00e9minit\u00e9 la plus intense et sensuelle, invitant chaque femme \u00e0 r\u00e9v\u00e9ler sa part la plus passionn\u00e9e.<\/p>\n","protected":false},"featured_media":36362,"comment_status":"open","ping_status":"closed","template":"","meta":[],"pwb-brand":[2171],"product_brand":[],"product_cat":[109,484],"product_tag":[459,461,252,296,97],"class_list":{"0":"post-36366","1":"product","2":"type-product","3":"status-publish","4":"has-post-thumbnail","6":"pwb-brand-givenchy","7":"product_cat-pour-elle","8":"product_cat-coffret","9":"product_tag-coffret","10":"product_tag-coffrets-femme","11":"product_tag-eau-de-parfum-fr","12":"product_tag-femme","13":"product_tag-parfums","15":"first","16":"outofstock","17":"sale","18":"taxable","19":"shipping-taxable","20":"purchasable","21":"product-type-simple"},"brands":[{"id":2171,"name":"Givenchy","slug":"givenchy"}],"_links":{"self":[{"href":"https:\/\/www.freeshopfrontiera.ch\/fr\/wp-json\/wp\/v2\/product\/36366","targetHints":{"allow":["GET"]}}],"collection":[{"href":"https:\/\/www.freeshopfrontiera.ch\/fr\/wp-json\/wp\/v2\/product"}],"about":[{"href":"https:\/\/www.freeshopfrontiera.ch\/fr\/wp-json\/wp\/v2\/types\/product"}],"replies":[{"embeddable":true,"href":"https:\/\/www.freeshopfrontiera.ch\/fr\/wp-json\/wp\/v2\/comments?post=36366"}],"version-history":[{"count":1,"href":"https:\/\/www.freeshopfrontiera.ch\/fr\/wp-json\/wp\/v2\/product\/36366\/revisions"}],"predecessor-version":[{"id":36370,"href":"https:\/\/www.freeshopfrontiera.ch\/fr\/wp-json\/wp\/v2\/product\/36366\/revisions\/36370"}],"wp:featuredmedia":[{"embeddable":true,"href":"https:\/\/www.freeshopfrontiera.ch\/fr\/wp-json\/wp\/v2\/media\/36362"}],"wp:attachment":[{"href":"https:\/\/www.freeshopfrontiera.ch\/fr\/wp-json\/wp\/v2\/media?parent=36366"}],"wp:term":[{"taxonomy":"pwb-brand","embeddable":true,"href":"https:\/\/www.freeshopfrontiera.ch\/fr\/wp-json\/wp\/v2\/pwb-brand?post=36366"},{"taxonomy":"product_brand","embeddable":true,"href":"https:\/\/www.freeshopfrontiera.ch\/fr\/wp-json\/wp\/v2\/product_brand?post=36366"},{"taxonomy":"product_cat","embeddable":true,"href":"https:\/\/www.freeshopfrontiera.ch\/fr\/wp-json\/wp\/v2\/product_cat?post=36366"},{"taxonomy":"product_tag","embeddable":true,"href":"https:\/\/www.freeshopfrontiera.ch\/fr\/wp-json\/wp\/v2\/product_tag?post=36366"}],"curies":[{"name":"wp","href":"https:\/\/api.w.org\/{rel}","templated":true}]}}