{"id":36382,"date":"2025-10-27T09:03:09","date_gmt":"2025-10-27T09:03:09","guid":{"rendered":"https:\/\/www.freeshopfrontiera.ch\/shop\/givenchy-set-linterdit\/"},"modified":"2025-10-27T09:06:34","modified_gmt":"2025-10-27T09:06:34","slug":"givenchy-set-linterdit","status":"publish","type":"product","link":"https:\/\/www.freeshopfrontiera.ch\/fr\/shop\/givenchy-set-linterdit\/","title":{"rendered":"GIVENCHY SET L&rsquo;interdit"},"content":{"rendered":"<p data-start=\"4644\" data-end=\"4720\"><strong data-start=\"4644\" data-end=\"4718\">Coffret GIVENCHY L\u2019Interdit Eau de Parfum (50ml + 12,5ml + Lait Corps)<\/strong><\/p>\n<p data-start=\"4722\" data-end=\"4936\">Succombez au charme envo\u00fbtant de <strong data-start=\"4755\" data-end=\"4792\">GIVENCHY L\u2019Interdit Eau de Parfum<\/strong>, un hommage \u00e0 la f\u00e9minit\u00e9 absolue et au courage d\u2019\u00eatre soi-m\u00eame. Ce <strong data-start=\"4861\" data-end=\"4881\">coffret exclusif<\/strong> offre un rituel complet d\u2019\u00e9l\u00e9gance et de sensualit\u00e9.<\/p>\n<p data-start=\"4938\" data-end=\"4961\">Le coffret contient :<\/p>\n<ul data-start=\"4962\" data-end=\"5128\">\n<li data-start=\"4962\" data-end=\"4989\">\n<p data-start=\"4964\" data-end=\"4989\"><strong data-start=\"4964\" data-end=\"4987\">Eau de Parfum 50 ml<\/strong><\/p>\n<\/li>\n<li data-start=\"4990\" data-end=\"5045\">\n<p data-start=\"4992\" data-end=\"5045\"><strong data-start=\"4992\" data-end=\"5022\">Mini Eau de Parfum 12,5 ml<\/strong> \u2013 \u00e0 emporter partout<\/p>\n<\/li>\n<li data-start=\"5046\" data-end=\"5128\">\n<p data-start=\"5048\" data-end=\"5128\"><strong data-start=\"5048\" data-end=\"5070\">Lait Corps Parfum\u00e9<\/strong> \u2013 pour une peau douce, hydrat\u00e9e et subtilement parfum\u00e9e<\/p>\n<\/li>\n<\/ul>\n<p data-start=\"5130\" data-end=\"5464\"><strong data-start=\"5130\" data-end=\"5144\">L\u2019Interdit<\/strong> est un parfum iconique qui marie la lumi\u00e8re des <strong data-start=\"5193\" data-end=\"5212\">fleurs blanches<\/strong> \u00e0 la profondeur du <strong data-start=\"5232\" data-end=\"5259\">v\u00e9tiver et du patchouli<\/strong>. Les <strong data-start=\"5265\" data-end=\"5282\">notes de t\u00eate<\/strong> de <strong data-start=\"5286\" data-end=\"5326\">fleur d\u2019oranger, jasmin et tub\u00e9reuse<\/strong> s\u2019unissent dans une harmonie florale lumineuse, tandis que les <strong data-start=\"5390\" data-end=\"5407\">notes de fond<\/strong> bois\u00e9es r\u00e9v\u00e8lent une sensualit\u00e9 raffin\u00e9e et puissante.<\/p>\n<p data-start=\"5466\" data-end=\"5587\">Le <strong data-start=\"5469\" data-end=\"5483\">lait corps<\/strong> prolonge cette exp\u00e9rience olfactive en enveloppant la peau d\u2019un voile d\u00e9licatement parfum\u00e9 et soyeux.<\/p>\n<p data-start=\"5589\" data-end=\"5774\">Pr\u00e9sent\u00e9 dans un coffret raffin\u00e9, le <strong data-start=\"5626\" data-end=\"5653\">GIVENCHY L\u2019Interdit Set<\/strong> est le <strong data-start=\"5661\" data-end=\"5677\">cadeau id\u00e9al<\/strong> pour une femme audacieuse et \u00e9l\u00e9gante \u2013 ou un plaisir \u00e0 s\u2019offrir pour sublimer chaque instant.<\/p>\n<p data-start=\"1306\" data-end=\"1471\">Follow us! <a href=\"https:\/\/www.instagram.com\/freeshopswiss\/\" target=\"_blank\" rel=\"noopener\">@freeshopswiss<\/a><\/p>\n","protected":false},"excerpt":{"rendered":"<p>Succombez au charme envo\u00fbtant de <strong data-start=\"4755\" data-end=\"4792\">GIVENCHY L\u2019Interdit Eau de Parfum<\/strong>, un hommage \u00e0 la f\u00e9minit\u00e9 absolue et au courage d\u2019\u00eatre soi-m\u00eame. Ce <strong data-start=\"4861\" data-end=\"4881\">coffret exclusif<\/strong> offre un rituel complet d\u2019\u00e9l\u00e9gance et de sensualit\u00e9.<\/p>\n","protected":false},"featured_media":36378,"comment_status":"open","ping_status":"closed","template":"","meta":[],"pwb-brand":[2171],"product_brand":[],"product_cat":[87,109,484],"product_tag":[459,461,252,296,97],"class_list":{"0":"post-36382","1":"product","2":"type-product","3":"status-publish","4":"has-post-thumbnail","6":"pwb-brand-givenchy","7":"product_cat-parfums","8":"product_cat-pour-elle","9":"product_cat-coffret","10":"product_tag-coffret","11":"product_tag-coffrets-femme","12":"product_tag-eau-de-parfum-fr","13":"product_tag-femme","14":"product_tag-parfums","16":"first","17":"outofstock","18":"sale","19":"taxable","20":"shipping-taxable","21":"purchasable","22":"product-type-simple"},"brands":[{"id":2171,"name":"Givenchy","slug":"givenchy"}],"_links":{"self":[{"href":"https:\/\/www.freeshopfrontiera.ch\/fr\/wp-json\/wp\/v2\/product\/36382","targetHints":{"allow":["GET"]}}],"collection":[{"href":"https:\/\/www.freeshopfrontiera.ch\/fr\/wp-json\/wp\/v2\/product"}],"about":[{"href":"https:\/\/www.freeshopfrontiera.ch\/fr\/wp-json\/wp\/v2\/types\/product"}],"replies":[{"embeddable":true,"href":"https:\/\/www.freeshopfrontiera.ch\/fr\/wp-json\/wp\/v2\/comments?post=36382"}],"version-history":[{"count":1,"href":"https:\/\/www.freeshopfrontiera.ch\/fr\/wp-json\/wp\/v2\/product\/36382\/revisions"}],"predecessor-version":[{"id":36385,"href":"https:\/\/www.freeshopfrontiera.ch\/fr\/wp-json\/wp\/v2\/product\/36382\/revisions\/36385"}],"wp:featuredmedia":[{"embeddable":true,"href":"https:\/\/www.freeshopfrontiera.ch\/fr\/wp-json\/wp\/v2\/media\/36378"}],"wp:attachment":[{"href":"https:\/\/www.freeshopfrontiera.ch\/fr\/wp-json\/wp\/v2\/media?parent=36382"}],"wp:term":[{"taxonomy":"pwb-brand","embeddable":true,"href":"https:\/\/www.freeshopfrontiera.ch\/fr\/wp-json\/wp\/v2\/pwb-brand?post=36382"},{"taxonomy":"product_brand","embeddable":true,"href":"https:\/\/www.freeshopfrontiera.ch\/fr\/wp-json\/wp\/v2\/product_brand?post=36382"},{"taxonomy":"product_cat","embeddable":true,"href":"https:\/\/www.freeshopfrontiera.ch\/fr\/wp-json\/wp\/v2\/product_cat?post=36382"},{"taxonomy":"product_tag","embeddable":true,"href":"https:\/\/www.freeshopfrontiera.ch\/fr\/wp-json\/wp\/v2\/product_tag?post=36382"}],"curies":[{"name":"wp","href":"https:\/\/api.w.org\/{rel}","templated":true}]}}