{"id":36394,"date":"2025-10-27T09:27:43","date_gmt":"2025-10-27T09:27:43","guid":{"rendered":"https:\/\/www.freeshopfrontiera.ch\/shop\/lattafa-ajayed-dubai-100ml\/"},"modified":"2025-10-27T09:36:19","modified_gmt":"2025-10-27T09:36:19","slug":"lattafa-ajayed-dubai-100ml","status":"publish","type":"product","link":"https:\/\/www.freeshopfrontiera.ch\/fr\/shop\/lattafa-ajayed-dubai-100ml\/","title":{"rendered":"LATTAFA Ajayed Dubai 100ml"},"content":{"rendered":"<h3 data-start=\"333\" data-end=\"413\"><strong data-start=\"342\" data-end=\"411\">LATTAFA Ajayed Dubai Eau de Parfum 100ml<\/strong><\/h3>\n<p data-start=\"3098\" data-end=\"3260\">Plongez dans une exp\u00e9rience olfactive unique avec <strong data-start=\"3148\" data-end=\"3186\">Lattafa Ajayeb Dubai Eau de Parfum<\/strong>, un parfum mixte lanc\u00e9 en 2023, alliant audace, raffinement et myst\u00e8re.<\/p>\n<p data-start=\"3262\" data-end=\"3643\">Les <strong data-start=\"3266\" data-end=\"3283\">notes de t\u00eate<\/strong> r\u00e9v\u00e8lent un contraste fascinant entre <strong data-start=\"3322\" data-end=\"3342\">safran et ananas<\/strong>, pour une ouverture vive et p\u00e9tillante. Le <strong data-start=\"3386\" data-end=\"3394\">c\u0153ur<\/strong> d\u00e9voile des accords profonds de <strong data-start=\"3427\" data-end=\"3462\">caf\u00e9 et de feuilles de violette<\/strong>, apportant une sensualit\u00e9 gourmande et \u00e9l\u00e9gante. Enfin, les <strong data-start=\"3523\" data-end=\"3540\">notes de fond<\/strong> de <strong data-start=\"3544\" data-end=\"3581\">toffee, vanille et bois de santal<\/strong> laissent un sillage chaud, enveloppant et l\u00e9g\u00e8rement bois\u00e9.<\/p>\n<p data-start=\"3645\" data-end=\"3960\">Cette composition s\u2019adresse \u00e0 ceux qui recherchent un <strong data-start=\"3699\" data-end=\"3733\">parfum intense mais polyvalent<\/strong>, capable de sublimer \u00e0 la fois le quotidien et les occasions sp\u00e9ciales. L\u2019ouverture \u00e9pic\u00e9e et fruit\u00e9e se marie \u00e0 la douceur cr\u00e9meuse du toffee et de la vanille, tandis que le bois de santal apporte profondeur et distinction.<\/p>\n<p data-start=\"1357\" data-end=\"1494\">Follow us! <a href=\"https:\/\/www.instagram.com\/freeshopswiss\/\" target=\"_blank\" rel=\"noopener\">@freeshopswiss<\/a><\/p>\n","protected":false},"excerpt":{"rendered":"<p>Plongez dans une exp\u00e9rience olfactive unique avec <strong data-start=\"3148\" data-end=\"3186\">Lattafa Ajayeb Dubai Eau de Parfum<\/strong>, un parfum mixte lanc\u00e9 en 2023, alliant audace, raffinement et myst\u00e8re.<\/p>\n","protected":false},"featured_media":36390,"comment_status":"open","ping_status":"closed","template":"","meta":[],"pwb-brand":[772],"product_brand":[],"product_cat":[109,89,484,4195],"product_tag":[252,296,789,1629,143,594],"class_list":{"0":"post-36394","1":"product","2":"type-product","3":"status-publish","4":"has-post-thumbnail","6":"pwb-brand-lattafa","7":"product_cat-pour-elle","8":"product_cat-pour-lui","9":"product_cat-coffret","10":"product_cat-parfums-offer","11":"product_tag-eau-de-parfum-fr","12":"product_tag-femme","13":"product_tag-womens-fragrances-fr","14":"product_tag-mens-fragrances-fr","15":"product_tag-homme","16":"product_tag-unisex-fr-2","18":"first","19":"instock","20":"sale","21":"taxable","22":"shipping-taxable","23":"purchasable","24":"product-type-simple"},"brands":[{"id":772,"name":"Lattafa","slug":"lattafa"}],"_links":{"self":[{"href":"https:\/\/www.freeshopfrontiera.ch\/fr\/wp-json\/wp\/v2\/product\/36394","targetHints":{"allow":["GET"]}}],"collection":[{"href":"https:\/\/www.freeshopfrontiera.ch\/fr\/wp-json\/wp\/v2\/product"}],"about":[{"href":"https:\/\/www.freeshopfrontiera.ch\/fr\/wp-json\/wp\/v2\/types\/product"}],"replies":[{"embeddable":true,"href":"https:\/\/www.freeshopfrontiera.ch\/fr\/wp-json\/wp\/v2\/comments?post=36394"}],"version-history":[{"count":3,"href":"https:\/\/www.freeshopfrontiera.ch\/fr\/wp-json\/wp\/v2\/product\/36394\/revisions"}],"predecessor-version":[{"id":36403,"href":"https:\/\/www.freeshopfrontiera.ch\/fr\/wp-json\/wp\/v2\/product\/36394\/revisions\/36403"}],"wp:featuredmedia":[{"embeddable":true,"href":"https:\/\/www.freeshopfrontiera.ch\/fr\/wp-json\/wp\/v2\/media\/36390"}],"wp:attachment":[{"href":"https:\/\/www.freeshopfrontiera.ch\/fr\/wp-json\/wp\/v2\/media?parent=36394"}],"wp:term":[{"taxonomy":"pwb-brand","embeddable":true,"href":"https:\/\/www.freeshopfrontiera.ch\/fr\/wp-json\/wp\/v2\/pwb-brand?post=36394"},{"taxonomy":"product_brand","embeddable":true,"href":"https:\/\/www.freeshopfrontiera.ch\/fr\/wp-json\/wp\/v2\/product_brand?post=36394"},{"taxonomy":"product_cat","embeddable":true,"href":"https:\/\/www.freeshopfrontiera.ch\/fr\/wp-json\/wp\/v2\/product_cat?post=36394"},{"taxonomy":"product_tag","embeddable":true,"href":"https:\/\/www.freeshopfrontiera.ch\/fr\/wp-json\/wp\/v2\/product_tag?post=36394"}],"curies":[{"name":"wp","href":"https:\/\/api.w.org\/{rel}","templated":true}]}}