{"id":36411,"date":"2025-10-27T09:45:21","date_gmt":"2025-10-27T09:45:21","guid":{"rendered":"https:\/\/www.freeshopfrontiera.ch\/shop\/hugo-boss-set-boss-bottled-2\/"},"modified":"2026-04-13T14:37:35","modified_gmt":"2026-04-13T14:37:35","slug":"hugo-boss-set-boss-bottled-2","status":"publish","type":"product","link":"https:\/\/www.freeshopfrontiera.ch\/fr\/shop\/hugo-boss-set-boss-bottled-2\/","title":{"rendered":"BOSS SET Boss Bottled"},"content":{"rendered":"<h3 data-start=\"2219\" data-end=\"2337\"><strong data-start=\"2228\" data-end=\"2337\">BOSS Boss Bottled Set (100ml EDT + 150ml D\u00e9odorant Spray + 100ml Gel Douche)<\/strong><\/h3>\n<p data-start=\"2339\" data-end=\"2520\">Le <strong data-start=\"2342\" data-end=\"2383\">coffret cadeau BOSS Boss Bottled<\/strong> est le choix id\u00e9al pour l\u2019homme moderne qui souhaite allier \u00e9l\u00e9gance et sophistication tout au long de la journ\u00e9e. Ce coffret comprend :<\/p>\n<ul data-start=\"2522\" data-end=\"3098\">\n<li data-start=\"2522\" data-end=\"2786\">\n<p data-start=\"2524\" data-end=\"2786\"><strong data-start=\"2524\" data-end=\"2549\">Eau de Toilette 100ml<\/strong> : un parfum iconique m\u00ealant notes fra\u00eeches et \u00e9pic\u00e9es, telles que pomme, cannelle, clou de girofle et bois pr\u00e9cieux comme le santal, le c\u00e8dre et le v\u00e9tiver. Un \u00e9quilibre parfait entre fra\u00eecheur et chaleur, adapt\u00e9 \u00e0 toutes les occasions.<\/p>\n<\/li>\n<li data-start=\"2788\" data-end=\"2960\">\n<p data-start=\"2790\" data-end=\"2960\"><strong data-start=\"2790\" data-end=\"2815\">D\u00e9odorant Spray 150ml<\/strong> : offre une protection longue dur\u00e9e contre les odeurs, tout en laissant la peau fra\u00eeche et s\u00e8che, avec le parfum signature de l\u2019Eau de Toilette.<\/p>\n<\/li>\n<li data-start=\"2962\" data-end=\"3098\">\n<p data-start=\"2964\" data-end=\"3098\"><strong data-start=\"2964\" data-end=\"2984\">Gel Douche 100ml<\/strong> : un gel douche doux qui laisse la peau douce et subtilement parfum\u00e9e, pour une exp\u00e9rience compl\u00e8te Boss Bottled.<\/p>\n<\/li>\n<\/ul>\n<p data-start=\"3100\" data-end=\"3279\">Pr\u00e9sent\u00e9 dans un \u00e9l\u00e9gant coffret, ce set est parfait pour les occasions sp\u00e9ciales ou pour se faire plaisir au quotidien. Id\u00e9al comme cadeau ou pour enrichir sa routine de soins.<\/p>\n<p data-start=\"1107\" data-end=\"1341\">Follow us! <a href=\"https:\/\/www.instagram.com\/freeshopswiss\/\" target=\"_blank\" rel=\"noopener\">@freeshopswiss<\/a><\/p>\n","protected":false},"excerpt":{"rendered":"<p>Le <strong data-start=\"2342\" data-end=\"2383\">coffret cadeau HUGO BOSS Boss Bottled<\/strong> est le choix id\u00e9al pour l\u2019homme moderne qui souhaite allier \u00e9l\u00e9gance et sophistication tout au long de la journ\u00e9e.<\/p>\n","protected":false},"featured_media":36407,"comment_status":"open","ping_status":"closed","template":"","meta":[],"pwb-brand":[260],"product_brand":[],"product_cat":[87,89,484,4192],"product_tag":[280,459,464,141,1629,143,97],"class_list":{"0":"post-36411","1":"product","2":"type-product","3":"status-publish","4":"has-post-thumbnail","6":"pwb-brand-hugo-boss","7":"product_cat-parfums","8":"product_cat-pour-lui","9":"product_cat-coffret","10":"product_cat-offers-coffret","11":"product_tag-bestseller-fr","12":"product_tag-coffret","13":"product_tag-coffret-homme","14":"product_tag-eau-de-toilette-fr","15":"product_tag-mens-fragrances-fr","16":"product_tag-homme","17":"product_tag-parfums","19":"first","20":"instock","21":"sale","22":"taxable","23":"shipping-taxable","24":"purchasable","25":"product-type-simple"},"brands":[{"id":260,"name":"Hugo Boss","slug":"hugo-boss"}],"_links":{"self":[{"href":"https:\/\/www.freeshopfrontiera.ch\/fr\/wp-json\/wp\/v2\/product\/36411","targetHints":{"allow":["GET"]}}],"collection":[{"href":"https:\/\/www.freeshopfrontiera.ch\/fr\/wp-json\/wp\/v2\/product"}],"about":[{"href":"https:\/\/www.freeshopfrontiera.ch\/fr\/wp-json\/wp\/v2\/types\/product"}],"replies":[{"embeddable":true,"href":"https:\/\/www.freeshopfrontiera.ch\/fr\/wp-json\/wp\/v2\/comments?post=36411"}],"version-history":[{"count":2,"href":"https:\/\/www.freeshopfrontiera.ch\/fr\/wp-json\/wp\/v2\/product\/36411\/revisions"}],"predecessor-version":[{"id":42325,"href":"https:\/\/www.freeshopfrontiera.ch\/fr\/wp-json\/wp\/v2\/product\/36411\/revisions\/42325"}],"wp:featuredmedia":[{"embeddable":true,"href":"https:\/\/www.freeshopfrontiera.ch\/fr\/wp-json\/wp\/v2\/media\/36407"}],"wp:attachment":[{"href":"https:\/\/www.freeshopfrontiera.ch\/fr\/wp-json\/wp\/v2\/media?parent=36411"}],"wp:term":[{"taxonomy":"pwb-brand","embeddable":true,"href":"https:\/\/www.freeshopfrontiera.ch\/fr\/wp-json\/wp\/v2\/pwb-brand?post=36411"},{"taxonomy":"product_brand","embeddable":true,"href":"https:\/\/www.freeshopfrontiera.ch\/fr\/wp-json\/wp\/v2\/product_brand?post=36411"},{"taxonomy":"product_cat","embeddable":true,"href":"https:\/\/www.freeshopfrontiera.ch\/fr\/wp-json\/wp\/v2\/product_cat?post=36411"},{"taxonomy":"product_tag","embeddable":true,"href":"https:\/\/www.freeshopfrontiera.ch\/fr\/wp-json\/wp\/v2\/product_tag?post=36411"}],"curies":[{"name":"wp","href":"https:\/\/api.w.org\/{rel}","templated":true}]}}