{"id":36462,"date":"2025-10-27T12:56:03","date_gmt":"2025-10-27T12:56:03","guid":{"rendered":"https:\/\/www.freeshopfrontiera.ch\/shop\/jp-gaultier-set-scandal\/"},"modified":"2026-03-30T08:11:29","modified_gmt":"2026-03-30T08:11:29","slug":"jp-gaultier-set-scandal","status":"publish","type":"product","link":"https:\/\/www.freeshopfrontiera.ch\/fr\/shop\/jp-gaultier-set-scandal\/","title":{"rendered":"JEAN PAUL GAULTIER SET Scandal"},"content":{"rendered":"<h3 data-start=\"2095\" data-end=\"2191\"><strong data-start=\"2104\" data-end=\"2191\">JEAN PAUL GAULTIER Scandal Set (50ml EDP + 75ml Lait Corps)<\/strong><\/h3>\n<p data-start=\"2193\" data-end=\"2318\">Le <strong data-start=\"2196\" data-end=\"2234\">coffret JEAN PAUL GAULTIER Scandal<\/strong> est con\u00e7u pour la femme audacieuse, sensuelle et s\u00fbre d\u2019elle. Ce coffret comprend :<\/p>\n<ul data-start=\"2320\" data-end=\"2845\">\n<li data-start=\"2320\" data-end=\"2659\">\n<p data-start=\"2322\" data-end=\"2659\"><strong data-start=\"2322\" data-end=\"2344\">Eau de Parfum 50ml<\/strong> : un parfum iconique et s\u00e9duisant qui combine des notes sucr\u00e9es et florales avec une touche intrigante. Les notes de t\u00eate de mandarine et de miel apportent fra\u00eecheur et chaleur, le c\u0153ur floral associe gard\u00e9nia et orange am\u00e8re, tandis que la base de patchouli et caramel laisse un sillage persistant et enveloppant.<\/p>\n<\/li>\n<li data-start=\"2661\" data-end=\"2845\">\n<p data-start=\"2663\" data-end=\"2845\"><strong data-start=\"2663\" data-end=\"2682\">Lait Corps 75ml<\/strong> : une cr\u00e8me corps soyeuse et hydratante qui nourrit la peau et amplifie le parfum, la laissant douce et d\u00e9licatement envelopp\u00e9e par les notes sensuelles de l\u2019EDP.<\/p>\n<\/li>\n<\/ul>\n<p data-start=\"2847\" data-end=\"3073\">Parfait comme cadeau pour des occasions sp\u00e9ciales ou pour celles qui recherchent un rituel de beaut\u00e9 complet et s\u00e9duisant. L\u2019emballage \u00e9l\u00e9gant le rend id\u00e9al pour surprendre un \u00eatre cher ou s\u2019offrir un moment de luxe quotidien.<\/p>\n<p data-start=\"940\" data-end=\"1180\">Follow us! <a href=\"https:\/\/www.instagram.com\/freeshopswiss\/\" target=\"_blank\" rel=\"noopener\">@freeshopswiss<\/a><\/p>\n","protected":false},"excerpt":{"rendered":"<p>Parfait comme cadeau pour des occasions sp\u00e9ciales ou pour celles qui recherchent un rituel de beaut\u00e9 complet et s\u00e9duisant. L\u2019emballage \u00e9l\u00e9gant le rend id\u00e9al pour surprendre un \u00eatre cher ou s\u2019offrir un moment de luxe quotidien.<\/p>\n","protected":false},"featured_media":36458,"comment_status":"open","ping_status":"closed","template":"","meta":[],"pwb-brand":[373],"product_brand":[],"product_cat":[138,109,484,4192],"product_tag":[459,461,296,4348,5050,278,97],"class_list":{"0":"post-36462","1":"product","2":"type-product","3":"status-publish","4":"has-post-thumbnail","6":"pwb-brand-jean-paul-gaultier","7":"product_cat-offre","8":"product_cat-pour-elle","9":"product_cat-coffret","10":"product_cat-offers-coffret","11":"product_tag-coffret","12":"product_tag-coffrets-femme","13":"product_tag-femme","14":"product_tag-fete-des-femmes","15":"product_tag-fete-des-meres","16":"product_tag-offre","17":"product_tag-parfums","19":"first","20":"instock","21":"sale","22":"taxable","23":"shipping-taxable","24":"purchasable","25":"product-type-simple"},"brands":[{"id":373,"name":"Jean Paul Gaultier","slug":"jean-paul-gaultier"}],"_links":{"self":[{"href":"https:\/\/www.freeshopfrontiera.ch\/fr\/wp-json\/wp\/v2\/product\/36462","targetHints":{"allow":["GET"]}}],"collection":[{"href":"https:\/\/www.freeshopfrontiera.ch\/fr\/wp-json\/wp\/v2\/product"}],"about":[{"href":"https:\/\/www.freeshopfrontiera.ch\/fr\/wp-json\/wp\/v2\/types\/product"}],"replies":[{"embeddable":true,"href":"https:\/\/www.freeshopfrontiera.ch\/fr\/wp-json\/wp\/v2\/comments?post=36462"}],"version-history":[{"count":2,"href":"https:\/\/www.freeshopfrontiera.ch\/fr\/wp-json\/wp\/v2\/product\/36462\/revisions"}],"predecessor-version":[{"id":41724,"href":"https:\/\/www.freeshopfrontiera.ch\/fr\/wp-json\/wp\/v2\/product\/36462\/revisions\/41724"}],"wp:featuredmedia":[{"embeddable":true,"href":"https:\/\/www.freeshopfrontiera.ch\/fr\/wp-json\/wp\/v2\/media\/36458"}],"wp:attachment":[{"href":"https:\/\/www.freeshopfrontiera.ch\/fr\/wp-json\/wp\/v2\/media?parent=36462"}],"wp:term":[{"taxonomy":"pwb-brand","embeddable":true,"href":"https:\/\/www.freeshopfrontiera.ch\/fr\/wp-json\/wp\/v2\/pwb-brand?post=36462"},{"taxonomy":"product_brand","embeddable":true,"href":"https:\/\/www.freeshopfrontiera.ch\/fr\/wp-json\/wp\/v2\/product_brand?post=36462"},{"taxonomy":"product_cat","embeddable":true,"href":"https:\/\/www.freeshopfrontiera.ch\/fr\/wp-json\/wp\/v2\/product_cat?post=36462"},{"taxonomy":"product_tag","embeddable":true,"href":"https:\/\/www.freeshopfrontiera.ch\/fr\/wp-json\/wp\/v2\/product_tag?post=36462"}],"curies":[{"name":"wp","href":"https:\/\/api.w.org\/{rel}","templated":true}]}}