{"id":36522,"date":"2025-10-27T14:38:02","date_gmt":"2025-10-27T14:38:02","guid":{"rendered":"https:\/\/www.freeshopfrontiera.ch\/shop\/skin1004-madagascar-centella-tone-brightening-capsule-ampoule-100ml\/"},"modified":"2025-12-15T10:42:48","modified_gmt":"2025-12-15T10:42:48","slug":"skin1004-madagascar-centella-tone-brightening-capsule-ampoule-100ml","status":"publish","type":"product","link":"https:\/\/www.freeshopfrontiera.ch\/fr\/shop\/skin1004-madagascar-centella-tone-brightening-capsule-ampoule-100ml\/","title":{"rendered":"SKIN1004 Madagascar Centella Tone Brightening Capsule Ampoule 100ml"},"content":{"rendered":"<h3 data-start=\"3514\" data-end=\"3594\"><strong data-start=\"3523\" data-end=\"3594\">SKIN1004 Madagascar Centella Tone Brightening Capsule Ampoule 100ml<\/strong><\/h3>\n<p data-start=\"3596\" data-end=\"3946\">R\u00e9v\u00e9lez une peau \u00e9clatante et uniforme avec la <strong data-start=\"3643\" data-end=\"3708\">SKIN1004 Madagascar Centella Tone Brightening Capsule Ampoule<\/strong>, un traitement concentr\u00e9 con\u00e7u pour illuminer le teint et r\u00e9duire les d\u00e9colorations. Gr\u00e2ce \u00e0 sa technologie innovante de capsules, chaque application lib\u00e8re des actifs puissants tout en pr\u00e9servant leur fra\u00eecheur et efficacit\u00e9 maximale.<\/p>\n<p data-start=\"3948\" data-end=\"4276\">Enrichie en <strong data-start=\"3960\" data-end=\"4010\">extrait pur de Centella Asiatica de Madagascar<\/strong>, reconnue pour ses propri\u00e9t\u00e9s apaisantes et r\u00e9g\u00e9n\u00e9rantes, cette ampoule calme les peaux sensibles et renforce la barri\u00e8re cutan\u00e9e. Les ingr\u00e9dients actifs agissent en synergie pour am\u00e9liorer l\u2019\u00e9clat, uniformiser le teint et r\u00e9duire les taches et signes de fatigue.<\/p>\n<p data-start=\"4278\" data-end=\"4599\">Sa texture l\u00e9g\u00e8re et fra\u00eeche s\u2019absorbe rapidement, laissant la peau douce, hydrat\u00e9e et visiblement lumineuse. Convient \u00e0 tous les types de peau, notamment pour celles qui recherchent un teint uniforme et radieux, la <strong data-start=\"4494\" data-end=\"4530\">Tone Brightening Capsule Ampoule<\/strong> s\u2019int\u00e8gre facilement dans votre routine quotidienne matin et soir.<\/p>\n<p data-start=\"4601\" data-end=\"4798\"><strong data-start=\"4601\" data-end=\"4620\">Mode d\u2019emploi :<\/strong> appliquer quelques gouttes sur le visage apr\u00e8s le nettoyage et le tonique. Masser d\u00e9licatement jusqu\u2019\u00e0 absorption compl\u00e8te. Utiliser r\u00e9guli\u00e8rement pour de meilleurs r\u00e9sultats.<\/p>\n<p data-start=\"4800\" data-end=\"4828\"><strong data-start=\"4800\" data-end=\"4826\">Principaux avantages :<\/strong><\/p>\n<ul data-start=\"4829\" data-end=\"5080\">\n<li data-start=\"4829\" data-end=\"4873\">\n<p data-start=\"4831\" data-end=\"4873\">Uniformise le teint et illumine la peau.<\/p>\n<\/li>\n<li data-start=\"4874\" data-end=\"4940\">\n<p data-start=\"4876\" data-end=\"4940\">Apaise et r\u00e9g\u00e9n\u00e8re gr\u00e2ce \u00e0 la Centella Asiatica de Madagascar.<\/p>\n<\/li>\n<li data-start=\"4941\" data-end=\"5004\">\n<p data-start=\"4943\" data-end=\"5004\">Am\u00e9liore la texture de la peau et r\u00e9duit les d\u00e9colorations.<\/p>\n<\/li>\n<li data-start=\"5005\" data-end=\"5080\">\n<p data-start=\"5007\" data-end=\"5080\">Formule l\u00e9g\u00e8re \u00e0 absorption rapide, id\u00e9ale pour la routine quotidienne.<\/p>\n<\/li>\n<\/ul>\n<p data-start=\"5082\" data-end=\"5216\"><strong data-start=\"5082\" data-end=\"5147\">SKIN1004 Madagascar Centella Tone Brightening Capsule Ampoule<\/strong> \u2013 la solution parfaite pour une peau \u00e9clatante, uniforme et saine.<\/p>\n","protected":false},"excerpt":{"rendered":"<p>R\u00e9v\u00e9lez une peau \u00e9clatante et uniforme avec la <strong data-start=\"3643\" data-end=\"3708\">SKIN1004 Madagascar Centella Tone Brightening Capsule Ampoule<\/strong>, un traitement concentr\u00e9 con\u00e7u pour illuminer le teint et r\u00e9duire les d\u00e9colorations.<\/p>\n","protected":false},"featured_media":36518,"comment_status":"open","ping_status":"closed","template":"","meta":[],"pwb-brand":[985],"product_brand":[],"product_cat":[109,295,3768,545],"product_tag":[280,296,5050,3611,5046,562,417,301,4367],"class_list":{"0":"post-36522","1":"product","2":"type-product","3":"status-publish","4":"has-post-thumbnail","6":"pwb-brand-skin-1004","7":"product_cat-pour-elle","8":"product_cat-traitements","9":"product_cat-k-beauty-fr","10":"product_cat-soin-du-visage","11":"product_tag-bestseller-fr","12":"product_tag-femme","13":"product_tag-fete-des-meres","14":"product_tag-k-beauty-fr","15":"product_tag-moins-de-30-chf","16":"product_tag-nouveautes-soins","17":"product_tag-soins-fr","18":"product_tag-soins-du-visage","19":"product_tag-special-printemps","21":"first","22":"instock","23":"sale","24":"taxable","25":"shipping-taxable","26":"purchasable","27":"product-type-simple"},"brands":[{"id":985,"name":"Skin 1004","slug":"skin-1004"}],"_links":{"self":[{"href":"https:\/\/www.freeshopfrontiera.ch\/fr\/wp-json\/wp\/v2\/product\/36522","targetHints":{"allow":["GET"]}}],"collection":[{"href":"https:\/\/www.freeshopfrontiera.ch\/fr\/wp-json\/wp\/v2\/product"}],"about":[{"href":"https:\/\/www.freeshopfrontiera.ch\/fr\/wp-json\/wp\/v2\/types\/product"}],"replies":[{"embeddable":true,"href":"https:\/\/www.freeshopfrontiera.ch\/fr\/wp-json\/wp\/v2\/comments?post=36522"}],"version-history":[{"count":2,"href":"https:\/\/www.freeshopfrontiera.ch\/fr\/wp-json\/wp\/v2\/product\/36522\/revisions"}],"predecessor-version":[{"id":36528,"href":"https:\/\/www.freeshopfrontiera.ch\/fr\/wp-json\/wp\/v2\/product\/36522\/revisions\/36528"}],"wp:featuredmedia":[{"embeddable":true,"href":"https:\/\/www.freeshopfrontiera.ch\/fr\/wp-json\/wp\/v2\/media\/36518"}],"wp:attachment":[{"href":"https:\/\/www.freeshopfrontiera.ch\/fr\/wp-json\/wp\/v2\/media?parent=36522"}],"wp:term":[{"taxonomy":"pwb-brand","embeddable":true,"href":"https:\/\/www.freeshopfrontiera.ch\/fr\/wp-json\/wp\/v2\/pwb-brand?post=36522"},{"taxonomy":"product_brand","embeddable":true,"href":"https:\/\/www.freeshopfrontiera.ch\/fr\/wp-json\/wp\/v2\/product_brand?post=36522"},{"taxonomy":"product_cat","embeddable":true,"href":"https:\/\/www.freeshopfrontiera.ch\/fr\/wp-json\/wp\/v2\/product_cat?post=36522"},{"taxonomy":"product_tag","embeddable":true,"href":"https:\/\/www.freeshopfrontiera.ch\/fr\/wp-json\/wp\/v2\/product_tag?post=36522"}],"curies":[{"name":"wp","href":"https:\/\/api.w.org\/{rel}","templated":true}]}}