{"id":36541,"date":"2025-10-27T14:50:58","date_gmt":"2025-10-27T14:50:58","guid":{"rendered":"https:\/\/www.freeshopfrontiera.ch\/shop\/skin1004-madagascar-centella-probio-cica-glow-sun-ampoule-50ml\/"},"modified":"2025-12-15T10:42:47","modified_gmt":"2025-12-15T10:42:47","slug":"skin1004-madagascar-centella-probio-cica-glow-sun-ampoule-50ml","status":"publish","type":"product","link":"https:\/\/www.freeshopfrontiera.ch\/fr\/shop\/skin1004-madagascar-centella-probio-cica-glow-sun-ampoule-50ml\/","title":{"rendered":"SKIN1004 Madagascar Centella Probio-Cica Glow Sun Ampoule 50ml"},"content":{"rendered":"<h3 data-start=\"3502\" data-end=\"3577\"><strong data-start=\"3511\" data-end=\"3577\">SKIN1004 Madagascar Centella Probio-Cica Glow Sun Ampoule 50ml<\/strong><\/h3>\n<p data-start=\"3579\" data-end=\"4002\">Prot\u00e9gez et illuminez votre peau avec la <strong data-start=\"3620\" data-end=\"3681\">SKIN1004 Madagascar Centella Probio-Cica Glow Sun Ampoule<\/strong>, un traitement solaire innovant qui combine protection UV, hydratation et soin apaisant en une seule formule l\u00e9g\u00e8re. Convient \u00e0 tous les types de peau, cette ampoule offre une protection \u00e0 large spectre contre les rayons UVA et UVB, r\u00e9duisant les dommages caus\u00e9s par le soleil et pr\u00e9venant le vieillissement pr\u00e9matur\u00e9.<\/p>\n<p data-start=\"4004\" data-end=\"4315\">Enrichie en <strong data-start=\"4016\" data-end=\"4066\">extrait pur de Centella Asiatica de Madagascar<\/strong> et <strong data-start=\"4070\" data-end=\"4086\">probiotiques<\/strong>, la formule renforce la barri\u00e8re cutan\u00e9e, apaise les irritations et favorise une peau plus saine et \u00e9clatante. Sa texture l\u00e9g\u00e8re et fra\u00eeche s\u2019absorbe rapidement sans laisser de r\u00e9sidus collants, offrant un effet glow imm\u00e9diat.<\/p>\n<p data-start=\"4317\" data-end=\"4642\">Parfaite pour la routine quotidienne, la <strong data-start=\"4358\" data-end=\"4390\">Probio-Cica Glow Sun Ampoule<\/strong> peut \u00eatre appliqu\u00e9e avant le maquillage ou comme derni\u00e8re \u00e9tape de la routine matinale. En plus de prot\u00e9ger la peau des dommages solaires, elle am\u00e9liore l\u2019\u00e9lasticit\u00e9, unifie le teint et maintient la peau douce et hydrat\u00e9e tout au long de la journ\u00e9e.<\/p>\n<p data-start=\"4644\" data-end=\"4874\"><strong data-start=\"4644\" data-end=\"4663\">Mode d\u2019emploi :<\/strong> appliquer g\u00e9n\u00e9reusement sur le visage et le cou comme derni\u00e8re \u00e9tape de la routine matinale. Renouveler l\u2019application au cours de la journ\u00e9e si n\u00e9cessaire, notamment apr\u00e8s transpiration ou exposition \u00e0 l\u2019eau.<\/p>\n<p data-start=\"4876\" data-end=\"4904\"><strong data-start=\"4876\" data-end=\"4902\">Principaux avantages :<\/strong><\/p>\n<ul data-start=\"4905\" data-end=\"5136\">\n<li data-start=\"4905\" data-end=\"4954\">\n<p data-start=\"4907\" data-end=\"4954\">Protection solaire \u00e0 large spectre (UVA\/UVB).<\/p>\n<\/li>\n<li data-start=\"4955\" data-end=\"5027\">\n<p data-start=\"4957\" data-end=\"5027\">Apaise et renforce gr\u00e2ce \u00e0 la Centella Asiatica et aux probiotiques.<\/p>\n<\/li>\n<li data-start=\"5028\" data-end=\"5085\">\n<p data-start=\"5030\" data-end=\"5085\">Texture l\u00e9g\u00e8re, absorption rapide avec fini lumineux.<\/p>\n<\/li>\n<li data-start=\"5086\" data-end=\"5136\">\n<p data-start=\"5088\" data-end=\"5136\">Maintient la peau hydrat\u00e9e, douce et uniforme.<\/p>\n<\/li>\n<\/ul>\n<p data-start=\"5138\" data-end=\"5309\"><strong data-start=\"5138\" data-end=\"5204\">SKIN1004 Madagascar Centella Probio-Cica Glow Sun Ampoule 50ml<\/strong> \u2013 la solution id\u00e9ale pour une protection solaire efficace et une peau lumineuse et saine au quotidien.<\/p>\n<p data-start=\"1759\" data-end=\"1925\">Follow us! <a href=\"https:\/\/www.instagram.com\/freeshopswiss\/\" target=\"_blank\" rel=\"noopener\">@freeshopswiss<\/a><\/p>\n","protected":false},"excerpt":{"rendered":"<p>Prot\u00e9gez et illuminez votre peau avec la <strong data-start=\"3620\" data-end=\"3681\">SKIN1004 Madagascar Centella Probio-Cica Glow Sun Ampoule<\/strong>, un traitement solaire innovant qui combine protection UV, hydratation et soin apaisant en une seule formule l\u00e9g\u00e8re.<\/p>\n","protected":false},"featured_media":36532,"comment_status":"open","ping_status":"closed","template":"","meta":[],"pwb-brand":[985],"product_brand":[],"product_cat":[109,295,3768,545],"product_tag":[296,3611,417,301],"class_list":{"0":"post-36541","1":"product","2":"type-product","3":"status-publish","4":"has-post-thumbnail","6":"pwb-brand-skin-1004","7":"product_cat-pour-elle","8":"product_cat-traitements","9":"product_cat-k-beauty-fr","10":"product_cat-soin-du-visage","11":"product_tag-femme","12":"product_tag-k-beauty-fr","13":"product_tag-soins-fr","14":"product_tag-soins-du-visage","16":"first","17":"outofstock","18":"sale","19":"taxable","20":"shipping-taxable","21":"purchasable","22":"product-type-simple"},"brands":[{"id":985,"name":"Skin 1004","slug":"skin-1004"}],"_links":{"self":[{"href":"https:\/\/www.freeshopfrontiera.ch\/fr\/wp-json\/wp\/v2\/product\/36541","targetHints":{"allow":["GET"]}}],"collection":[{"href":"https:\/\/www.freeshopfrontiera.ch\/fr\/wp-json\/wp\/v2\/product"}],"about":[{"href":"https:\/\/www.freeshopfrontiera.ch\/fr\/wp-json\/wp\/v2\/types\/product"}],"replies":[{"embeddable":true,"href":"https:\/\/www.freeshopfrontiera.ch\/fr\/wp-json\/wp\/v2\/comments?post=36541"}],"version-history":[{"count":1,"href":"https:\/\/www.freeshopfrontiera.ch\/fr\/wp-json\/wp\/v2\/product\/36541\/revisions"}],"predecessor-version":[{"id":36546,"href":"https:\/\/www.freeshopfrontiera.ch\/fr\/wp-json\/wp\/v2\/product\/36541\/revisions\/36546"}],"wp:featuredmedia":[{"embeddable":true,"href":"https:\/\/www.freeshopfrontiera.ch\/fr\/wp-json\/wp\/v2\/media\/36532"}],"wp:attachment":[{"href":"https:\/\/www.freeshopfrontiera.ch\/fr\/wp-json\/wp\/v2\/media?parent=36541"}],"wp:term":[{"taxonomy":"pwb-brand","embeddable":true,"href":"https:\/\/www.freeshopfrontiera.ch\/fr\/wp-json\/wp\/v2\/pwb-brand?post=36541"},{"taxonomy":"product_brand","embeddable":true,"href":"https:\/\/www.freeshopfrontiera.ch\/fr\/wp-json\/wp\/v2\/product_brand?post=36541"},{"taxonomy":"product_cat","embeddable":true,"href":"https:\/\/www.freeshopfrontiera.ch\/fr\/wp-json\/wp\/v2\/product_cat?post=36541"},{"taxonomy":"product_tag","embeddable":true,"href":"https:\/\/www.freeshopfrontiera.ch\/fr\/wp-json\/wp\/v2\/product_tag?post=36541"}],"curies":[{"name":"wp","href":"https:\/\/api.w.org\/{rel}","templated":true}]}}