{"id":36570,"date":"2025-10-27T15:34:35","date_gmt":"2025-10-27T15:34:35","guid":{"rendered":"https:\/\/www.freeshopfrontiera.ch\/shop\/skin1004-madagascar-centella-hyalu-cica-brightening-toner-210ml\/"},"modified":"2025-12-15T10:42:45","modified_gmt":"2025-12-15T10:42:45","slug":"skin1004-madagascar-centella-hyalu-cica-brightening-toner-210ml","status":"publish","type":"product","link":"https:\/\/www.freeshopfrontiera.ch\/fr\/shop\/skin1004-madagascar-centella-hyalu-cica-brightening-toner-210ml\/","title":{"rendered":"SKIN1004 Madagascar Centella Hyalu-Cica Brightening Toner 210ml"},"content":{"rendered":"<h3 data-start=\"3528\" data-end=\"3604\"><strong data-start=\"3537\" data-end=\"3604\">SKIN1004 Madagascar Centella Hyalu-Cica Brightening Toner 210ml<\/strong><\/h3>\n<p data-start=\"3606\" data-end=\"4009\">Rafra\u00eechissez et illuminez votre peau avec le <strong data-start=\"3652\" data-end=\"3719\">SKIN1004 Madagascar Centella Hyalu-Cica Brightening Toner 210ml<\/strong>, un tonique doux et hydratant con\u00e7u pour uniformiser le teint et apporter un aspect sain et lumineux. Convient \u00e0 tous les types de peau, cette formule combine des ingr\u00e9dients apaisants et hydratants pour pr\u00e9parer la peau aux soins suivants, am\u00e9liorant leur absorption et leur efficacit\u00e9.<\/p>\n<p data-start=\"4011\" data-end=\"4317\">Enrichi en <strong data-start=\"4022\" data-end=\"4072\">extrait pur de Centella Asiatica de Madagascar<\/strong> et en <strong data-start=\"4079\" data-end=\"4101\">acide hyaluronique<\/strong>, ce tonique hydrate en profondeur, renforce la barri\u00e8re cutan\u00e9e et r\u00e9duit rougeurs et irritations. Sa texture l\u00e9g\u00e8re et fra\u00eeche s\u2019absorbe rapidement, laissant la peau douce, \u00e9lastique et visiblement plus uniforme.<\/p>\n<p data-start=\"4319\" data-end=\"4586\">Parfait pour un usage quotidien, le <strong data-start=\"4355\" data-end=\"4387\">Hyalu-Cica Brightening Toner<\/strong> peut \u00eatre appliqu\u00e9 matin et soir apr\u00e8s le nettoyage. Il aide \u00e0 \u00e9quilibrer le pH de la peau, \u00e0 am\u00e9liorer l\u2019\u00e9clat et \u00e0 pr\u00e9parer le visage pour les s\u00e9rums et cr\u00e8mes, optimisant ainsi leur efficacit\u00e9.<\/p>\n<p data-start=\"4588\" data-end=\"4754\"><strong data-start=\"4588\" data-end=\"4607\">Mode d\u2019emploi :<\/strong> verser une quantit\u00e9 ad\u00e9quate sur un coton ou directement dans les mains et tapoter doucement sur la peau propre, en \u00e9vitant le contour des yeux.<\/p>\n<p data-start=\"4756\" data-end=\"4784\"><strong data-start=\"4756\" data-end=\"4782\">Principaux avantages :<\/strong><\/p>\n<ul data-start=\"4785\" data-end=\"5032\">\n<li data-start=\"4785\" data-end=\"4838\">\n<p data-start=\"4787\" data-end=\"4838\">Tonifie et illumine la peau, uniformise le teint.<\/p>\n<\/li>\n<li data-start=\"4839\" data-end=\"4905\">\n<p data-start=\"4841\" data-end=\"4905\">Apaise et r\u00e9g\u00e9n\u00e8re gr\u00e2ce \u00e0 la Centella Asiatica de Madagascar.<\/p>\n<\/li>\n<li data-start=\"4906\" data-end=\"4961\">\n<p data-start=\"4908\" data-end=\"4961\">Hydrate et rafra\u00eechit avec de l\u2019acide hyaluronique.<\/p>\n<\/li>\n<li data-start=\"4962\" data-end=\"5032\">\n<p data-start=\"4964\" data-end=\"5032\">Texture l\u00e9g\u00e8re, absorption rapide, id\u00e9ale pour un usage quotidien.<\/p>\n<\/li>\n<\/ul>\n<p data-start=\"5034\" data-end=\"5197\"><strong data-start=\"5034\" data-end=\"5101\">SKIN1004 Madagascar Centella Hyalu-Cica Brightening Toner 210ml<\/strong> \u2013 le choix parfait pour une peau \u00e9quilibr\u00e9e, hydrat\u00e9e et naturellement lumineuse chaque jour.<\/p>\n<p data-start=\"1749\" data-end=\"1912\">Follow us! <a href=\"https:\/\/www.instagram.com\/freeshopswiss\/\" target=\"_blank\" rel=\"noopener\">@freeshopswiss<\/a><\/p>\n","protected":false},"excerpt":{"rendered":"<p>Rafra\u00eechissez et illuminez votre peau avec le <strong data-start=\"3652\" data-end=\"3719\">SKIN1004 Madagascar Centella Hyalu-Cica Brightening Toner 210ml<\/strong>, un tonique doux et hydratant con\u00e7u pour uniformiser le teint et apporter un aspect sain et lumineux.<\/p>\n","protected":false},"featured_media":36566,"comment_status":"open","ping_status":"closed","template":"","meta":[],"pwb-brand":[985],"product_brand":[],"product_cat":[96,109,295,3768,545],"product_tag":[296,3611,417,301,4367],"class_list":{"0":"post-36570","1":"product","2":"type-product","3":"status-publish","4":"has-post-thumbnail","6":"pwb-brand-skin-1004","7":"product_cat-evidence","8":"product_cat-pour-elle","9":"product_cat-traitements","10":"product_cat-k-beauty-fr","11":"product_cat-soin-du-visage","12":"product_tag-femme","13":"product_tag-k-beauty-fr","14":"product_tag-soins-fr","15":"product_tag-soins-du-visage","16":"product_tag-special-printemps","18":"first","19":"instock","20":"sale","21":"taxable","22":"shipping-taxable","23":"purchasable","24":"product-type-simple"},"brands":[{"id":985,"name":"Skin 1004","slug":"skin-1004"}],"_links":{"self":[{"href":"https:\/\/www.freeshopfrontiera.ch\/fr\/wp-json\/wp\/v2\/product\/36570","targetHints":{"allow":["GET"]}}],"collection":[{"href":"https:\/\/www.freeshopfrontiera.ch\/fr\/wp-json\/wp\/v2\/product"}],"about":[{"href":"https:\/\/www.freeshopfrontiera.ch\/fr\/wp-json\/wp\/v2\/types\/product"}],"replies":[{"embeddable":true,"href":"https:\/\/www.freeshopfrontiera.ch\/fr\/wp-json\/wp\/v2\/comments?post=36570"}],"version-history":[{"count":1,"href":"https:\/\/www.freeshopfrontiera.ch\/fr\/wp-json\/wp\/v2\/product\/36570\/revisions"}],"predecessor-version":[{"id":36575,"href":"https:\/\/www.freeshopfrontiera.ch\/fr\/wp-json\/wp\/v2\/product\/36570\/revisions\/36575"}],"wp:featuredmedia":[{"embeddable":true,"href":"https:\/\/www.freeshopfrontiera.ch\/fr\/wp-json\/wp\/v2\/media\/36566"}],"wp:attachment":[{"href":"https:\/\/www.freeshopfrontiera.ch\/fr\/wp-json\/wp\/v2\/media?parent=36570"}],"wp:term":[{"taxonomy":"pwb-brand","embeddable":true,"href":"https:\/\/www.freeshopfrontiera.ch\/fr\/wp-json\/wp\/v2\/pwb-brand?post=36570"},{"taxonomy":"product_brand","embeddable":true,"href":"https:\/\/www.freeshopfrontiera.ch\/fr\/wp-json\/wp\/v2\/product_brand?post=36570"},{"taxonomy":"product_cat","embeddable":true,"href":"https:\/\/www.freeshopfrontiera.ch\/fr\/wp-json\/wp\/v2\/product_cat?post=36570"},{"taxonomy":"product_tag","embeddable":true,"href":"https:\/\/www.freeshopfrontiera.ch\/fr\/wp-json\/wp\/v2\/product_tag?post=36570"}],"curies":[{"name":"wp","href":"https:\/\/api.w.org\/{rel}","templated":true}]}}