{"id":36588,"date":"2025-10-27T15:46:35","date_gmt":"2025-10-27T15:46:35","guid":{"rendered":"https:\/\/www.freeshopfrontiera.ch\/shop\/skin1004-madagascar-centella-hyalu-cica-first-ampoule-100ml\/"},"modified":"2025-12-15T10:42:44","modified_gmt":"2025-12-15T10:42:44","slug":"skin1004-madagascar-centella-hyalu-cica-first-ampoule-100ml","status":"publish","type":"product","link":"https:\/\/www.freeshopfrontiera.ch\/fr\/shop\/skin1004-madagascar-centella-hyalu-cica-first-ampoule-100ml\/","title":{"rendered":"SKIN1004 Madagascar Centella Hyalu-Cica First Ampoule 100ml"},"content":{"rendered":"<h3 data-start=\"3806\" data-end=\"3878\"><strong data-start=\"3815\" data-end=\"3878\">SKIN1004 Madagascar Centella Hyalu-Cica First Ampoule 100ml<\/strong><\/h3>\n<p data-start=\"3880\" data-end=\"4260\">Commencez votre routine de soins avec la <strong data-start=\"3921\" data-end=\"3984\">SKIN1004 Madagascar Centella Hyalu-Cica First Ampoule 100ml<\/strong>, un traitement concentr\u00e9 con\u00e7u pour pr\u00e9parer la peau et am\u00e9liorer l\u2019absorption des produits suivants. Convient \u00e0 tous les types de peau, cette ampoule hydrate en profondeur, apaise les irritations et renforce la barri\u00e8re cutan\u00e9e, laissant le visage frais, doux et lumineux.<\/p>\n<p data-start=\"4262\" data-end=\"4678\">Enrichie en <strong data-start=\"4274\" data-end=\"4324\">extrait pur de Centella Asiatica de Madagascar<\/strong> et en <strong data-start=\"4331\" data-end=\"4353\">acide hyaluronique<\/strong>, la formule offre des bienfaits apaisants, r\u00e9g\u00e9n\u00e9rants et hydratants, r\u00e9duisant les rougeurs et les signes de fatigue cutan\u00e9e. Sa texture l\u00e9g\u00e8re et aqueuse s\u2019absorbe rapidement, cr\u00e9ant la base parfaite pour les s\u00e9rums et les cr\u00e8mes, optimisant leur efficacit\u00e9 et garantissant une peau \u00e9quilibr\u00e9e et visiblement plus saine.<\/p>\n<p data-start=\"4680\" data-end=\"4961\">La <strong data-start=\"4683\" data-end=\"4711\">Hyalu-Cica First Ampoule<\/strong> est id\u00e9ale pour un usage matin et soir, appliqu\u00e9e imm\u00e9diatement apr\u00e8s le nettoyage pour pr\u00e9parer la peau \u00e0 une routine compl\u00e8te et am\u00e9liorer son \u00e9clat naturel. Parfaite pour ceux qui recherchent un teint hydrat\u00e9, uniforme et lumineux au quotidien.<\/p>\n<p data-start=\"4963\" data-end=\"5134\"><strong data-start=\"4963\" data-end=\"4982\">Mode d\u2019emploi :<\/strong> appliquer quelques gouttes sur la peau propre apr\u00e8s le nettoyage. Masser d\u00e9licatement jusqu\u2019\u00e0 absorption compl\u00e8te avant d\u2019appliquer s\u00e9rums ou cr\u00e8mes.<\/p>\n<p data-start=\"5136\" data-end=\"5164\"><strong data-start=\"5136\" data-end=\"5162\">Principaux avantages :<\/strong><\/p>\n<ul data-start=\"5165\" data-end=\"5473\">\n<li data-start=\"5165\" data-end=\"5242\">\n<p data-start=\"5167\" data-end=\"5242\">Pr\u00e9pare la peau aux soins suivants et am\u00e9liore l\u2019absorption des produits.<\/p>\n<\/li>\n<li data-start=\"5243\" data-end=\"5335\">\n<p data-start=\"5245\" data-end=\"5335\">Apaise et r\u00e9g\u00e9n\u00e8re gr\u00e2ce \u00e0 la Centella Asiatica de Madagascar et \u00e0 l\u2019acide hyaluronique.<\/p>\n<\/li>\n<li data-start=\"5336\" data-end=\"5402\">\n<p data-start=\"5338\" data-end=\"5402\">Hydrate en profondeur et r\u00e9duit rougeurs et signes de fatigue.<\/p>\n<\/li>\n<li data-start=\"5403\" data-end=\"5473\">\n<p data-start=\"5405\" data-end=\"5473\">Texture l\u00e9g\u00e8re, absorption rapide, id\u00e9ale pour un usage quotidien.<\/p>\n<\/li>\n<\/ul>\n<p data-start=\"5475\" data-end=\"5638\"><strong data-start=\"5475\" data-end=\"5538\">SKIN1004 Madagascar Centella Hyalu-Cica First Ampoule 100ml<\/strong> \u2013 la solution parfaite pour une peau \u00e9quilibr\u00e9e, hydrat\u00e9e et naturellement lumineuse chaque jour.<\/p>\n<p data-start=\"1805\" data-end=\"1967\">Follow us! <a href=\"https:\/\/www.instagram.com\/freeshopswiss\/\" target=\"_blank\" rel=\"noopener\">@freeshopswiss<\/a><\/p>\n","protected":false},"excerpt":{"rendered":"<p>Commencez votre routine de soins avec la <strong data-start=\"3921\" data-end=\"3984\">SKIN1004 Madagascar Centella Hyalu-Cica First Ampoule 100ml<\/strong>, un traitement concentr\u00e9 con\u00e7u pour pr\u00e9parer la peau et am\u00e9liorer l\u2019absorption des produits suivants.<\/p>\n","protected":false},"featured_media":36579,"comment_status":"open","ping_status":"closed","template":"","meta":[],"pwb-brand":[985],"product_brand":[],"product_cat":[109,295,3768,545],"product_tag":[296,3611,417,301],"class_list":{"0":"post-36588","1":"product","2":"type-product","3":"status-publish","4":"has-post-thumbnail","6":"pwb-brand-skin-1004","7":"product_cat-pour-elle","8":"product_cat-traitements","9":"product_cat-k-beauty-fr","10":"product_cat-soin-du-visage","11":"product_tag-femme","12":"product_tag-k-beauty-fr","13":"product_tag-soins-fr","14":"product_tag-soins-du-visage","16":"first","17":"outofstock","18":"sale","19":"taxable","20":"shipping-taxable","21":"purchasable","22":"product-type-simple"},"brands":[{"id":985,"name":"Skin 1004","slug":"skin-1004"}],"_links":{"self":[{"href":"https:\/\/www.freeshopfrontiera.ch\/fr\/wp-json\/wp\/v2\/product\/36588","targetHints":{"allow":["GET"]}}],"collection":[{"href":"https:\/\/www.freeshopfrontiera.ch\/fr\/wp-json\/wp\/v2\/product"}],"about":[{"href":"https:\/\/www.freeshopfrontiera.ch\/fr\/wp-json\/wp\/v2\/types\/product"}],"replies":[{"embeddable":true,"href":"https:\/\/www.freeshopfrontiera.ch\/fr\/wp-json\/wp\/v2\/comments?post=36588"}],"version-history":[{"count":1,"href":"https:\/\/www.freeshopfrontiera.ch\/fr\/wp-json\/wp\/v2\/product\/36588\/revisions"}],"predecessor-version":[{"id":36591,"href":"https:\/\/www.freeshopfrontiera.ch\/fr\/wp-json\/wp\/v2\/product\/36588\/revisions\/36591"}],"wp:featuredmedia":[{"embeddable":true,"href":"https:\/\/www.freeshopfrontiera.ch\/fr\/wp-json\/wp\/v2\/media\/36579"}],"wp:attachment":[{"href":"https:\/\/www.freeshopfrontiera.ch\/fr\/wp-json\/wp\/v2\/media?parent=36588"}],"wp:term":[{"taxonomy":"pwb-brand","embeddable":true,"href":"https:\/\/www.freeshopfrontiera.ch\/fr\/wp-json\/wp\/v2\/pwb-brand?post=36588"},{"taxonomy":"product_brand","embeddable":true,"href":"https:\/\/www.freeshopfrontiera.ch\/fr\/wp-json\/wp\/v2\/product_brand?post=36588"},{"taxonomy":"product_cat","embeddable":true,"href":"https:\/\/www.freeshopfrontiera.ch\/fr\/wp-json\/wp\/v2\/product_cat?post=36588"},{"taxonomy":"product_tag","embeddable":true,"href":"https:\/\/www.freeshopfrontiera.ch\/fr\/wp-json\/wp\/v2\/product_tag?post=36588"}],"curies":[{"name":"wp","href":"https:\/\/api.w.org\/{rel}","templated":true}]}}