{"id":36622,"date":"2025-10-31T11:56:35","date_gmt":"2025-10-31T11:56:35","guid":{"rendered":"https:\/\/www.freeshopfrontiera.ch\/shop\/sensai-set-absolute-silk\/"},"modified":"2025-10-31T12:00:02","modified_gmt":"2025-10-31T12:00:02","slug":"sensai-set-absolute-silk","status":"publish","type":"product","link":"https:\/\/www.freeshopfrontiera.ch\/fr\/shop\/sensai-set-absolute-silk\/","title":{"rendered":"SENSAI SET Absolute Silk"},"content":{"rendered":"<h3 data-start=\"1557\" data-end=\"1631\"><strong data-start=\"1561\" data-end=\"1629\">Coffret SENSAI Absolute Silk \u2013 Rituel Complet de Soin<\/strong><\/h3>\n<p data-start=\"1633\" data-end=\"1649\"><strong data-start=\"1633\" data-end=\"1647\">Contient :<\/strong><\/p>\n<ul data-start=\"1650\" data-end=\"1760\">\n<li data-start=\"1650\" data-end=\"1698\">\n<p data-start=\"1652\" data-end=\"1698\">Absolute Silk Micro Essence-in-Lotion 125 ml<\/p>\n<\/li>\n<li data-start=\"1699\" data-end=\"1728\">\n<p data-start=\"1701\" data-end=\"1728\">Absolute Silk Fluid 16 ml<\/p>\n<\/li>\n<li data-start=\"1729\" data-end=\"1760\">\n<p data-start=\"1731\" data-end=\"1760\">Total Eye Expert Cream 9 ml<\/p>\n<\/li>\n<\/ul>\n<p data-start=\"1762\" data-end=\"2075\">D\u00e9couvrez le luxe de la <strong data-start=\"1786\" data-end=\"1808\">skincare japonaise<\/strong> avec le <strong data-start=\"1817\" data-end=\"1849\">coffret SENSAI Absolute Silk<\/strong>, un rituel complet con\u00e7u pour <strong data-start=\"1880\" data-end=\"1926\">hydrater, illuminer et revitaliser la peau<\/strong>. Ce coffret exclusif r\u00e9unit trois produits iconiques pour un soin visage intensif et sensoriel, id\u00e9al pour une <strong data-start=\"2038\" data-end=\"2072\">peau douce, lisse et \u00e9clatante<\/strong>.<\/p>\n<p data-start=\"2077\" data-end=\"2492\">La <strong data-start=\"2080\" data-end=\"2107\">Micro Essence-in-Lotion<\/strong> pr\u00e9pare la peau, offrant une <strong data-start=\"2137\" data-end=\"2161\">hydratation profonde<\/strong> et favorisant l\u2019absorption des soins suivants. Le <strong data-start=\"2212\" data-end=\"2235\">Fluid Absolute Silk<\/strong> nourrit et uniformise le teint, laissant la peau velout\u00e9e et ferme. Compl\u00e9tez le rituel avec la <strong data-start=\"2332\" data-end=\"2358\">Total Eye Expert Cream<\/strong>, sp\u00e9cialement formul\u00e9e pour le contour des yeux, r\u00e9duisant les ridules, les poches et les cernes pour un regard lumineux et repos\u00e9.<\/p>\n<p data-start=\"2494\" data-end=\"2816\">Gr\u00e2ce \u00e0 la philosophie <strong data-start=\"2517\" data-end=\"2525\">Saho<\/strong>, chaque produit agit en synergie pour transformer votre routine quotidienne en un moment de <strong data-start=\"2618\" data-end=\"2642\">luxe et de bien-\u00eatre<\/strong>. Parfait pour am\u00e9liorer <strong data-start=\"2667\" data-end=\"2717\">l\u2019\u00e9lasticit\u00e9, l\u2019\u00e9clat et la douceur de la peau<\/strong>, ce coffret est \u00e9galement un cadeau exclusif pour les amateurs de <strong data-start=\"2784\" data-end=\"2813\">cosm\u00e9tiques haut de gamme<\/strong>.<\/p>\n<p data-start=\"1195\" data-end=\"1584\">\n","protected":false},"excerpt":{"rendered":"<p>D\u00e9couvrez le luxe de la <strong data-start=\"1786\" data-end=\"1808\">skincare japonaise<\/strong> avec le <strong data-start=\"1817\" data-end=\"1849\">coffret SENSAI Absolute Silk<\/strong>, un rituel complet con\u00e7u pour <strong data-start=\"1880\" data-end=\"1926\">hydrater, illuminer et revitaliser la peau<\/strong>.<\/p>\n","protected":false},"featured_media":36618,"comment_status":"open","ping_status":"closed","template":"","meta":[],"pwb-brand":[596],"product_brand":[],"product_cat":[295,484,545],"product_tag":[459,461,296,417,301],"class_list":{"0":"post-36622","1":"product","2":"type-product","3":"status-publish","4":"has-post-thumbnail","6":"pwb-brand-sensai","7":"product_cat-traitements","8":"product_cat-coffret","9":"product_cat-soin-du-visage","10":"product_tag-coffret","11":"product_tag-coffrets-femme","12":"product_tag-femme","13":"product_tag-soins-fr","14":"product_tag-soins-du-visage","16":"first","17":"instock","18":"sale","19":"taxable","20":"shipping-taxable","21":"purchasable","22":"product-type-simple"},"brands":[{"id":596,"name":"Sensai","slug":"sensai"}],"_links":{"self":[{"href":"https:\/\/www.freeshopfrontiera.ch\/fr\/wp-json\/wp\/v2\/product\/36622","targetHints":{"allow":["GET"]}}],"collection":[{"href":"https:\/\/www.freeshopfrontiera.ch\/fr\/wp-json\/wp\/v2\/product"}],"about":[{"href":"https:\/\/www.freeshopfrontiera.ch\/fr\/wp-json\/wp\/v2\/types\/product"}],"replies":[{"embeddable":true,"href":"https:\/\/www.freeshopfrontiera.ch\/fr\/wp-json\/wp\/v2\/comments?post=36622"}],"version-history":[{"count":1,"href":"https:\/\/www.freeshopfrontiera.ch\/fr\/wp-json\/wp\/v2\/product\/36622\/revisions"}],"predecessor-version":[{"id":36626,"href":"https:\/\/www.freeshopfrontiera.ch\/fr\/wp-json\/wp\/v2\/product\/36622\/revisions\/36626"}],"wp:featuredmedia":[{"embeddable":true,"href":"https:\/\/www.freeshopfrontiera.ch\/fr\/wp-json\/wp\/v2\/media\/36618"}],"wp:attachment":[{"href":"https:\/\/www.freeshopfrontiera.ch\/fr\/wp-json\/wp\/v2\/media?parent=36622"}],"wp:term":[{"taxonomy":"pwb-brand","embeddable":true,"href":"https:\/\/www.freeshopfrontiera.ch\/fr\/wp-json\/wp\/v2\/pwb-brand?post=36622"},{"taxonomy":"product_brand","embeddable":true,"href":"https:\/\/www.freeshopfrontiera.ch\/fr\/wp-json\/wp\/v2\/product_brand?post=36622"},{"taxonomy":"product_cat","embeddable":true,"href":"https:\/\/www.freeshopfrontiera.ch\/fr\/wp-json\/wp\/v2\/product_cat?post=36622"},{"taxonomy":"product_tag","embeddable":true,"href":"https:\/\/www.freeshopfrontiera.ch\/fr\/wp-json\/wp\/v2\/product_tag?post=36622"}],"curies":[{"name":"wp","href":"https:\/\/api.w.org\/{rel}","templated":true}]}}