{"id":36657,"date":"2025-11-03T08:55:56","date_gmt":"2025-11-03T08:55:56","guid":{"rendered":"https:\/\/www.freeshopfrontiera.ch\/shop\/guerlain-set-mon-guerlain\/"},"modified":"2025-12-16T15:21:23","modified_gmt":"2025-12-16T15:21:23","slug":"guerlain-set-mon-guerlain","status":"publish","type":"product","link":"https:\/\/www.freeshopfrontiera.ch\/fr\/shop\/guerlain-set-mon-guerlain\/","title":{"rendered":"GUERLAIN Set Mon Guerlain"},"content":{"rendered":"<p>Le <strong data-start=\"4199\" data-end=\"4235\">Coffret Mon Guerlain de GUERLAIN<\/strong> rend hommage \u00e0 la f\u00e9minit\u00e9 moderne, libre, forte et sensuelle. Ce coffret luxueux incarne l\u2019\u00e9l\u00e9gance intemporelle et la gr\u00e2ce \u00e0 la fran\u00e7aise, parfait pour celles qui recherchent un parfum \u00e0 la fois d\u00e9licat et puissant, empreint de raffinement et de caract\u00e8re.<br data-start=\"4495\" data-end=\"4498\" \/>Il contient le mythique <strong data-start=\"4522\" data-end=\"4557\">Mon Guerlain Eau de Parfum 50ml<\/strong>, une fragrance envo\u00fbtante qui marie la fra\u00eecheur de la <strong data-start=\"4613\" data-end=\"4636\">lavande de Provence<\/strong> \u00e0 la douceur de la <strong data-start=\"4656\" data-end=\"4681\">vanille de Madagascar<\/strong>, sublim\u00e9e par les notes chaudes du <strong data-start=\"4717\" data-end=\"4747\">bois de santal d\u2019Australie<\/strong> et la lumi\u00e8re florale du <strong data-start=\"4773\" data-end=\"4790\">jasmin sambac<\/strong>. Ensemble, ces accords cr\u00e9ent un sillage unique, symbole de pure \u00e9l\u00e9gance et de f\u00e9minit\u00e9 assum\u00e9e.<br data-start=\"4888\" data-end=\"4891\" \/>La <strong data-start=\"4894\" data-end=\"4927\">lotion pour le corps parfum\u00e9e<\/strong> hydrate et enveloppe la peau d\u2019un voile d\u00e9licatement parfum\u00e9, tandis que la <strong data-start=\"5004\" data-end=\"5027\">miniature de voyage<\/strong> permet d\u2019emporter votre parfum partout, pour une touche de glamour \u00e0 tout moment.<br data-start=\"5109\" data-end=\"5112\" \/>V\u00e9ritable <strong data-start=\"5122\" data-end=\"5149\">id\u00e9e cadeau de prestige<\/strong>, le <strong data-start=\"5154\" data-end=\"5178\" data-is-only-node=\"\">Coffret Mon Guerlain<\/strong> ne se contente pas de parfumer : il transforme la routine beaut\u00e9 en un rituel de bien-\u00eatre et de confiance, une exp\u00e9rience sensorielle sign\u00e9e <strong data-start=\"5321\" data-end=\"5333\">GUERLAIN<\/strong>, maison d\u2019excellence et d\u2019\u00e9motion depuis 1828.<\/p>\n<p>&nbsp;<\/p>\n<p>Follow us! <a href=\"https:\/\/www.instagram.com\/freeshopswiss\/\" target=\"_blank\" rel=\"noopener\">@freeshopswiss<\/a><\/p>\n","protected":false},"excerpt":{"rendered":"<p>Le <strong data-start=\"4199\" data-end=\"4235\">Coffret Mon Guerlain de GUERLAIN<\/strong> rend hommage \u00e0 la f\u00e9minit\u00e9 moderne, libre, forte et sensuelle. Ce coffret luxueux incarne l\u2019\u00e9l\u00e9gance intemporelle et la gr\u00e2ce \u00e0 la fran\u00e7aise, parfait pour celles qui recherchent un parfum \u00e0 la fois d\u00e9licat et puissant, empreint de raffinement et de caract\u00e8re.<\/p>\n","protected":false},"featured_media":36653,"comment_status":"open","ping_status":"closed","template":"","meta":[],"pwb-brand":[],"product_brand":[],"product_cat":[87,109,295,484,545],"product_tag":[280,459,461,296,5050,5074,417],"class_list":{"0":"post-36657","1":"product","2":"type-product","3":"status-publish","4":"has-post-thumbnail","6":"product_cat-parfums","7":"product_cat-pour-elle","8":"product_cat-traitements","9":"product_cat-coffret","10":"product_cat-soin-du-visage","11":"product_tag-bestseller-fr","12":"product_tag-coffret","13":"product_tag-coffrets-femme","14":"product_tag-femme","15":"product_tag-fete-des-meres","16":"product_tag-parfums-pour-la-fete-des-meres","17":"product_tag-soins-fr","19":"first","20":"instock","21":"sale","22":"taxable","23":"shipping-taxable","24":"purchasable","25":"product-type-simple"},"brands":[],"_links":{"self":[{"href":"https:\/\/www.freeshopfrontiera.ch\/fr\/wp-json\/wp\/v2\/product\/36657","targetHints":{"allow":["GET"]}}],"collection":[{"href":"https:\/\/www.freeshopfrontiera.ch\/fr\/wp-json\/wp\/v2\/product"}],"about":[{"href":"https:\/\/www.freeshopfrontiera.ch\/fr\/wp-json\/wp\/v2\/types\/product"}],"replies":[{"embeddable":true,"href":"https:\/\/www.freeshopfrontiera.ch\/fr\/wp-json\/wp\/v2\/comments?post=36657"}],"version-history":[{"count":1,"href":"https:\/\/www.freeshopfrontiera.ch\/fr\/wp-json\/wp\/v2\/product\/36657\/revisions"}],"predecessor-version":[{"id":36661,"href":"https:\/\/www.freeshopfrontiera.ch\/fr\/wp-json\/wp\/v2\/product\/36657\/revisions\/36661"}],"wp:featuredmedia":[{"embeddable":true,"href":"https:\/\/www.freeshopfrontiera.ch\/fr\/wp-json\/wp\/v2\/media\/36653"}],"wp:attachment":[{"href":"https:\/\/www.freeshopfrontiera.ch\/fr\/wp-json\/wp\/v2\/media?parent=36657"}],"wp:term":[{"taxonomy":"pwb-brand","embeddable":true,"href":"https:\/\/www.freeshopfrontiera.ch\/fr\/wp-json\/wp\/v2\/pwb-brand?post=36657"},{"taxonomy":"product_brand","embeddable":true,"href":"https:\/\/www.freeshopfrontiera.ch\/fr\/wp-json\/wp\/v2\/product_brand?post=36657"},{"taxonomy":"product_cat","embeddable":true,"href":"https:\/\/www.freeshopfrontiera.ch\/fr\/wp-json\/wp\/v2\/product_cat?post=36657"},{"taxonomy":"product_tag","embeddable":true,"href":"https:\/\/www.freeshopfrontiera.ch\/fr\/wp-json\/wp\/v2\/product_tag?post=36657"}],"curies":[{"name":"wp","href":"https:\/\/api.w.org\/{rel}","templated":true}]}}