{"id":36699,"date":"2025-11-03T10:07:33","date_gmt":"2025-11-03T10:07:33","guid":{"rendered":"https:\/\/www.freeshopfrontiera.ch\/shop\/lancome-set-idole\/"},"modified":"2025-11-03T10:12:34","modified_gmt":"2025-11-03T10:12:34","slug":"lancome-set-idole","status":"publish","type":"product","link":"https:\/\/www.freeshopfrontiera.ch\/fr\/shop\/lancome-set-idole\/","title":{"rendered":"LANCOME SET Idole"},"content":{"rendered":"<p data-start=\"6057\" data-end=\"6893\">D\u00e9couvrez la combinaison parfaite d\u2019\u00e9l\u00e9gance, de f\u00e9minit\u00e9 et de modernit\u00e9 avec le <strong data-start=\"6139\" data-end=\"6217\">Coffret LANC\u00d4ME Id\u00f4le Eau de Parfum 50ml + Mini EdP 10ml + Mini Lash Id\u00f4le<\/strong>, un ensemble exclusif con\u00e7u pour les femmes qui souhaitent exprimer force, confiance et charme \u00e0 chaque instant de la journ\u00e9e. <strong data-start=\"6345\" data-end=\"6368\">Id\u00f4le Eau de Parfum<\/strong> est un parfum iconique, moderne et radieux, cr\u00e9\u00e9 pour c\u00e9l\u00e9brer la libert\u00e9, la d\u00e9termination et la beaut\u00e9 authentique de chaque femme. Sa composition unique s\u2019ouvre sur des notes fra\u00eeches et fruit\u00e9es de <strong data-start=\"6571\" data-end=\"6593\">bergamote et poire<\/strong>, apportant \u00e9nergie et vitalit\u00e9, suivies d\u2019un c\u0153ur d\u00e9licat et raffin\u00e9 de <strong data-start=\"6666\" data-end=\"6701\">rose, jasmin et fleurs blanches<\/strong>, mettant en valeur la f\u00e9minit\u00e9 avec \u00e9l\u00e9gance et gr\u00e2ce, et se termine par une note de fond chaude et enveloppante de <strong data-start=\"6818\" data-end=\"6843\">vanille et musc blanc<\/strong>, offrant profondeur, sensualit\u00e9 et persistance.<\/p>\n<p data-start=\"6895\" data-end=\"7486\">Le coffret comprend le flacon principal de <strong data-start=\"6938\" data-end=\"6946\">50ml<\/strong>, parfait pour un usage quotidien, un <strong data-start=\"6984\" data-end=\"7004\">Mini EdP de 10ml<\/strong> pratique pour renouveler le parfum \u00e0 tout moment, et le <strong data-start=\"7061\" data-end=\"7080\">Mini Lash Id\u00f4le<\/strong>, un mascara iconique qui sublime le regard avec volume et d\u00e9finition, compl\u00e9tant l\u2019exp\u00e9rience beaut\u00e9 et faisant de ce coffret un v\u00e9ritable rituel de soin et de style. L\u2019emballage \u00e9l\u00e9gant et raffin\u00e9 refl\u00e8te l\u2019essence de la marque LANC\u00d4ME, faisant de ce coffret le cadeau id\u00e9al non seulement comme pr\u00e9sent pr\u00e9cieux mais aussi comme ajout indispensable \u00e0 toute collection de parfums et cosm\u00e9tiques de luxe.<\/p>\n<p data-start=\"7488\" data-end=\"7966\">Le <strong data-start=\"7491\" data-end=\"7516\">Coffret LANC\u00d4ME Id\u00f4le<\/strong> accompagne chaque moment de la journ\u00e9e de la femme moderne, du matin au soir, des routines quotidiennes aux \u00e9v\u00e9nements sp\u00e9ciaux, offrant une exp\u00e9rience compl\u00e8te alliant parfum et maquillage dans un seul coffret raffin\u00e9. Parfait pour celles qui recherchent un cadeau \u00e9l\u00e9gant, exclusif et polyvalent, capable de transmettre personnalit\u00e9, style et charme intemporel, rendant chaque geste une expression de leur individualit\u00e9 et de leur beaut\u00e9 unique.<\/p>\n<p data-start=\"1066\" data-end=\"1292\">Follow us! <a href=\"https:\/\/www.instagram.com\/freeshopswiss\/\" target=\"_blank\" rel=\"noopener\">@freeshopswiss<\/a><\/p>\n","protected":false},"excerpt":{"rendered":"<p>D\u00e9couvrez la combinaison parfaite d\u2019\u00e9l\u00e9gance, de f\u00e9minit\u00e9 et de modernit\u00e9 avec le <strong data-start=\"6139\" data-end=\"6217\">Coffret LANC\u00d4ME Id\u00f4le Eau de Parfum 50ml + Mini EdP 10ml + Mini Lash Id\u00f4le<\/strong>, un ensemble exclusif con\u00e7u pour les femmes qui souhaitent exprimer force, confiance et charme \u00e0 chaque instant de la journ\u00e9e. <strong data-start=\"6345\" data-end=\"6368\">I<\/strong><\/p>\n","protected":false},"featured_media":39664,"comment_status":"open","ping_status":"closed","template":"","meta":[],"pwb-brand":[262],"product_brand":[],"product_cat":[87,109,484,4192],"product_tag":[459,461,296,97],"class_list":{"0":"post-36699","1":"product","2":"type-product","3":"status-publish","4":"has-post-thumbnail","6":"pwb-brand-lancome","7":"product_cat-parfums","8":"product_cat-pour-elle","9":"product_cat-coffret","10":"product_cat-offers-coffret","11":"product_tag-coffret","12":"product_tag-coffrets-femme","13":"product_tag-femme","14":"product_tag-parfums","16":"first","17":"instock","18":"sale","19":"taxable","20":"shipping-taxable","21":"purchasable","22":"product-type-simple"},"brands":[{"id":262,"name":"Lanc\u00f4me","slug":"lancome"}],"_links":{"self":[{"href":"https:\/\/www.freeshopfrontiera.ch\/fr\/wp-json\/wp\/v2\/product\/36699","targetHints":{"allow":["GET"]}}],"collection":[{"href":"https:\/\/www.freeshopfrontiera.ch\/fr\/wp-json\/wp\/v2\/product"}],"about":[{"href":"https:\/\/www.freeshopfrontiera.ch\/fr\/wp-json\/wp\/v2\/types\/product"}],"replies":[{"embeddable":true,"href":"https:\/\/www.freeshopfrontiera.ch\/fr\/wp-json\/wp\/v2\/comments?post=36699"}],"version-history":[{"count":1,"href":"https:\/\/www.freeshopfrontiera.ch\/fr\/wp-json\/wp\/v2\/product\/36699\/revisions"}],"predecessor-version":[{"id":36702,"href":"https:\/\/www.freeshopfrontiera.ch\/fr\/wp-json\/wp\/v2\/product\/36699\/revisions\/36702"}],"wp:featuredmedia":[{"embeddable":true,"href":"https:\/\/www.freeshopfrontiera.ch\/fr\/wp-json\/wp\/v2\/media\/39664"}],"wp:attachment":[{"href":"https:\/\/www.freeshopfrontiera.ch\/fr\/wp-json\/wp\/v2\/media?parent=36699"}],"wp:term":[{"taxonomy":"pwb-brand","embeddable":true,"href":"https:\/\/www.freeshopfrontiera.ch\/fr\/wp-json\/wp\/v2\/pwb-brand?post=36699"},{"taxonomy":"product_brand","embeddable":true,"href":"https:\/\/www.freeshopfrontiera.ch\/fr\/wp-json\/wp\/v2\/product_brand?post=36699"},{"taxonomy":"product_cat","embeddable":true,"href":"https:\/\/www.freeshopfrontiera.ch\/fr\/wp-json\/wp\/v2\/product_cat?post=36699"},{"taxonomy":"product_tag","embeddable":true,"href":"https:\/\/www.freeshopfrontiera.ch\/fr\/wp-json\/wp\/v2\/product_tag?post=36699"}],"curies":[{"name":"wp","href":"https:\/\/api.w.org\/{rel}","templated":true}]}}