{"id":36711,"date":"2025-11-03T11:10:57","date_gmt":"2025-11-03T11:10:57","guid":{"rendered":"https:\/\/www.freeshopfrontiera.ch\/shop\/babor-advent-calendar-2025\/"},"modified":"2026-01-07T07:17:30","modified_gmt":"2026-01-07T07:17:30","slug":"babor-advent-calendar-2025","status":"publish","type":"product","link":"https:\/\/www.freeshopfrontiera.ch\/fr\/shop\/babor-advent-calendar-2025\/","title":{"rendered":"BABOR Advent Calendar 2025"},"content":{"rendered":"<p data-start=\"2556\" data-end=\"2594\"><strong data-start=\"2556\" data-end=\"2592\">Calendrier de l\u2019Avent BABOR 2025<\/strong><\/p>\n<p data-start=\"2596\" data-end=\"2988\">Vivez la magie de No\u00ebl avec le <strong data-start=\"2627\" data-end=\"2663\">Calendrier de l\u2019Avent BABOR 2025<\/strong>, un calendrier de luxe con\u00e7u pour transformer chaque jour de d\u00e9cembre en un moment de <strong data-start=\"2750\" data-end=\"2780\">soin et de beaut\u00e9 exclusif<\/strong>. \u00c0 l\u2019int\u00e9rieur, d\u00e9couvrez <strong data-start=\"2807\" data-end=\"2850\">24 surprises skincare et beauty premium<\/strong>, comprenant <strong data-start=\"2863\" data-end=\"2915\">s\u00e9rums, cr\u00e8mes, masques et miniatures exclusives<\/strong>, parfaites pour explorer les produits les plus embl\u00e9matiques de BABOR.<\/p>\n<p data-start=\"2990\" data-end=\"3376\">Chaque fen\u00eatre offre une exp\u00e9rience quotidienne de bien-\u00eatre, id\u00e9ale pour ceux qui souhaitent <strong data-start=\"3084\" data-end=\"3113\">prendre soin de leur peau<\/strong> avec des produits de haute qualit\u00e9 ou pour ceux qui recherchent un cadeau raffin\u00e9 et original. La s\u00e9lection soign\u00e9e combine <strong data-start=\"3238\" data-end=\"3284\">innovation cosm\u00e9tique et plaisir sensoriel<\/strong>, avec des textures d\u00e9licates, des fragrances sophistiqu\u00e9es et des formulations efficaces.<\/p>\n<p data-start=\"3378\" data-end=\"3619\">Avec son design \u00e9l\u00e9gant et son souci du d\u00e9tail, le <strong data-start=\"3429\" data-end=\"3465\">Calendrier de l\u2019Avent BABOR 2025<\/strong> n\u2019est pas seulement un cadeau de beaut\u00e9, mais \u00e9galement un objet d\u00e9coratif styl\u00e9, apportant une touche de luxe et de festivit\u00e9 \u00e0 n\u2019importe quel espace.<\/p>\n<p data-start=\"3621\" data-end=\"3788\">Un calendrier con\u00e7u pour <strong data-start=\"3646\" data-end=\"3702\">offrir 24 jours de soins, de plaisir et de surprises<\/strong>, rendant le compte \u00e0 rebours jusqu\u2019\u00e0 No\u00ebl un v\u00e9ritable moment de plaisir quotidien.<\/p>\n<p data-start=\"1198\" data-end=\"1364\">Follow us! <a href=\"https:\/\/www.instagram.com\/freeshopswiss\/\" target=\"_blank\" rel=\"noopener\">@freeshopswiss<\/a><\/p>\n","protected":false},"excerpt":{"rendered":"<p>Vivez la magie de No\u00ebl avec le <strong data-start=\"2627\" data-end=\"2663\">Calendrier de l\u2019Avent BABOR 2025<\/strong>, un calendrier de luxe con\u00e7u pour transformer chaque jour de d\u00e9cembre en un moment de <strong data-start=\"2750\" data-end=\"2780\">soin et de beaut\u00e9 exclusif<\/strong>.<\/p>\n","protected":false},"featured_media":36707,"comment_status":"open","ping_status":"closed","template":"","meta":[],"pwb-brand":[808],"product_brand":[],"product_cat":[138,109,295,484,548,545,4199],"product_tag":[280,459,461,296,5050,562,417,301,5078],"class_list":{"0":"post-36711","1":"product","2":"type-product","3":"status-publish","4":"has-post-thumbnail","6":"pwb-brand-babor","7":"product_cat-offre","8":"product_cat-pour-elle","9":"product_cat-traitements","10":"product_cat-coffret","11":"product_cat-soin-contour","12":"product_cat-soin-du-visage","13":"product_cat-soin-offres","14":"product_tag-bestseller-fr","15":"product_tag-coffret","16":"product_tag-coffrets-femme","17":"product_tag-femme","18":"product_tag-fete-des-meres","19":"product_tag-nouveautes-soins","20":"product_tag-soins-fr","21":"product_tag-soins-du-visage","22":"product_tag-soins-et-maquillage-pour-la-fete-des-meres","24":"first","25":"instock","26":"sale","27":"taxable","28":"shipping-taxable","29":"purchasable","30":"product-type-simple"},"brands":[{"id":808,"name":"Babor","slug":"babor"}],"_links":{"self":[{"href":"https:\/\/www.freeshopfrontiera.ch\/fr\/wp-json\/wp\/v2\/product\/36711","targetHints":{"allow":["GET"]}}],"collection":[{"href":"https:\/\/www.freeshopfrontiera.ch\/fr\/wp-json\/wp\/v2\/product"}],"about":[{"href":"https:\/\/www.freeshopfrontiera.ch\/fr\/wp-json\/wp\/v2\/types\/product"}],"replies":[{"embeddable":true,"href":"https:\/\/www.freeshopfrontiera.ch\/fr\/wp-json\/wp\/v2\/comments?post=36711"}],"version-history":[{"count":1,"href":"https:\/\/www.freeshopfrontiera.ch\/fr\/wp-json\/wp\/v2\/product\/36711\/revisions"}],"predecessor-version":[{"id":36714,"href":"https:\/\/www.freeshopfrontiera.ch\/fr\/wp-json\/wp\/v2\/product\/36711\/revisions\/36714"}],"wp:featuredmedia":[{"embeddable":true,"href":"https:\/\/www.freeshopfrontiera.ch\/fr\/wp-json\/wp\/v2\/media\/36707"}],"wp:attachment":[{"href":"https:\/\/www.freeshopfrontiera.ch\/fr\/wp-json\/wp\/v2\/media?parent=36711"}],"wp:term":[{"taxonomy":"pwb-brand","embeddable":true,"href":"https:\/\/www.freeshopfrontiera.ch\/fr\/wp-json\/wp\/v2\/pwb-brand?post=36711"},{"taxonomy":"product_brand","embeddable":true,"href":"https:\/\/www.freeshopfrontiera.ch\/fr\/wp-json\/wp\/v2\/product_brand?post=36711"},{"taxonomy":"product_cat","embeddable":true,"href":"https:\/\/www.freeshopfrontiera.ch\/fr\/wp-json\/wp\/v2\/product_cat?post=36711"},{"taxonomy":"product_tag","embeddable":true,"href":"https:\/\/www.freeshopfrontiera.ch\/fr\/wp-json\/wp\/v2\/product_tag?post=36711"}],"curies":[{"name":"wp","href":"https:\/\/api.w.org\/{rel}","templated":true}]}}