{"id":36724,"date":"2025-11-03T11:41:41","date_gmt":"2025-11-03T11:41:41","guid":{"rendered":"https:\/\/www.freeshopfrontiera.ch\/shop\/guerlain-set-aqua-allegoria-forte-floraboom\/"},"modified":"2025-11-03T11:45:50","modified_gmt":"2025-11-03T11:45:50","slug":"guerlain-set-aqua-allegoria-forte-floraboom","status":"publish","type":"product","link":"https:\/\/www.freeshopfrontiera.ch\/fr\/shop\/guerlain-set-aqua-allegoria-forte-floraboom\/","title":{"rendered":"GUERLAIN SET Aqua Allegoria Forte Floraboom"},"content":{"rendered":"<p data-start=\"2105\" data-end=\"2209\"><strong data-start=\"2105\" data-end=\"2207\">GUERLAIN Set Aqua Allegoria Forte Floraboom Eau de Parfum 125ml + Lotion pour le corps + Miniature<\/strong><\/p>\n<p data-start=\"2211\" data-end=\"2615\">D\u00e9couvrez l\u2019\u00e9l\u00e9gance et la fra\u00eecheur florale de <strong data-start=\"2259\" data-end=\"2302\">Guerlain Aqua Allegoria Forte Floraboom<\/strong>, un coffret exclusif combinant <strong data-start=\"2334\" data-end=\"2378\">parfum, soins pour le corps et miniature<\/strong> pour une exp\u00e9rience beaut\u00e9 compl\u00e8te. L\u2019<strong data-start=\"2418\" data-end=\"2441\">Eau de Parfum 125ml<\/strong> d\u00e9ploie des notes florales intenses et lumineuses, o\u00f9 les fleurs blanches d\u00e9licates se m\u00ealent \u00e0 des touches fruit\u00e9es et v\u00e9g\u00e9tales, cr\u00e9ant un bouquet harmonieux et raffin\u00e9.<\/p>\n<p data-start=\"2617\" data-end=\"2862\">La <strong data-start=\"2620\" data-end=\"2644\">Lotion pour le corps<\/strong> hydrate et adoucit la peau, l\u2019enveloppant dans le m\u00eame sillage \u00e9l\u00e9gant et vibrant que le parfum, tandis que la <strong data-start=\"2756\" data-end=\"2769\">miniature<\/strong> permet d\u2019emporter l\u2019essence Guerlain partout, parfaite pour des retouches ou pour voyager.<\/p>\n<p data-start=\"2864\" data-end=\"3084\">Id\u00e9al comme cadeau de luxe ou pour un moment de soin personnel, ce coffret repr\u00e9sente <strong data-start=\"2950\" data-end=\"2985\">l\u2019art de la parfumerie Guerlain<\/strong>, combinant cr\u00e9ativit\u00e9 olfactive et soin de la peau dans une exp\u00e9rience sensorielle sophistiqu\u00e9e.<\/p>\n<p data-start=\"860\" data-end=\"1088\">Follow us! <a href=\"https:\/\/www.instagram.com\/freeshopswiss\/\" target=\"_blank\" rel=\"noopener\">@freeshopswiss<\/a><\/p>\n","protected":false},"excerpt":{"rendered":"<p>D\u00e9couvrez l\u2019\u00e9l\u00e9gance et la fra\u00eecheur florale de <strong data-start=\"2259\" data-end=\"2302\">Guerlain Aqua Allegoria Forte Floraboom<\/strong>, un coffret exclusif combinant <strong data-start=\"2334\" data-end=\"2378\">parfum, soins pour le corps et miniature<\/strong> pour une exp\u00e9rience beaut\u00e9 compl\u00e8te.<\/p>\n","protected":false},"featured_media":36719,"comment_status":"open","ping_status":"closed","template":"","meta":[],"pwb-brand":[2199],"product_brand":[],"product_cat":[87,295,484,545],"product_tag":[459,461,296,278,97],"class_list":{"0":"post-36724","1":"product","2":"type-product","3":"status-publish","4":"has-post-thumbnail","6":"pwb-brand-guerlain","7":"product_cat-parfums","8":"product_cat-traitements","9":"product_cat-coffret","10":"product_cat-soin-du-visage","11":"product_tag-coffret","12":"product_tag-coffrets-femme","13":"product_tag-femme","14":"product_tag-offre","15":"product_tag-parfums","17":"first","18":"outofstock","19":"sale","20":"taxable","21":"shipping-taxable","22":"purchasable","23":"product-type-simple"},"brands":[{"id":2199,"name":"Guerlain","slug":"guerlain"}],"_links":{"self":[{"href":"https:\/\/www.freeshopfrontiera.ch\/fr\/wp-json\/wp\/v2\/product\/36724","targetHints":{"allow":["GET"]}}],"collection":[{"href":"https:\/\/www.freeshopfrontiera.ch\/fr\/wp-json\/wp\/v2\/product"}],"about":[{"href":"https:\/\/www.freeshopfrontiera.ch\/fr\/wp-json\/wp\/v2\/types\/product"}],"replies":[{"embeddable":true,"href":"https:\/\/www.freeshopfrontiera.ch\/fr\/wp-json\/wp\/v2\/comments?post=36724"}],"version-history":[{"count":1,"href":"https:\/\/www.freeshopfrontiera.ch\/fr\/wp-json\/wp\/v2\/product\/36724\/revisions"}],"predecessor-version":[{"id":36728,"href":"https:\/\/www.freeshopfrontiera.ch\/fr\/wp-json\/wp\/v2\/product\/36724\/revisions\/36728"}],"wp:featuredmedia":[{"embeddable":true,"href":"https:\/\/www.freeshopfrontiera.ch\/fr\/wp-json\/wp\/v2\/media\/36719"}],"wp:attachment":[{"href":"https:\/\/www.freeshopfrontiera.ch\/fr\/wp-json\/wp\/v2\/media?parent=36724"}],"wp:term":[{"taxonomy":"pwb-brand","embeddable":true,"href":"https:\/\/www.freeshopfrontiera.ch\/fr\/wp-json\/wp\/v2\/pwb-brand?post=36724"},{"taxonomy":"product_brand","embeddable":true,"href":"https:\/\/www.freeshopfrontiera.ch\/fr\/wp-json\/wp\/v2\/product_brand?post=36724"},{"taxonomy":"product_cat","embeddable":true,"href":"https:\/\/www.freeshopfrontiera.ch\/fr\/wp-json\/wp\/v2\/product_cat?post=36724"},{"taxonomy":"product_tag","embeddable":true,"href":"https:\/\/www.freeshopfrontiera.ch\/fr\/wp-json\/wp\/v2\/product_tag?post=36724"}],"curies":[{"name":"wp","href":"https:\/\/api.w.org\/{rel}","templated":true}]}}