{"id":36736,"date":"2025-11-03T11:53:11","date_gmt":"2025-11-03T11:53:11","guid":{"rendered":"https:\/\/www.freeshopfrontiera.ch\/shop\/arabian-eagle-arlen-eau-de-parfum-100ml\/"},"modified":"2025-11-03T11:55:57","modified_gmt":"2025-11-03T11:55:57","slug":"arabian-eagle-arlen-eau-de-parfum-100ml","status":"publish","type":"product","link":"https:\/\/www.freeshopfrontiera.ch\/fr\/shop\/arabian-eagle-arlen-eau-de-parfum-100ml\/","title":{"rendered":"ARABIAN EAGLE ARLEN Eau de Parfum 100ml"},"content":{"rendered":"<p data-start=\"3330\" data-end=\"3381\"><strong data-start=\"3330\" data-end=\"3379\">ARABIAN EAGLE Arlen Eau de Parfum Spray 100ml<\/strong><\/p>\n<p data-start=\"3383\" data-end=\"4347\"><strong data-start=\"3383\" data-end=\"3406\">Arabian Eagle Arlen<\/strong> est un parfum unique, con\u00e7u pour ceux qui souhaitent se d\u00e9marquer avec \u00e9l\u00e9gance et assurance. Les notes de t\u00eate s\u2019ouvrent sur une fra\u00eecheur vibrante d\u2019agrumes et des touches d\u2019\u00e9pices d\u00e9licates, captant imm\u00e9diatement l\u2019attention et \u00e9veillant les sens. Le c\u0153ur r\u00e9v\u00e8le un bouquet sophistiqu\u00e9 de fleurs et de bois pr\u00e9cieux, apportant profondeur et charme enveloppant, un \u00e9quilibre parfait entre l\u00e9g\u00e8ret\u00e9 et intensit\u00e9.<\/p>\n<p data-start=\"3383\" data-end=\"4347\">La base chaude et durable d\u2019ambre, de musc et de nuances subtiles de vanille laisse une tra\u00een\u00e9e \u00e9l\u00e9gante et m\u00e9morable. Parfait pour le jour comme pour le soir, <strong data-start=\"3981\" data-end=\"3990\">Arlen<\/strong> transforme chaque instant en une exp\u00e9rience sensorielle exceptionnelle. Sa composition raffin\u00e9e et longue tenue en fait \u00e9galement un cadeau id\u00e9al pour les amateurs de fragrances. Avec <strong data-start=\"4175\" data-end=\"4198\">Arabian Eagle Arlen<\/strong>, chaque geste devient un signe de style et de personnalit\u00e9, un parfum racontant des histoires de s\u00e9duction, de myst\u00e8re et d\u2019\u00e9l\u00e9gance intemporelle.<\/p>\n<p data-start=\"252\" data-end=\"1293\">Follow us! <a href=\"https:\/\/www.instagram.com\/freeshopswiss\/\" target=\"_blank\" rel=\"noopener\">@freeshopswiss<\/a><\/p>\n","protected":false},"excerpt":{"rendered":"<p><strong data-start=\"3383\" data-end=\"3406\">Arabian Eagle Arlen<\/strong> est un parfum unique, con\u00e7u pour ceux qui souhaitent se d\u00e9marquer avec \u00e9l\u00e9gance et assurance. Les notes de t\u00eate s\u2019ouvrent sur une fra\u00eecheur vibrante d\u2019agrumes et des touches d\u2019\u00e9pices d\u00e9licates, captant imm\u00e9diatement l\u2019attention et \u00e9veillant les sens.<\/p>\n","protected":false},"featured_media":36732,"comment_status":"open","ping_status":"closed","template":"","meta":[],"pwb-brand":[3139],"product_brand":[],"product_cat":[87,109,89],"product_tag":[252,296,143,97],"class_list":{"0":"post-36736","1":"product","2":"type-product","3":"status-publish","4":"has-post-thumbnail","6":"pwb-brand-arabian-eagle","7":"product_cat-parfums","8":"product_cat-pour-elle","9":"product_cat-pour-lui","10":"product_tag-eau-de-parfum-fr","11":"product_tag-femme","12":"product_tag-homme","13":"product_tag-parfums","15":"first","16":"outofstock","17":"sale","18":"taxable","19":"shipping-taxable","20":"purchasable","21":"product-type-simple"},"brands":[{"id":3139,"name":"Arabian Eagle","slug":"arabian-eagle"}],"_links":{"self":[{"href":"https:\/\/www.freeshopfrontiera.ch\/fr\/wp-json\/wp\/v2\/product\/36736","targetHints":{"allow":["GET"]}}],"collection":[{"href":"https:\/\/www.freeshopfrontiera.ch\/fr\/wp-json\/wp\/v2\/product"}],"about":[{"href":"https:\/\/www.freeshopfrontiera.ch\/fr\/wp-json\/wp\/v2\/types\/product"}],"replies":[{"embeddable":true,"href":"https:\/\/www.freeshopfrontiera.ch\/fr\/wp-json\/wp\/v2\/comments?post=36736"}],"version-history":[{"count":1,"href":"https:\/\/www.freeshopfrontiera.ch\/fr\/wp-json\/wp\/v2\/product\/36736\/revisions"}],"predecessor-version":[{"id":36739,"href":"https:\/\/www.freeshopfrontiera.ch\/fr\/wp-json\/wp\/v2\/product\/36736\/revisions\/36739"}],"wp:featuredmedia":[{"embeddable":true,"href":"https:\/\/www.freeshopfrontiera.ch\/fr\/wp-json\/wp\/v2\/media\/36732"}],"wp:attachment":[{"href":"https:\/\/www.freeshopfrontiera.ch\/fr\/wp-json\/wp\/v2\/media?parent=36736"}],"wp:term":[{"taxonomy":"pwb-brand","embeddable":true,"href":"https:\/\/www.freeshopfrontiera.ch\/fr\/wp-json\/wp\/v2\/pwb-brand?post=36736"},{"taxonomy":"product_brand","embeddable":true,"href":"https:\/\/www.freeshopfrontiera.ch\/fr\/wp-json\/wp\/v2\/product_brand?post=36736"},{"taxonomy":"product_cat","embeddable":true,"href":"https:\/\/www.freeshopfrontiera.ch\/fr\/wp-json\/wp\/v2\/product_cat?post=36736"},{"taxonomy":"product_tag","embeddable":true,"href":"https:\/\/www.freeshopfrontiera.ch\/fr\/wp-json\/wp\/v2\/product_tag?post=36736"}],"curies":[{"name":"wp","href":"https:\/\/api.w.org\/{rel}","templated":true}]}}