{"id":36751,"date":"2025-11-05T09:39:15","date_gmt":"2025-11-05T09:39:15","guid":{"rendered":"https:\/\/www.freeshopfrontiera.ch\/shop\/gianni-versace-set-bright-crystal-2\/"},"modified":"2026-04-02T12:21:48","modified_gmt":"2026-04-02T12:21:48","slug":"gianni-versace-set-bright-crystal-2","status":"publish","type":"product","link":"https:\/\/www.freeshopfrontiera.ch\/fr\/shop\/gianni-versace-set-bright-crystal-2\/","title":{"rendered":"VERSACE SET Bright Crystal"},"content":{"rendered":"<h3 data-start=\"2213\" data-end=\"2318\"><strong data-start=\"2222\" data-end=\"2318\">VERSACE COFFRET Bright Crystal Eau de Toilette 90 ml + Lait Parfum\u00e9 100 ml + Pochette<\/strong><\/h3>\n<p data-start=\"2320\" data-end=\"2571\">D\u00e9couvrez toute la <strong data-start=\"2339\" data-end=\"2363\">magie et la f\u00e9minit\u00e9<\/strong> du <strong data-start=\"2367\" data-end=\"2401\">coffret Versace Bright Crystal<\/strong>, l\u2019un des parfums les plus embl\u00e9matiques de la maison <strong data-start=\"2456\" data-end=\"2474\">Versace<\/strong>. Con\u00e7u pour une femme moderne, \u00e9l\u00e9gante et sensuelle, ce coffret incarne le luxe \u00e0 l\u2019\u00e9tat pur.<\/p>\n<p data-start=\"2573\" data-end=\"2850\">L\u2019<strong data-start=\"2575\" data-end=\"2617\">Eau de Toilette Bright Crystal (90 ml)<\/strong> s\u2019ouvre sur des notes fra\u00eeches et fruit\u00e9es de grenade et de yuzu, suivies d\u2019un c\u0153ur floral de magnolia, pivoine et fleur de lotus. Le fond d\u2019ambre, de musc et d\u2019acajou r\u00e9v\u00e8le une touche chaude et raffin\u00e9e qui persiste sur la peau.<\/p>\n<p data-start=\"2852\" data-end=\"3017\">Le <strong data-start=\"2855\" data-end=\"2894\">Lait Parfum\u00e9 pour le Corps (100 ml)<\/strong> hydrate et parfume d\u00e9licatement la peau, prolongeant la tenue et l\u2019intensit\u00e9 de la fragrance tout au long de la journ\u00e9e.<\/p>\n<p data-start=\"3019\" data-end=\"3132\">Pr\u00e9sent\u00e9 dans une <strong data-start=\"3037\" data-end=\"3066\">\u00e9l\u00e9gante pochette Versace<\/strong>, id\u00e9ale pour vos essentiels beaut\u00e9 ou comme accessoire de mode.<\/p>\n<p data-start=\"939\" data-end=\"1113\">Follow us! <a href=\"https:\/\/www.instagram.com\/freeshopswiss\/\" target=\"_blank\" rel=\"noopener\">@freeshopswiss<\/a><\/p>\n","protected":false},"excerpt":{"rendered":"<p>D\u00e9couvrez toute la <strong data-start=\"2339\" data-end=\"2363\">magie et la f\u00e9minit\u00e9<\/strong> du <strong data-start=\"2367\" data-end=\"2401\">coffret Versace Bright Crystal<\/strong>, l\u2019un des parfums les plus embl\u00e9matiques de la maison <strong data-start=\"2456\" data-end=\"2474\">Gianni Versace<\/strong>. Con\u00e7u pour une femme moderne, \u00e9l\u00e9gante et sensuelle, ce coffret incarne le luxe \u00e0 l\u2019\u00e9tat pur.<\/p>\n","protected":false},"featured_media":36747,"comment_status":"open","ping_status":"closed","template":"","meta":[],"pwb-brand":[124],"product_brand":[],"product_cat":[87,109],"product_tag":[459,461,296,97],"class_list":{"0":"post-36751","1":"product","2":"type-product","3":"status-publish","4":"has-post-thumbnail","6":"pwb-brand-versace","7":"product_cat-parfums","8":"product_cat-pour-elle","9":"product_tag-coffret","10":"product_tag-coffrets-femme","11":"product_tag-femme","12":"product_tag-parfums","14":"first","15":"outofstock","16":"sale","17":"taxable","18":"shipping-taxable","19":"purchasable","20":"product-type-simple"},"brands":[{"id":124,"name":"Versace","slug":"versace"}],"_links":{"self":[{"href":"https:\/\/www.freeshopfrontiera.ch\/fr\/wp-json\/wp\/v2\/product\/36751","targetHints":{"allow":["GET"]}}],"collection":[{"href":"https:\/\/www.freeshopfrontiera.ch\/fr\/wp-json\/wp\/v2\/product"}],"about":[{"href":"https:\/\/www.freeshopfrontiera.ch\/fr\/wp-json\/wp\/v2\/types\/product"}],"replies":[{"embeddable":true,"href":"https:\/\/www.freeshopfrontiera.ch\/fr\/wp-json\/wp\/v2\/comments?post=36751"}],"version-history":[{"count":3,"href":"https:\/\/www.freeshopfrontiera.ch\/fr\/wp-json\/wp\/v2\/product\/36751\/revisions"}],"predecessor-version":[{"id":41951,"href":"https:\/\/www.freeshopfrontiera.ch\/fr\/wp-json\/wp\/v2\/product\/36751\/revisions\/41951"}],"wp:featuredmedia":[{"embeddable":true,"href":"https:\/\/www.freeshopfrontiera.ch\/fr\/wp-json\/wp\/v2\/media\/36747"}],"wp:attachment":[{"href":"https:\/\/www.freeshopfrontiera.ch\/fr\/wp-json\/wp\/v2\/media?parent=36751"}],"wp:term":[{"taxonomy":"pwb-brand","embeddable":true,"href":"https:\/\/www.freeshopfrontiera.ch\/fr\/wp-json\/wp\/v2\/pwb-brand?post=36751"},{"taxonomy":"product_brand","embeddable":true,"href":"https:\/\/www.freeshopfrontiera.ch\/fr\/wp-json\/wp\/v2\/product_brand?post=36751"},{"taxonomy":"product_cat","embeddable":true,"href":"https:\/\/www.freeshopfrontiera.ch\/fr\/wp-json\/wp\/v2\/product_cat?post=36751"},{"taxonomy":"product_tag","embeddable":true,"href":"https:\/\/www.freeshopfrontiera.ch\/fr\/wp-json\/wp\/v2\/product_tag?post=36751"}],"curies":[{"name":"wp","href":"https:\/\/api.w.org\/{rel}","templated":true}]}}