{"id":36800,"date":"2025-11-07T10:50:03","date_gmt":"2025-11-07T10:50:03","guid":{"rendered":"https:\/\/www.freeshopfrontiera.ch\/shop\/prices-candles-warm-hug\/"},"modified":"2025-11-07T10:57:15","modified_gmt":"2025-11-07T10:57:15","slug":"prices-candles-warm-hug","status":"publish","type":"product","link":"https:\/\/www.freeshopfrontiera.ch\/fr\/shop\/prices-candles-warm-hug\/","title":{"rendered":"PRICE&rsquo;S CANDLES Warm Hug"},"content":{"rendered":"<p data-start=\"105\" data-end=\"137\"><strong data-start=\"105\" data-end=\"135\">PRICE&rsquo;S CANDLES \u2013 Warm Hug<\/strong><\/p>\n<p data-start=\"1901\" data-end=\"2191\">Warm Hug de Price\u2019s Candles est con\u00e7u pour envelopper les sens dans une \u00e9treinte chaleureuse et r\u00e9confortante. Son parfum combine des notes douces et d\u00e9licates, \u00e9voquant une sensation de confort et de d\u00e9tente \u00e0 la maison, parfait pour cr\u00e9er une atmosph\u00e8re cosy dans n\u2019importe quel espace.<\/p>\n<p data-start=\"2193\" data-end=\"2472\">Allumer Warm Hug emplit l\u2019air de subtiles touches de vanille cr\u00e9meuse, de miel et de bois l\u00e9g\u00e8rement \u00e9pic\u00e9, \u00e9quilibrant harmonieusement douceur et chaleur. Fabriqu\u00e9e avec une cire de haute qualit\u00e9, cette bougie garantit une combustion uniforme et durable, sans fum\u00e9e excessive.<\/p>\n<p data-start=\"2474\" data-end=\"2780\">Id\u00e9ale pour les moments de pause, de lecture ou de m\u00e9ditation, Warm Hug transforme votre maison en un havre de tranquillit\u00e9. Avec son design \u00e9l\u00e9gant et minimaliste, elle s\u2019int\u00e8gre parfaitement \u00e0 tout style de d\u00e9coration et constitue un cadeau raffin\u00e9 pour partager des sensations de bien-\u00eatre et de soin.<\/p>\n<p data-start=\"710\" data-end=\"1031\">Follow us! <a href=\"https:\/\/www.instagram.com\/freeshopswiss\/\" target=\"_blank\" rel=\"noopener\">@freeshopswiss<\/a><\/p>\n","protected":false},"excerpt":{"rendered":"<p>Warm Hug de Price\u2019s Candles est con\u00e7u pour envelopper les sens dans une \u00e9treinte chaleureuse et r\u00e9confortante.<\/p>\n","protected":false},"featured_media":36784,"comment_status":"open","ping_status":"closed","template":"","meta":[],"pwb-brand":[3161],"product_brand":[],"product_cat":[531],"product_tag":[3168,3169],"class_list":{"0":"post-36800","1":"product","2":"type-product","3":"status-publish","4":"has-post-thumbnail","6":"pwb-brand-prices-candles","7":"product_cat-parfums-d-ambiance","8":"product_tag-bougies","9":"product_tag-desodorisants-dinterieur","11":"first","12":"instock","13":"sale","14":"taxable","15":"shipping-taxable","16":"purchasable","17":"product-type-variable","18":"has-default-attributes"},"brands":[{"id":3161,"name":"Price's Candles","slug":"prices-candles"}],"_links":{"self":[{"href":"https:\/\/www.freeshopfrontiera.ch\/fr\/wp-json\/wp\/v2\/product\/36800","targetHints":{"allow":["GET"]}}],"collection":[{"href":"https:\/\/www.freeshopfrontiera.ch\/fr\/wp-json\/wp\/v2\/product"}],"about":[{"href":"https:\/\/www.freeshopfrontiera.ch\/fr\/wp-json\/wp\/v2\/types\/product"}],"replies":[{"embeddable":true,"href":"https:\/\/www.freeshopfrontiera.ch\/fr\/wp-json\/wp\/v2\/comments?post=36800"}],"version-history":[{"count":1,"href":"https:\/\/www.freeshopfrontiera.ch\/fr\/wp-json\/wp\/v2\/product\/36800\/revisions"}],"predecessor-version":[{"id":36809,"href":"https:\/\/www.freeshopfrontiera.ch\/fr\/wp-json\/wp\/v2\/product\/36800\/revisions\/36809"}],"wp:featuredmedia":[{"embeddable":true,"href":"https:\/\/www.freeshopfrontiera.ch\/fr\/wp-json\/wp\/v2\/media\/36784"}],"wp:attachment":[{"href":"https:\/\/www.freeshopfrontiera.ch\/fr\/wp-json\/wp\/v2\/media?parent=36800"}],"wp:term":[{"taxonomy":"pwb-brand","embeddable":true,"href":"https:\/\/www.freeshopfrontiera.ch\/fr\/wp-json\/wp\/v2\/pwb-brand?post=36800"},{"taxonomy":"product_brand","embeddable":true,"href":"https:\/\/www.freeshopfrontiera.ch\/fr\/wp-json\/wp\/v2\/product_brand?post=36800"},{"taxonomy":"product_cat","embeddable":true,"href":"https:\/\/www.freeshopfrontiera.ch\/fr\/wp-json\/wp\/v2\/product_cat?post=36800"},{"taxonomy":"product_tag","embeddable":true,"href":"https:\/\/www.freeshopfrontiera.ch\/fr\/wp-json\/wp\/v2\/product_tag?post=36800"}],"curies":[{"name":"wp","href":"https:\/\/api.w.org\/{rel}","templated":true}]}}