{"id":36951,"date":"2025-11-11T09:05:02","date_gmt":"2025-11-11T09:05:02","guid":{"rendered":"https:\/\/www.freeshopfrontiera.ch\/shop\/prices-candles-apple-chai\/"},"modified":"2025-11-11T09:28:46","modified_gmt":"2025-11-11T09:28:46","slug":"prices-candles-apple-chai","status":"publish","type":"product","link":"https:\/\/www.freeshopfrontiera.ch\/fr\/shop\/prices-candles-apple-chai\/","title":{"rendered":"PRICE&rsquo;S CANDLES Apple Chai"},"content":{"rendered":"<p data-start=\"1930\" data-end=\"2433\"><strong data-start=\"1930\" data-end=\"1944\">Apple Chai<\/strong> de <strong data-start=\"1948\" data-end=\"1967\">Price\u2019s Candles<\/strong> est un m\u00e9lange raffin\u00e9 de parfums d\u2019automne \u00e9voquant la chaleur, le confort et de doux moments de d\u00e9tente. La fragrance s\u2019ouvre sur des notes juteuses et fra\u00eeches de <strong data-start=\"2134\" data-end=\"2149\">pomme rouge<\/strong>, qui se marient harmonieusement \u00e0 un c\u0153ur \u00e9pic\u00e9 de <strong data-start=\"2201\" data-end=\"2243\">cannelle, clou de girofle et cardamome<\/strong>, rappelant un th\u00e9 cha\u00ef fra\u00eechement infus\u00e9. En fond, de subtiles touches de <strong data-start=\"2319\" data-end=\"2347\">vanille et de bois ambr\u00e9<\/strong> apportent profondeur et douceur, cr\u00e9ant une atmosph\u00e8re chaleureuse et enveloppante.<\/p>\n<p data-start=\"2435\" data-end=\"2817\">Parfaite pour les journ\u00e9es froides ou pour apporter une touche de chaleur en toute saison, cette bougie diffuse un parfum \u00e9quilibr\u00e9 et durable, transformant chaque espace en un cocon relaxant. Avec son design \u00e9l\u00e9gant et la qualit\u00e9 sign\u00e9e <strong data-start=\"2673\" data-end=\"2692\">Price\u2019s Candles<\/strong>, Apple Chai est le choix id\u00e9al pour les amateurs de senteurs \u00e9pic\u00e9es et fruit\u00e9es, pleines de caract\u00e8re et de personnalit\u00e9.<\/p>\n<p data-start=\"522\" data-end=\"927\" data-is-last-node=\"\" data-is-only-node=\"\">Follow us! <a href=\"https:\/\/www.instagram.com\/freeshopswiss\/\" target=\"_blank\" rel=\"noopener\">@freeshopswiss<\/a><\/p>\n","protected":false},"excerpt":{"rendered":"<p><strong data-start=\"1930\" data-end=\"1944\">Apple Chai<\/strong> de <strong data-start=\"1948\" data-end=\"1967\">Price\u2019s Candles<\/strong> est un m\u00e9lange raffin\u00e9 de parfums d\u2019automne \u00e9voquant la chaleur, le confort et de doux moments de d\u00e9tente.<\/p>\n","protected":false},"featured_media":36935,"comment_status":"open","ping_status":"closed","template":"","meta":[],"pwb-brand":[3161],"product_brand":[],"product_cat":[531],"product_tag":[3168,3169,2807],"class_list":{"0":"post-36951","1":"product","2":"type-product","3":"status-publish","4":"has-post-thumbnail","6":"pwb-brand-prices-candles","7":"product_cat-parfums-d-ambiance","8":"product_tag-bougies","9":"product_tag-desodorisants-dinterieur","10":"product_tag-home-diffuser-fr","12":"first","13":"instock","14":"sale","15":"taxable","16":"shipping-taxable","17":"purchasable","18":"product-type-variable","19":"has-default-attributes"},"brands":[{"id":3161,"name":"Price's Candles","slug":"prices-candles"}],"_links":{"self":[{"href":"https:\/\/www.freeshopfrontiera.ch\/fr\/wp-json\/wp\/v2\/product\/36951","targetHints":{"allow":["GET"]}}],"collection":[{"href":"https:\/\/www.freeshopfrontiera.ch\/fr\/wp-json\/wp\/v2\/product"}],"about":[{"href":"https:\/\/www.freeshopfrontiera.ch\/fr\/wp-json\/wp\/v2\/types\/product"}],"replies":[{"embeddable":true,"href":"https:\/\/www.freeshopfrontiera.ch\/fr\/wp-json\/wp\/v2\/comments?post=36951"}],"version-history":[{"count":1,"href":"https:\/\/www.freeshopfrontiera.ch\/fr\/wp-json\/wp\/v2\/product\/36951\/revisions"}],"predecessor-version":[{"id":36960,"href":"https:\/\/www.freeshopfrontiera.ch\/fr\/wp-json\/wp\/v2\/product\/36951\/revisions\/36960"}],"wp:featuredmedia":[{"embeddable":true,"href":"https:\/\/www.freeshopfrontiera.ch\/fr\/wp-json\/wp\/v2\/media\/36935"}],"wp:attachment":[{"href":"https:\/\/www.freeshopfrontiera.ch\/fr\/wp-json\/wp\/v2\/media?parent=36951"}],"wp:term":[{"taxonomy":"pwb-brand","embeddable":true,"href":"https:\/\/www.freeshopfrontiera.ch\/fr\/wp-json\/wp\/v2\/pwb-brand?post=36951"},{"taxonomy":"product_brand","embeddable":true,"href":"https:\/\/www.freeshopfrontiera.ch\/fr\/wp-json\/wp\/v2\/product_brand?post=36951"},{"taxonomy":"product_cat","embeddable":true,"href":"https:\/\/www.freeshopfrontiera.ch\/fr\/wp-json\/wp\/v2\/product_cat?post=36951"},{"taxonomy":"product_tag","embeddable":true,"href":"https:\/\/www.freeshopfrontiera.ch\/fr\/wp-json\/wp\/v2\/product_tag?post=36951"}],"curies":[{"name":"wp","href":"https:\/\/api.w.org\/{rel}","templated":true}]}}