{"id":36993,"date":"2025-11-11T10:05:03","date_gmt":"2025-11-11T10:05:03","guid":{"rendered":"https:\/\/www.freeshopfrontiera.ch\/shop\/prices-candles-sunrise-infusion\/"},"modified":"2025-11-11T10:16:17","modified_gmt":"2025-11-11T10:16:17","slug":"prices-candles-sunrise-infusion","status":"publish","type":"product","link":"https:\/\/www.freeshopfrontiera.ch\/fr\/shop\/prices-candles-sunrise-infusion\/","title":{"rendered":"PRICE&rsquo;S CANDLES Sunrise Infusion"},"content":{"rendered":"<p data-start=\"1925\" data-end=\"2385\"><strong data-start=\"1925\" data-end=\"1963\">Price\u2019s Candles \u2013 Sunrise Infusion<\/strong> est une fragrance lumineuse et revigorante qui capture toute la fra\u00eecheur et la vitalit\u00e9 du matin. Les notes p\u00e9tillantes d\u2019<strong data-start=\"2087\" data-end=\"2117\">agrumes et de fruits d\u2019\u00e9t\u00e9<\/strong> se marient harmonieusement \u00e0 un c\u0153ur d\u00e9licat de <strong data-start=\"2166\" data-end=\"2200\">fleurs blanches et de th\u00e9 vert<\/strong>, cr\u00e9ant un parfum \u00e9quilibr\u00e9 et vivifiant. En fond, des touches douces de <strong data-start=\"2274\" data-end=\"2300\">musc et de bois clairs<\/strong> apportent chaleur et s\u00e9r\u00e9nit\u00e9, \u00e9voquant la qui\u00e9tude d\u2019un lever de soleil \u00e9clatant.<\/p>\n<p data-start=\"2387\" data-end=\"2744\">Parfaite pour commencer la journ\u00e9e avec \u00e9nergie ou pour rafra\u00eechir votre int\u00e9rieur, <strong data-start=\"2471\" data-end=\"2491\">Sunrise Infusion<\/strong> diffuse un ar\u00f4me pur et tonifiant, empreint de bien-\u00eatre et de l\u00e9g\u00e8ret\u00e9. Avec son design \u00e9l\u00e9gant et la qualit\u00e9 reconnue de <strong data-start=\"2615\" data-end=\"2634\">Price\u2019s Candles<\/strong>, cette bougie est id\u00e9ale pour ceux qui appr\u00e9cient les senteurs fra\u00eeches, naturelles et pleines de vitalit\u00e9.<\/p>\n<p data-start=\"609\" data-end=\"1044\">Follow us! <a href=\"https:\/\/www.instagram.com\/freeshopswiss\/\" target=\"_blank\" rel=\"noopener\">@freeshopswiss<\/a><\/p>\n","protected":false},"excerpt":{"rendered":"<p><strong data-start=\"1925\" data-end=\"1963\">Price\u2019s Candles \u2013 Sunrise Infusion<\/strong> est une fragrance lumineuse et revigorante qui capture toute la fra\u00eecheur et la vitalit\u00e9 du matin. Les notes p\u00e9tillantes d\u2019<strong data-start=\"2087\" data-end=\"2117\">agrumes et de fruits d\u2019\u00e9t\u00e9<\/strong> se marient harmonieusement \u00e0 un c\u0153ur d\u00e9licat de <strong data-start=\"2166\" data-end=\"2200\">fleurs blanches et de th\u00e9 vert<\/strong>, cr\u00e9ant un parfum \u00e9quilibr\u00e9 et vivifiant.<\/p>\n","protected":false},"featured_media":36977,"comment_status":"open","ping_status":"closed","template":"","meta":[],"pwb-brand":[3161],"product_brand":[],"product_cat":[531],"product_tag":[3168,3169,2807],"class_list":{"0":"post-36993","1":"product","2":"type-product","3":"status-publish","4":"has-post-thumbnail","6":"pwb-brand-prices-candles","7":"product_cat-parfums-d-ambiance","8":"product_tag-bougies","9":"product_tag-desodorisants-dinterieur","10":"product_tag-home-diffuser-fr","12":"first","13":"instock","14":"sale","15":"taxable","16":"shipping-taxable","17":"purchasable","18":"product-type-variable","19":"has-default-attributes"},"brands":[{"id":3161,"name":"Price's Candles","slug":"prices-candles"}],"_links":{"self":[{"href":"https:\/\/www.freeshopfrontiera.ch\/fr\/wp-json\/wp\/v2\/product\/36993","targetHints":{"allow":["GET"]}}],"collection":[{"href":"https:\/\/www.freeshopfrontiera.ch\/fr\/wp-json\/wp\/v2\/product"}],"about":[{"href":"https:\/\/www.freeshopfrontiera.ch\/fr\/wp-json\/wp\/v2\/types\/product"}],"replies":[{"embeddable":true,"href":"https:\/\/www.freeshopfrontiera.ch\/fr\/wp-json\/wp\/v2\/comments?post=36993"}],"version-history":[{"count":1,"href":"https:\/\/www.freeshopfrontiera.ch\/fr\/wp-json\/wp\/v2\/product\/36993\/revisions"}],"predecessor-version":[{"id":37000,"href":"https:\/\/www.freeshopfrontiera.ch\/fr\/wp-json\/wp\/v2\/product\/36993\/revisions\/37000"}],"wp:featuredmedia":[{"embeddable":true,"href":"https:\/\/www.freeshopfrontiera.ch\/fr\/wp-json\/wp\/v2\/media\/36977"}],"wp:attachment":[{"href":"https:\/\/www.freeshopfrontiera.ch\/fr\/wp-json\/wp\/v2\/media?parent=36993"}],"wp:term":[{"taxonomy":"pwb-brand","embeddable":true,"href":"https:\/\/www.freeshopfrontiera.ch\/fr\/wp-json\/wp\/v2\/pwb-brand?post=36993"},{"taxonomy":"product_brand","embeddable":true,"href":"https:\/\/www.freeshopfrontiera.ch\/fr\/wp-json\/wp\/v2\/product_brand?post=36993"},{"taxonomy":"product_cat","embeddable":true,"href":"https:\/\/www.freeshopfrontiera.ch\/fr\/wp-json\/wp\/v2\/product_cat?post=36993"},{"taxonomy":"product_tag","embeddable":true,"href":"https:\/\/www.freeshopfrontiera.ch\/fr\/wp-json\/wp\/v2\/product_tag?post=36993"}],"curies":[{"name":"wp","href":"https:\/\/api.w.org\/{rel}","templated":true}]}}