{"id":37019,"date":"2025-11-11T11:37:30","date_gmt":"2025-11-11T11:37:30","guid":{"rendered":"https:\/\/www.freeshopfrontiera.ch\/shop\/prices-candles-crystal-fruits\/"},"modified":"2025-11-11T11:42:24","modified_gmt":"2025-11-11T11:42:24","slug":"prices-candles-crystal-fruits","status":"publish","type":"product","link":"https:\/\/www.freeshopfrontiera.ch\/fr\/shop\/prices-candles-crystal-fruits\/","title":{"rendered":"PRICE&rsquo;S CANDLES Crystal Fruits"},"content":{"rendered":"<p data-start=\"1958\" data-end=\"2375\"><strong data-start=\"1958\" data-end=\"1994\">Price\u2019s Candles \u2013 Crystal Fruits<\/strong> est une fragrance lumineuse et fruit\u00e9e qui apporte fra\u00eecheur et \u00e9nergie \u00e0 chaque int\u00e9rieur. Les notes de t\u00eate d\u2019<strong data-start=\"2107\" data-end=\"2140\">apple verte, poire et agrumes<\/strong> offrent une explosion p\u00e9tillante de vitalit\u00e9, tandis que le c\u0153ur de <strong data-start=\"2209\" data-end=\"2245\">fruits rouges et fleurs blanches<\/strong> ajoute une touche douce et raffin\u00e9e. En fond, de l\u00e9g\u00e8res nuances de <strong data-start=\"2314\" data-end=\"2340\">musc et de bois clairs<\/strong> apportent \u00e9quilibre et harmonie.<\/p>\n<p data-start=\"2377\" data-end=\"2797\">Parfaite pour ceux qui aiment les senteurs fra\u00eeches et l\u00e9g\u00e8res, <strong data-start=\"2441\" data-end=\"2459\">Crystal Fruits<\/strong> diffuse un parfum pur, sucr\u00e9 et lumineux, id\u00e9al pour rafra\u00eechir la maison tout au long de l\u2019ann\u00e9e. Gr\u00e2ce \u00e0 la qualit\u00e9 et \u00e0 l\u2019\u00e9l\u00e9gance de <strong data-start=\"2597\" data-end=\"2616\">Price\u2019s Candles<\/strong>, cette bougie transforme chaque espace en un cocon de bien-\u00eatre et de positivit\u00e9. Une fragrance moderne et polyvalente, pleine de fra\u00eecheur naturelle et de brillance cristalline.<\/p>\n<p data-start=\"572\" data-end=\"1028\">Follow us! <a href=\"https:\/\/www.instagram.com\/freeshopswiss\/\" target=\"_blank\" rel=\"noopener\">@freeshopswiss<\/a><\/p>\n<p data-start=\"572\" data-end=\"1028\">\n","protected":false},"excerpt":{"rendered":"<p><strong data-start=\"1958\" data-end=\"1994\">Price\u2019s Candles \u2013 Crystal Fruits<\/strong> est une fragrance lumineuse et fruit\u00e9e qui apporte fra\u00eecheur et \u00e9nergie \u00e0 chaque int\u00e9rieur. Les notes de t\u00eate d\u2019<strong data-start=\"2107\" data-end=\"2140\">apple verte, poire et agrumes<\/strong> offrent une explosion p\u00e9tillante de vitalit\u00e9, tandis que le c\u0153ur de <strong data-start=\"2209\" data-end=\"2245\">fruits rouges et fleurs blanches<\/strong> ajoute une touche douce et raffin\u00e9e. En fond, de l\u00e9g\u00e8res nuances de <strong data-start=\"2314\" data-end=\"2340\">musc et de bois clairs<\/strong> apportent \u00e9quilibre et harmonie.<\/p>\n","protected":false},"featured_media":37009,"comment_status":"open","ping_status":"closed","template":"","meta":[],"pwb-brand":[3161],"product_brand":[],"product_cat":[531],"product_tag":[3168,3169,2807,4367],"class_list":{"0":"post-37019","1":"product","2":"type-product","3":"status-publish","4":"has-post-thumbnail","6":"pwb-brand-prices-candles","7":"product_cat-parfums-d-ambiance","8":"product_tag-bougies","9":"product_tag-desodorisants-dinterieur","10":"product_tag-home-diffuser-fr","11":"product_tag-special-printemps","13":"first","14":"instock","15":"sale","16":"taxable","17":"shipping-taxable","18":"purchasable","19":"product-type-variable","20":"has-default-attributes"},"brands":[{"id":3161,"name":"Price's Candles","slug":"prices-candles"}],"_links":{"self":[{"href":"https:\/\/www.freeshopfrontiera.ch\/fr\/wp-json\/wp\/v2\/product\/37019","targetHints":{"allow":["GET"]}}],"collection":[{"href":"https:\/\/www.freeshopfrontiera.ch\/fr\/wp-json\/wp\/v2\/product"}],"about":[{"href":"https:\/\/www.freeshopfrontiera.ch\/fr\/wp-json\/wp\/v2\/types\/product"}],"replies":[{"embeddable":true,"href":"https:\/\/www.freeshopfrontiera.ch\/fr\/wp-json\/wp\/v2\/comments?post=37019"}],"version-history":[{"count":1,"href":"https:\/\/www.freeshopfrontiera.ch\/fr\/wp-json\/wp\/v2\/product\/37019\/revisions"}],"predecessor-version":[{"id":37027,"href":"https:\/\/www.freeshopfrontiera.ch\/fr\/wp-json\/wp\/v2\/product\/37019\/revisions\/37027"}],"wp:featuredmedia":[{"embeddable":true,"href":"https:\/\/www.freeshopfrontiera.ch\/fr\/wp-json\/wp\/v2\/media\/37009"}],"wp:attachment":[{"href":"https:\/\/www.freeshopfrontiera.ch\/fr\/wp-json\/wp\/v2\/media?parent=37019"}],"wp:term":[{"taxonomy":"pwb-brand","embeddable":true,"href":"https:\/\/www.freeshopfrontiera.ch\/fr\/wp-json\/wp\/v2\/pwb-brand?post=37019"},{"taxonomy":"product_brand","embeddable":true,"href":"https:\/\/www.freeshopfrontiera.ch\/fr\/wp-json\/wp\/v2\/product_brand?post=37019"},{"taxonomy":"product_cat","embeddable":true,"href":"https:\/\/www.freeshopfrontiera.ch\/fr\/wp-json\/wp\/v2\/product_cat?post=37019"},{"taxonomy":"product_tag","embeddable":true,"href":"https:\/\/www.freeshopfrontiera.ch\/fr\/wp-json\/wp\/v2\/product_tag?post=37019"}],"curies":[{"name":"wp","href":"https:\/\/api.w.org\/{rel}","templated":true}]}}