{"id":37044,"date":"2025-11-12T08:09:39","date_gmt":"2025-11-12T08:09:39","guid":{"rendered":"https:\/\/www.freeshopfrontiera.ch\/shop\/prices-candles-cotton-sky\/"},"modified":"2025-11-12T08:10:58","modified_gmt":"2025-11-12T08:10:58","slug":"prices-candles-cotton-sky","status":"publish","type":"product","link":"https:\/\/www.freeshopfrontiera.ch\/fr\/shop\/prices-candles-cotton-sky\/","title":{"rendered":"PRICE&rsquo;S CANDLES Cotton Sky"},"content":{"rendered":"<h3 data-start=\"178\" data-end=\"239\"><strong data-start=\"187\" data-end=\"239\">PRICE\u2019S CANDLES Cotton Sky<\/strong><\/h3>\n<p data-start=\"241\" data-end=\"536\">D\u00e9couvrez <strong data-start=\"251\" data-end=\"284\">Cotton Sky de Price\u2019s Candles<\/strong>, une bougie raffin\u00e9e qui apporte \u00e0 votre int\u00e9rieur la fra\u00eecheur d\u2019un linge propre s\u00e9ch\u00e9 au soleil. Ce parfum doux et pur combine des <strong data-start=\"418\" data-end=\"484\">notes de coton frais, de fleurs blanches et une touche de musc<\/strong>, cr\u00e9ant une atmosph\u00e8re de confort et de s\u00e9r\u00e9nit\u00e9.<\/p>\n<p data-start=\"538\" data-end=\"844\">Fabriqu\u00e9e avec une <strong data-start=\"557\" data-end=\"582\">cire de haute qualit\u00e9<\/strong> et une <strong data-start=\"590\" data-end=\"616\">m\u00e8che en coton naturel<\/strong>, cette bougie assure une combustion uniforme et longue dur\u00e9e, diffusant un ar\u00f4me d\u00e9licat et constant. Son design \u00e9l\u00e9gant et minimaliste s\u2019adapte \u00e0 tous les styles de d\u00e9coration et en fait \u00e9galement une excellente id\u00e9e cadeau.<\/p>\n<p data-start=\"846\" data-end=\"1020\">Parfaite pour <strong data-start=\"860\" data-end=\"882\">parfumer la maison<\/strong>, la chambre ou la salle de bain, <strong data-start=\"916\" data-end=\"946\">Price\u2019s Candles Cotton Sky<\/strong> transforme chaque instant en une exp\u00e9rience de d\u00e9tente et de bien-\u00eatre.<\/p>\n<p data-start=\"717\" data-end=\"983\">Follow us! <a href=\"https:\/\/www.instagram.com\/freeshopswiss\/\" target=\"_blank\" rel=\"noopener\">@freeshopswiss<\/a><\/p>\n<p data-start=\"717\" data-end=\"983\">\n","protected":false},"excerpt":{"rendered":"<p>D\u00e9couvrez <strong data-start=\"251\" data-end=\"284\">Cotton Sky de Price\u2019s Candles<\/strong>, une bougie raffin\u00e9e qui apporte \u00e0 votre int\u00e9rieur la fra\u00eecheur d\u2019un linge propre s\u00e9ch\u00e9 au soleil.<\/p>\n","protected":false},"featured_media":37034,"comment_status":"open","ping_status":"closed","template":"","meta":[],"pwb-brand":[3161],"product_brand":[],"product_cat":[531],"product_tag":[3168,3169,2807,4367],"class_list":{"0":"post-37044","1":"product","2":"type-product","3":"status-publish","4":"has-post-thumbnail","6":"pwb-brand-prices-candles","7":"product_cat-parfums-d-ambiance","8":"product_tag-bougies","9":"product_tag-desodorisants-dinterieur","10":"product_tag-home-diffuser-fr","11":"product_tag-special-printemps","13":"first","14":"instock","15":"sale","16":"taxable","17":"shipping-taxable","18":"purchasable","19":"product-type-variable","20":"has-default-attributes"},"brands":[{"id":3161,"name":"Price's Candles","slug":"prices-candles"}],"_links":{"self":[{"href":"https:\/\/www.freeshopfrontiera.ch\/fr\/wp-json\/wp\/v2\/product\/37044","targetHints":{"allow":["GET"]}}],"collection":[{"href":"https:\/\/www.freeshopfrontiera.ch\/fr\/wp-json\/wp\/v2\/product"}],"about":[{"href":"https:\/\/www.freeshopfrontiera.ch\/fr\/wp-json\/wp\/v2\/types\/product"}],"replies":[{"embeddable":true,"href":"https:\/\/www.freeshopfrontiera.ch\/fr\/wp-json\/wp\/v2\/comments?post=37044"}],"version-history":[{"count":1,"href":"https:\/\/www.freeshopfrontiera.ch\/fr\/wp-json\/wp\/v2\/product\/37044\/revisions"}],"predecessor-version":[{"id":37050,"href":"https:\/\/www.freeshopfrontiera.ch\/fr\/wp-json\/wp\/v2\/product\/37044\/revisions\/37050"}],"wp:featuredmedia":[{"embeddable":true,"href":"https:\/\/www.freeshopfrontiera.ch\/fr\/wp-json\/wp\/v2\/media\/37034"}],"wp:attachment":[{"href":"https:\/\/www.freeshopfrontiera.ch\/fr\/wp-json\/wp\/v2\/media?parent=37044"}],"wp:term":[{"taxonomy":"pwb-brand","embeddable":true,"href":"https:\/\/www.freeshopfrontiera.ch\/fr\/wp-json\/wp\/v2\/pwb-brand?post=37044"},{"taxonomy":"product_brand","embeddable":true,"href":"https:\/\/www.freeshopfrontiera.ch\/fr\/wp-json\/wp\/v2\/product_brand?post=37044"},{"taxonomy":"product_cat","embeddable":true,"href":"https:\/\/www.freeshopfrontiera.ch\/fr\/wp-json\/wp\/v2\/product_cat?post=37044"},{"taxonomy":"product_tag","embeddable":true,"href":"https:\/\/www.freeshopfrontiera.ch\/fr\/wp-json\/wp\/v2\/product_tag?post=37044"}],"curies":[{"name":"wp","href":"https:\/\/api.w.org\/{rel}","templated":true}]}}