{"id":37100,"date":"2025-11-14T10:37:14","date_gmt":"2025-11-14T10:37:14","guid":{"rendered":"https:\/\/www.freeshopfrontiera.ch\/shop\/givenchy-irresistible-50ml\/"},"modified":"2025-12-29T22:12:39","modified_gmt":"2025-12-29T22:12:39","slug":"givenchy-irresistible-50ml","status":"publish","type":"product","link":"https:\/\/www.freeshopfrontiera.ch\/fr\/shop\/givenchy-irresistible-50ml\/","title":{"rendered":"GIVENCHY  Irresistible 35ml"},"content":{"rendered":"<p data-start=\"3056\" data-end=\"3116\"><strong data-start=\"3056\" data-end=\"3114\">GIVENCHY Irresistible Eau de Parfum Vaporisateur 35 ml<\/strong><\/p>\n<p data-start=\"3118\" data-end=\"3776\">D\u00e9couvrez <em data-start=\"3128\" data-end=\"3165\">Givenchy Irresistible Eau de Parfum<\/em>, un parfum f\u00e9minin sophistiqu\u00e9 et moderne qui capture l\u2019essence de la f\u00e9minit\u00e9 contemporaine. Id\u00e9al pour les femmes confiantes, ce parfum enveloppant allie harmonieusement des notes fruit\u00e9es, florales et bois\u00e9es, cr\u00e9ant un bouquet irr\u00e9sistible et persistant. Les notes de t\u00eate de cassis et de poire juteuse offrent une ouverture fra\u00eeche et lumineuse, laissant place \u00e0 un c\u0153ur \u00e9l\u00e9gant d\u2019iris et de rose, symbole de raffinement et de gr\u00e2ce. La base chaude de bois de santal et de musc blanc apporte profondeur et sensualit\u00e9, faisant d\u2019Irresistible de Givenchy le parfum parfait pour le jour comme pour le soir.<\/p>\n<p data-start=\"3778\" data-end=\"4040\">Le flacon de 35 ml repr\u00e9sente l\u2019\u00e9l\u00e9gance iconique de Givenchy, avec des lignes modernes et un design refl\u00e9tant la f\u00e9minit\u00e9 et le luxe de la maison fran\u00e7aise. Compact et pratique, il est id\u00e9al \u00e0 emporter pour des retouches de parfum \u00e0 tout moment de la journ\u00e9e.<\/p>\n<p data-start=\"4042\" data-end=\"4313\">Parfait comme cadeau ou pour enrichir votre collection de parfums, <em data-start=\"4109\" data-end=\"4146\">Givenchy Irresistible Eau de Parfum<\/em> se distingue par sa personnalit\u00e9 unique et laisse une impression durable. Choisissez ce parfum pour vivre une exp\u00e9rience olfactive intense, \u00e9l\u00e9gante et inoubliable.<\/p>\n<p data-start=\"4315\" data-end=\"4539\">Achetez d\u00e8s maintenant votre Givenchy Irresistible 35 ml en ligne et apportez \u00e0 votre routine quotidienne une touche de luxe, de charme et de modernit\u00e9, avec un parfum irr\u00e9sistible qui sublime chaque instant de la journ\u00e9e.<\/p>\n<p data-start=\"1367\" data-end=\"1574\">Follow us! <a href=\"https:\/\/www.instagram.com\/freeshopswiss\/\" target=\"_blank\" rel=\"noopener\">@freeshopswiss<\/a><\/p>\n","protected":false},"excerpt":{"rendered":"<p>D\u00e9couvrez <em data-start=\"3128\" data-end=\"3165\">Givenchy Irresistible Eau de Parfum<\/em>, un parfum f\u00e9minin sophistiqu\u00e9 et moderne qui capture l\u2019essence de la f\u00e9minit\u00e9 contemporaine. Id\u00e9al pour les femmes confiantes, ce parfum enveloppant allie harmonieusement des notes fruit\u00e9es, florales et bois\u00e9es, cr\u00e9ant un bouquet irr\u00e9sistible et persistant.<\/p>\n","protected":false},"featured_media":37092,"comment_status":"open","ping_status":"closed","template":"","meta":[],"pwb-brand":[2171],"product_brand":[],"product_cat":[87,109],"product_tag":[252,296,789,559,97],"class_list":{"0":"post-37100","1":"product","2":"type-product","3":"status-publish","4":"has-post-thumbnail","6":"pwb-brand-givenchy","7":"product_cat-parfums","8":"product_cat-pour-elle","9":"product_tag-eau-de-parfum-fr","10":"product_tag-femme","11":"product_tag-womens-fragrances-fr","12":"product_tag-nouveautes-femmes","13":"product_tag-parfums","15":"first","16":"instock","17":"sale","18":"taxable","19":"shipping-taxable","20":"purchasable","21":"product-type-simple"},"brands":[{"id":2171,"name":"Givenchy","slug":"givenchy"}],"_links":{"self":[{"href":"https:\/\/www.freeshopfrontiera.ch\/fr\/wp-json\/wp\/v2\/product\/37100","targetHints":{"allow":["GET"]}}],"collection":[{"href":"https:\/\/www.freeshopfrontiera.ch\/fr\/wp-json\/wp\/v2\/product"}],"about":[{"href":"https:\/\/www.freeshopfrontiera.ch\/fr\/wp-json\/wp\/v2\/types\/product"}],"replies":[{"embeddable":true,"href":"https:\/\/www.freeshopfrontiera.ch\/fr\/wp-json\/wp\/v2\/comments?post=37100"}],"version-history":[{"count":5,"href":"https:\/\/www.freeshopfrontiera.ch\/fr\/wp-json\/wp\/v2\/product\/37100\/revisions"}],"predecessor-version":[{"id":37563,"href":"https:\/\/www.freeshopfrontiera.ch\/fr\/wp-json\/wp\/v2\/product\/37100\/revisions\/37563"}],"wp:featuredmedia":[{"embeddable":true,"href":"https:\/\/www.freeshopfrontiera.ch\/fr\/wp-json\/wp\/v2\/media\/37092"}],"wp:attachment":[{"href":"https:\/\/www.freeshopfrontiera.ch\/fr\/wp-json\/wp\/v2\/media?parent=37100"}],"wp:term":[{"taxonomy":"pwb-brand","embeddable":true,"href":"https:\/\/www.freeshopfrontiera.ch\/fr\/wp-json\/wp\/v2\/pwb-brand?post=37100"},{"taxonomy":"product_brand","embeddable":true,"href":"https:\/\/www.freeshopfrontiera.ch\/fr\/wp-json\/wp\/v2\/product_brand?post=37100"},{"taxonomy":"product_cat","embeddable":true,"href":"https:\/\/www.freeshopfrontiera.ch\/fr\/wp-json\/wp\/v2\/product_cat?post=37100"},{"taxonomy":"product_tag","embeddable":true,"href":"https:\/\/www.freeshopfrontiera.ch\/fr\/wp-json\/wp\/v2\/product_tag?post=37100"}],"curies":[{"name":"wp","href":"https:\/\/api.w.org\/{rel}","templated":true}]}}