{"id":37117,"date":"2025-11-14T14:14:40","date_gmt":"2025-11-14T14:14:40","guid":{"rendered":"https:\/\/www.freeshopfrontiera.ch\/shop\/dolcegabbana-set-the-one\/"},"modified":"2025-12-26T00:00:26","modified_gmt":"2025-12-26T00:00:26","slug":"dolcegabbana-set-the-one","status":"publish","type":"product","link":"https:\/\/www.freeshopfrontiera.ch\/fr\/shop\/dolcegabbana-set-the-one\/","title":{"rendered":"DOLCE&#038;GABBANA SET The One"},"content":{"rendered":"<p data-start=\"2236\" data-end=\"2325\"><strong data-start=\"2236\" data-end=\"2325\">DOLCE&amp;GABBANA The One \u2013 Coffret Eau de Parfum 75ml + Rollerball 7,5ml + Lait Corporel<\/strong><\/p>\n<p data-start=\"2327\" data-end=\"2783\">D\u00e9couvrez l\u2019\u00e9l\u00e9gance intemporelle de <strong data-start=\"2364\" data-end=\"2389\">Dolce&amp;Gabbana The One<\/strong>, propos\u00e9 dans un coffret exclusif, id\u00e9al comme cadeau ou pour s\u2019offrir un moment de luxe. L\u2019<strong data-start=\"2482\" data-end=\"2504\">Eau de Parfum 75ml<\/strong> d\u00e9voile un parfum f\u00e9minin, sensuel et enveloppant, aux notes orientales et florales. L\u2019ouverture lumineuse de bergamote et de mandarine se fond dans un c\u0153ur chaud de jasmin et de muguet, tandis que la base de vanille, d\u2019ambre et de musc apporte profondeur et tenue irr\u00e9sistible.<\/p>\n<p data-start=\"2785\" data-end=\"3041\">Le <strong data-start=\"2788\" data-end=\"2808\">Rollerball 7,5ml<\/strong>, pratique et nomade, permet de raviver le parfum \u00e0 tout moment de la journ\u00e9e. Le coffret comprend \u00e9galement le <strong data-start=\"2920\" data-end=\"2945\">Lait Corporel parfum\u00e9<\/strong>, \u00e0 la texture douce et hydratante, qui laisse la peau soyeuse tout en prolongeant la fragrance.<\/p>\n<p data-start=\"3043\" data-end=\"3246\">Ce coffret D&amp;G The One offre une exp\u00e9rience olfactive compl\u00e8te : f\u00e9minine, raffin\u00e9e et magn\u00e9tique. Parfait comme cadeau \u00e9l\u00e9gant ou pour celles qui aiment emporter leur parfum iconique partout avec elles.<\/p>\n<p data-start=\"959\" data-end=\"1192\">Follow us! <a href=\"https:\/\/www.instagram.com\/freeshopswiss\/\" target=\"_blank\" rel=\"noopener\">@freeshopswiss<\/a><\/p>\n","protected":false},"excerpt":{"rendered":"<p>D\u00e9couvrez l\u2019\u00e9l\u00e9gance intemporelle de <strong data-start=\"2364\" data-end=\"2389\">Dolce&amp;Gabbana The One<\/strong>, propos\u00e9 dans un coffret exclusif, id\u00e9al comme cadeau ou pour s\u2019offrir un moment de luxe.<\/p>\n","protected":false},"featured_media":37111,"comment_status":"open","ping_status":"closed","template":"","meta":[],"pwb-brand":[272],"product_brand":[],"product_cat":[138,109,484,4192],"product_tag":[459,461,296,789,278,97],"class_list":{"0":"post-37117","1":"product","2":"type-product","3":"status-publish","4":"has-post-thumbnail","6":"pwb-brand-dolcegabbana","7":"product_cat-offre","8":"product_cat-pour-elle","9":"product_cat-coffret","10":"product_cat-offers-coffret","11":"product_tag-coffret","12":"product_tag-coffrets-femme","13":"product_tag-femme","14":"product_tag-womens-fragrances-fr","15":"product_tag-offre","16":"product_tag-parfums","18":"first","19":"instock","20":"sale","21":"taxable","22":"shipping-taxable","23":"purchasable","24":"product-type-simple"},"brands":[{"id":272,"name":"Dolce&amp;Gabbana","slug":"dolcegabbana"}],"_links":{"self":[{"href":"https:\/\/www.freeshopfrontiera.ch\/fr\/wp-json\/wp\/v2\/product\/37117","targetHints":{"allow":["GET"]}}],"collection":[{"href":"https:\/\/www.freeshopfrontiera.ch\/fr\/wp-json\/wp\/v2\/product"}],"about":[{"href":"https:\/\/www.freeshopfrontiera.ch\/fr\/wp-json\/wp\/v2\/types\/product"}],"replies":[{"embeddable":true,"href":"https:\/\/www.freeshopfrontiera.ch\/fr\/wp-json\/wp\/v2\/comments?post=37117"}],"version-history":[{"count":1,"href":"https:\/\/www.freeshopfrontiera.ch\/fr\/wp-json\/wp\/v2\/product\/37117\/revisions"}],"predecessor-version":[{"id":37120,"href":"https:\/\/www.freeshopfrontiera.ch\/fr\/wp-json\/wp\/v2\/product\/37117\/revisions\/37120"}],"wp:featuredmedia":[{"embeddable":true,"href":"https:\/\/www.freeshopfrontiera.ch\/fr\/wp-json\/wp\/v2\/media\/37111"}],"wp:attachment":[{"href":"https:\/\/www.freeshopfrontiera.ch\/fr\/wp-json\/wp\/v2\/media?parent=37117"}],"wp:term":[{"taxonomy":"pwb-brand","embeddable":true,"href":"https:\/\/www.freeshopfrontiera.ch\/fr\/wp-json\/wp\/v2\/pwb-brand?post=37117"},{"taxonomy":"product_brand","embeddable":true,"href":"https:\/\/www.freeshopfrontiera.ch\/fr\/wp-json\/wp\/v2\/product_brand?post=37117"},{"taxonomy":"product_cat","embeddable":true,"href":"https:\/\/www.freeshopfrontiera.ch\/fr\/wp-json\/wp\/v2\/product_cat?post=37117"},{"taxonomy":"product_tag","embeddable":true,"href":"https:\/\/www.freeshopfrontiera.ch\/fr\/wp-json\/wp\/v2\/product_tag?post=37117"}],"curies":[{"name":"wp","href":"https:\/\/api.w.org\/{rel}","templated":true}]}}