{"id":37130,"date":"2025-11-17T09:06:51","date_gmt":"2025-11-17T09:06:51","guid":{"rendered":"https:\/\/www.freeshopfrontiera.ch\/shop\/hugo-boss-set-boss-bottled-beyond\/"},"modified":"2025-12-26T00:00:34","modified_gmt":"2025-12-26T00:00:34","slug":"hugo-boss-set-boss-bottled-beyond","status":"publish","type":"product","link":"https:\/\/www.freeshopfrontiera.ch\/fr\/shop\/hugo-boss-set-boss-bottled-beyond\/","title":{"rendered":"HUGO BOSS SET Boss Bottled Beyond"},"content":{"rendered":"<p data-start=\"1055\" data-end=\"1153\"><strong data-start=\"1055\" data-end=\"1153\">HUGO BOSS \u2013 Coffret Cadeau Homme Boss Bottled Beyond<br data-start=\"1109\" data-end=\"1112\" \/>Eau de Parfum 50 ml + Gel Douche 100 ml<\/strong><\/p>\n<p data-start=\"1155\" data-end=\"1494\">Le <strong data-start=\"1158\" data-end=\"1212\">coffret cadeau homme HUGO BOSS Boss Bottled Beyond<\/strong> est le choix id\u00e9al pour ceux qui recherchent un parfum masculin \u00e9l\u00e9gant, intense et contemporain. L\u2019<strong data-start=\"1313\" data-end=\"1336\">Eau de Parfum 50 ml<\/strong> offre une fragrance captivante pens\u00e9e pour l\u2019homme ambitieux, tandis que le <strong data-start=\"1413\" data-end=\"1434\">Gel Douche 100 ml<\/strong> compl\u00e8te la routine quotidienne avec une fra\u00eecheur durable.<\/p>\n<p data-start=\"1496\" data-end=\"1761\">Boss Bottled Beyond s\u2019ouvre sur des notes fra\u00eeches de <strong data-start=\"1550\" data-end=\"1563\">bergamote<\/strong>, suivies d\u2019un c\u0153ur \u00e9pic\u00e9 de <strong data-start=\"1592\" data-end=\"1605\">gingembre<\/strong> et <strong data-start=\"1609\" data-end=\"1622\">cardamome<\/strong>, pour se poser sur un fond chaleureux de <strong data-start=\"1664\" data-end=\"1681\">bois pr\u00e9cieux<\/strong>. Un \u00e9quilibre parfait entre \u00e9nergie et sophistication, id\u00e9al en toute occasion.<\/p>\n<p data-start=\"1763\" data-end=\"1910\">Gr\u00e2ce \u00e0 sa pr\u00e9sentation soign\u00e9e et \u00e0 la combinaison de produits compl\u00e9mentaires, ce <strong data-start=\"1847\" data-end=\"1868\">coffret HUGO BOSS<\/strong> constitue une excellente <strong data-start=\"1894\" data-end=\"1909\">id\u00e9e cadeau<\/strong>.<\/p>\n<p data-start=\"1912\" data-end=\"1980\"><strong data-start=\"1912\" data-end=\"1980\">Parfait pour l\u2019homme s\u00fbr de lui qui souhaite affirmer son style.<\/strong><\/p>\n<p data-start=\"1088\" data-end=\"1177\">Follow us! <a href=\"https:\/\/www.instagram.com\/freeshopswiss\/\" target=\"_blank\" rel=\"noopener\">@freeshopswiss<\/a><\/p>\n","protected":false},"excerpt":{"rendered":"<p>Le <strong data-start=\"1158\" data-end=\"1212\">coffret cadeau homme HUGO BOSS Boss Bottled Beyond<\/strong> est le choix id\u00e9al pour ceux qui recherchent un parfum masculin \u00e9l\u00e9gant, intense et contemporain<\/p>\n","protected":false},"featured_media":39274,"comment_status":"open","ping_status":"closed","template":"","meta":[],"pwb-brand":[260],"product_brand":[],"product_cat":[138,89,484,4192],"product_tag":[459,464,143],"class_list":{"0":"post-37130","1":"product","2":"type-product","3":"status-publish","4":"has-post-thumbnail","6":"pwb-brand-hugo-boss","7":"product_cat-offre","8":"product_cat-pour-lui","9":"product_cat-coffret","10":"product_cat-offers-coffret","11":"product_tag-coffret","12":"product_tag-coffret-homme","13":"product_tag-homme","15":"first","16":"instock","17":"sale","18":"taxable","19":"shipping-taxable","20":"purchasable","21":"product-type-simple"},"brands":[{"id":260,"name":"Hugo Boss","slug":"hugo-boss"}],"_links":{"self":[{"href":"https:\/\/www.freeshopfrontiera.ch\/fr\/wp-json\/wp\/v2\/product\/37130","targetHints":{"allow":["GET"]}}],"collection":[{"href":"https:\/\/www.freeshopfrontiera.ch\/fr\/wp-json\/wp\/v2\/product"}],"about":[{"href":"https:\/\/www.freeshopfrontiera.ch\/fr\/wp-json\/wp\/v2\/types\/product"}],"replies":[{"embeddable":true,"href":"https:\/\/www.freeshopfrontiera.ch\/fr\/wp-json\/wp\/v2\/comments?post=37130"}],"version-history":[{"count":2,"href":"https:\/\/www.freeshopfrontiera.ch\/fr\/wp-json\/wp\/v2\/product\/37130\/revisions"}],"predecessor-version":[{"id":37134,"href":"https:\/\/www.freeshopfrontiera.ch\/fr\/wp-json\/wp\/v2\/product\/37130\/revisions\/37134"}],"wp:featuredmedia":[{"embeddable":true,"href":"https:\/\/www.freeshopfrontiera.ch\/fr\/wp-json\/wp\/v2\/media\/39274"}],"wp:attachment":[{"href":"https:\/\/www.freeshopfrontiera.ch\/fr\/wp-json\/wp\/v2\/media?parent=37130"}],"wp:term":[{"taxonomy":"pwb-brand","embeddable":true,"href":"https:\/\/www.freeshopfrontiera.ch\/fr\/wp-json\/wp\/v2\/pwb-brand?post=37130"},{"taxonomy":"product_brand","embeddable":true,"href":"https:\/\/www.freeshopfrontiera.ch\/fr\/wp-json\/wp\/v2\/product_brand?post=37130"},{"taxonomy":"product_cat","embeddable":true,"href":"https:\/\/www.freeshopfrontiera.ch\/fr\/wp-json\/wp\/v2\/product_cat?post=37130"},{"taxonomy":"product_tag","embeddable":true,"href":"https:\/\/www.freeshopfrontiera.ch\/fr\/wp-json\/wp\/v2\/product_tag?post=37130"}],"curies":[{"name":"wp","href":"https:\/\/api.w.org\/{rel}","templated":true}]}}