{"id":37158,"date":"2025-11-17T10:16:53","date_gmt":"2025-11-17T10:16:53","guid":{"rendered":"https:\/\/www.freeshopfrontiera.ch\/shop\/burberry-set-hero-eau-de-parfum\/"},"modified":"2026-05-09T11:11:55","modified_gmt":"2026-05-09T11:11:55","slug":"burberry-set-hero-eau-de-parfum","status":"publish","type":"product","link":"https:\/\/www.freeshopfrontiera.ch\/fr\/shop\/burberry-set-hero-eau-de-parfum\/","title":{"rendered":"BURBERRY SET Hero Eau de Parfum"},"content":{"rendered":"<h3 data-start=\"1077\" data-end=\"1108\">BURBERRY \u2013 Coffret Hero<\/h3>\n<p data-start=\"1109\" data-end=\"1154\">Eau de Parfum 50 ml + Stick D\u00e9odorant 75 ml**<\/p>\n<p data-start=\"1156\" data-end=\"1434\">Le <strong data-start=\"1159\" data-end=\"1184\">coffret BURBERRY Hero<\/strong> r\u00e9unit \u00e9l\u00e9gance, intensit\u00e9 et praticit\u00e9, parfaitement adapt\u00e9 \u00e0 l\u2019homme moderne. L\u2019<strong data-start=\"1267\" data-end=\"1290\">Eau de Parfum 50 ml<\/strong> r\u00e9v\u00e8le une fragrance audacieuse et charismatique, tandis que le <strong data-start=\"1355\" data-end=\"1380\">Stick D\u00e9odorant 75 ml<\/strong> offre une fra\u00eecheur durable avec un parfum coordonn\u00e9.<\/p>\n<p data-start=\"1436\" data-end=\"1520\">Burberry Hero est un parfum iconique construit autour de notes bois\u00e9es raffin\u00e9es :<\/p>\n<ul data-start=\"1521\" data-end=\"1720\">\n<li data-start=\"1521\" data-end=\"1577\">\n<p data-start=\"1523\" data-end=\"1577\"><strong data-start=\"1523\" data-end=\"1543\">Aiguilles de pin<\/strong> pour une fra\u00eecheur \u00e9nergisante,<\/p>\n<\/li>\n<li data-start=\"1578\" data-end=\"1643\">\n<p data-start=\"1580\" data-end=\"1643\"><strong data-start=\"1580\" data-end=\"1601\">R\u00e9sine de benjoin<\/strong> pour une touche chaude et enveloppante,<\/p>\n<\/li>\n<li data-start=\"1644\" data-end=\"1720\">\n<p data-start=\"1646\" data-end=\"1720\"><strong data-start=\"1646\" data-end=\"1674\">Accords de bois de c\u00e8dre<\/strong> apportant force, profondeur et masculinit\u00e9.<\/p>\n<\/li>\n<\/ul>\n<p data-start=\"1722\" data-end=\"1835\">Une composition moderne et magn\u00e9tique, id\u00e9ale pour ceux qui aiment les parfums sophistiqu\u00e9s au caract\u00e8re affirm\u00e9.<\/p>\n<p data-start=\"1837\" data-end=\"1998\">Ce <strong data-start=\"1840\" data-end=\"1856\">coffret Hero<\/strong> est une excellente <strong data-start=\"1876\" data-end=\"1891\">id\u00e9e cadeau<\/strong> ou un set parfait pour la routine quotidienne, gr\u00e2ce \u00e0 l\u2019association \u00e9quilibr\u00e9e entre parfum et d\u00e9odorant.<\/p>\n<p data-start=\"2000\" data-end=\"2070\"><strong data-start=\"2000\" data-end=\"2070\">Id\u00e9al pour l\u2019homme s\u00fbr de lui, dynamique et naturellement \u00e9l\u00e9gant.<\/strong><\/p>\n<p data-start=\"1053\" data-end=\"1116\">Follow us! <a href=\"https:\/\/www.instagram.com\/freeshopswiss\/\" target=\"_blank\" rel=\"noopener\">@freeshopswiss<\/a><\/p>\n","protected":false},"excerpt":{"rendered":"<p>Le <strong data-start=\"1159\" data-end=\"1184\">coffret BURBERRY Hero<\/strong> r\u00e9unit \u00e9l\u00e9gance, intensit\u00e9 et praticit\u00e9, parfaitement adapt\u00e9 \u00e0 l\u2019homme moderne. L\u2019<strong data-start=\"1267\" data-end=\"1290\">Eau de Parfum 50 ml<\/strong> r\u00e9v\u00e8le une fragrance audacieuse et charismatique, tandis que le <strong data-start=\"1355\" data-end=\"1380\">Stick D\u00e9odorant 75 ml<\/strong> offre une fra\u00eecheur durable avec un parfum coordonn\u00e9.<\/p>\n","protected":false},"featured_media":37153,"comment_status":"open","ping_status":"closed","template":"","meta":[],"pwb-brand":[261],"product_brand":[],"product_cat":[138,89,484],"product_tag":[280,459,464,252,143],"class_list":{"0":"post-37158","1":"product","2":"type-product","3":"status-publish","4":"has-post-thumbnail","6":"pwb-brand-burberry","7":"product_cat-offre","8":"product_cat-pour-lui","9":"product_cat-coffret","10":"product_tag-bestseller-fr","11":"product_tag-coffret","12":"product_tag-coffret-homme","13":"product_tag-eau-de-parfum-fr","14":"product_tag-homme","16":"first","17":"instock","18":"sale","19":"taxable","20":"shipping-taxable","21":"purchasable","22":"product-type-simple"},"brands":[{"id":261,"name":"Burberry","slug":"burberry"}],"_links":{"self":[{"href":"https:\/\/www.freeshopfrontiera.ch\/fr\/wp-json\/wp\/v2\/product\/37158","targetHints":{"allow":["GET"]}}],"collection":[{"href":"https:\/\/www.freeshopfrontiera.ch\/fr\/wp-json\/wp\/v2\/product"}],"about":[{"href":"https:\/\/www.freeshopfrontiera.ch\/fr\/wp-json\/wp\/v2\/types\/product"}],"replies":[{"embeddable":true,"href":"https:\/\/www.freeshopfrontiera.ch\/fr\/wp-json\/wp\/v2\/comments?post=37158"}],"version-history":[{"count":1,"href":"https:\/\/www.freeshopfrontiera.ch\/fr\/wp-json\/wp\/v2\/product\/37158\/revisions"}],"predecessor-version":[{"id":37161,"href":"https:\/\/www.freeshopfrontiera.ch\/fr\/wp-json\/wp\/v2\/product\/37158\/revisions\/37161"}],"wp:featuredmedia":[{"embeddable":true,"href":"https:\/\/www.freeshopfrontiera.ch\/fr\/wp-json\/wp\/v2\/media\/37153"}],"wp:attachment":[{"href":"https:\/\/www.freeshopfrontiera.ch\/fr\/wp-json\/wp\/v2\/media?parent=37158"}],"wp:term":[{"taxonomy":"pwb-brand","embeddable":true,"href":"https:\/\/www.freeshopfrontiera.ch\/fr\/wp-json\/wp\/v2\/pwb-brand?post=37158"},{"taxonomy":"product_brand","embeddable":true,"href":"https:\/\/www.freeshopfrontiera.ch\/fr\/wp-json\/wp\/v2\/product_brand?post=37158"},{"taxonomy":"product_cat","embeddable":true,"href":"https:\/\/www.freeshopfrontiera.ch\/fr\/wp-json\/wp\/v2\/product_cat?post=37158"},{"taxonomy":"product_tag","embeddable":true,"href":"https:\/\/www.freeshopfrontiera.ch\/fr\/wp-json\/wp\/v2\/product_tag?post=37158"}],"curies":[{"name":"wp","href":"https:\/\/api.w.org\/{rel}","templated":true}]}}