{"id":37171,"date":"2025-11-17T10:31:17","date_gmt":"2025-11-17T10:31:17","guid":{"rendered":"https:\/\/www.freeshopfrontiera.ch\/shop\/hugo-boss-set-alive\/"},"modified":"2026-04-13T14:26:31","modified_gmt":"2026-04-13T14:26:31","slug":"hugo-boss-set-hugo","status":"publish","type":"product","link":"https:\/\/www.freeshopfrontiera.ch\/fr\/shop\/hugo-boss-set-hugo\/","title":{"rendered":"BOSS SET Hugo Man"},"content":{"rendered":"<h3 data-start=\"987\" data-end=\"1023\">BOSS \u2013 Coffret Hugo Man<\/h3>\n<p data-start=\"1024\" data-end=\"1072\">Eau de Toilette 75 ml + Spray D\u00e9odorant 150 ml**<\/p>\n<p data-start=\"1074\" data-end=\"1360\">Le <strong data-start=\"1077\" data-end=\"1107\">coffret BOSS Hugo Man<\/strong> est con\u00e7u pour l\u2019homme moderne, dynamique et s\u00fbr de lui. L\u2019<strong data-start=\"1167\" data-end=\"1192\">Eau de Toilette 75 ml<\/strong> offre une fragrance fra\u00eeche et aromatique, tandis que le <strong data-start=\"1250\" data-end=\"1276\">Spray D\u00e9odorant 150 ml<\/strong> garantit une fra\u00eecheur durable avec un parfum harmonis\u00e9 tout au long de la journ\u00e9e.<\/p>\n<p data-start=\"1362\" data-end=\"1427\">HUGO BOSS Hugo Man se distingue par un profil olfactif unique :<\/p>\n<ul data-start=\"1428\" data-end=\"1650\">\n<li data-start=\"1428\" data-end=\"1502\">\n<p data-start=\"1430\" data-end=\"1502\"><strong data-start=\"1430\" data-end=\"1474\">Notes fra\u00eeches de pomme verte et agrumes<\/strong> pour \u00e9nergie et vitalit\u00e9,<\/p>\n<\/li>\n<li data-start=\"1503\" data-end=\"1576\">\n<p data-start=\"1505\" data-end=\"1576\"><strong data-start=\"1505\" data-end=\"1546\">Accents \u00e9pic\u00e9s de basilic et g\u00e9ranium<\/strong> pour une touche audacieuse,<\/p>\n<\/li>\n<li data-start=\"1577\" data-end=\"1650\">\n<p data-start=\"1579\" data-end=\"1650\"><strong data-start=\"1579\" data-end=\"1613\">Base bois\u00e9e de v\u00e9tiver et musc<\/strong> apportant profondeur et caract\u00e8re.<\/p>\n<\/li>\n<\/ul>\n<p data-start=\"1652\" data-end=\"1791\">Ce <strong data-start=\"1655\" data-end=\"1675\">coffret Hugo Man<\/strong> est parfait comme <strong data-start=\"1694\" data-end=\"1709\">id\u00e9e cadeau<\/strong> ou pour un usage quotidien, offrant un \u00e9quilibre id\u00e9al entre parfum et d\u00e9odorant.<\/p>\n<p data-start=\"1793\" data-end=\"1858\"><strong data-start=\"1793\" data-end=\"1858\">Id\u00e9al pour l\u2019homme \u00e9l\u00e9gant, moderne et toujours en mouvement.<\/strong><\/p>\n<p data-start=\"938\" data-end=\"1005\">Follow us! <a href=\"https:\/\/www.instagram.com\/freeshopswiss\/\" target=\"_blank\" rel=\"noopener\">@freeshopswiss<\/a><\/p>\n","protected":false},"excerpt":{"rendered":"<p>Le <strong data-start=\"1077\" data-end=\"1107\">coffret HUGO BOSS Hugo Man<\/strong> est con\u00e7u pour l\u2019homme moderne, dynamique et s\u00fbr de lui. L\u2019<strong data-start=\"1167\" data-end=\"1192\">Eau de Toilette 75 ml<\/strong> offre une fragrance fra\u00eeche et aromatique, tandis que le <strong data-start=\"1250\" data-end=\"1276\">Spray D\u00e9odorant 150 ml<\/strong> garantit une fra\u00eecheur durable avec un parfum harmonis\u00e9 tout au long de la journ\u00e9e.<\/p>\n","protected":false},"featured_media":37166,"comment_status":"open","ping_status":"closed","template":"","meta":[],"pwb-brand":[260],"product_brand":[],"product_cat":[138,89,484,4192],"product_tag":[280,459,464,141,278],"class_list":{"0":"post-37171","1":"product","2":"type-product","3":"status-publish","4":"has-post-thumbnail","6":"pwb-brand-hugo-boss","7":"product_cat-offre","8":"product_cat-pour-lui","9":"product_cat-coffret","10":"product_cat-offers-coffret","11":"product_tag-bestseller-fr","12":"product_tag-coffret","13":"product_tag-coffret-homme","14":"product_tag-eau-de-toilette-fr","15":"product_tag-offre","17":"first","18":"instock","19":"sale","20":"taxable","21":"shipping-taxable","22":"purchasable","23":"product-type-simple"},"brands":[{"id":260,"name":"Hugo Boss","slug":"hugo-boss"}],"_links":{"self":[{"href":"https:\/\/www.freeshopfrontiera.ch\/fr\/wp-json\/wp\/v2\/product\/37171","targetHints":{"allow":["GET"]}}],"collection":[{"href":"https:\/\/www.freeshopfrontiera.ch\/fr\/wp-json\/wp\/v2\/product"}],"about":[{"href":"https:\/\/www.freeshopfrontiera.ch\/fr\/wp-json\/wp\/v2\/types\/product"}],"replies":[{"embeddable":true,"href":"https:\/\/www.freeshopfrontiera.ch\/fr\/wp-json\/wp\/v2\/comments?post=37171"}],"version-history":[{"count":5,"href":"https:\/\/www.freeshopfrontiera.ch\/fr\/wp-json\/wp\/v2\/product\/37171\/revisions"}],"predecessor-version":[{"id":42317,"href":"https:\/\/www.freeshopfrontiera.ch\/fr\/wp-json\/wp\/v2\/product\/37171\/revisions\/42317"}],"wp:featuredmedia":[{"embeddable":true,"href":"https:\/\/www.freeshopfrontiera.ch\/fr\/wp-json\/wp\/v2\/media\/37166"}],"wp:attachment":[{"href":"https:\/\/www.freeshopfrontiera.ch\/fr\/wp-json\/wp\/v2\/media?parent=37171"}],"wp:term":[{"taxonomy":"pwb-brand","embeddable":true,"href":"https:\/\/www.freeshopfrontiera.ch\/fr\/wp-json\/wp\/v2\/pwb-brand?post=37171"},{"taxonomy":"product_brand","embeddable":true,"href":"https:\/\/www.freeshopfrontiera.ch\/fr\/wp-json\/wp\/v2\/product_brand?post=37171"},{"taxonomy":"product_cat","embeddable":true,"href":"https:\/\/www.freeshopfrontiera.ch\/fr\/wp-json\/wp\/v2\/product_cat?post=37171"},{"taxonomy":"product_tag","embeddable":true,"href":"https:\/\/www.freeshopfrontiera.ch\/fr\/wp-json\/wp\/v2\/product_tag?post=37171"}],"curies":[{"name":"wp","href":"https:\/\/api.w.org\/{rel}","templated":true}]}}