{"id":37197,"date":"2025-11-17T10:59:10","date_gmt":"2025-11-17T10:59:10","guid":{"rendered":"https:\/\/www.freeshopfrontiera.ch\/shop\/gucci-set-flora-gorgeous-orchid\/"},"modified":"2025-11-17T11:27:09","modified_gmt":"2025-11-17T11:27:09","slug":"gucci-set-flora-gorgeous-orchid","status":"publish","type":"product","link":"https:\/\/www.freeshopfrontiera.ch\/fr\/shop\/gucci-set-flora-gorgeous-orchid\/","title":{"rendered":"GUCCI SET Flora Gorgeous Orchid"},"content":{"rendered":"<p data-start=\"1841\" data-end=\"1933\"><strong data-start=\"1841\" data-end=\"1882\">GUCCI \u2013 Coffret Flora Gorgeous Orchid<\/strong><br data-start=\"1882\" data-end=\"1885\" \/>Eau de Parfum 50 ml + Lait pour le corps 50 ml<\/p>\n<p data-start=\"1935\" data-end=\"2231\">Le coffret cadeau GUCCI Flora Gorgeous Orchid capture la f\u00e9minit\u00e9 moderne avec un parfum floral s\u00e9duisant et sophistiqu\u00e9. L\u2019Eau de Parfum de 50 ml d\u00e9gage un parfum \u00e9l\u00e9gant et lumineux, tandis que le Lait pour le corps de 50 ml nourrit la peau et l\u2019enveloppe d\u00e9licatement du m\u00eame parfum raffin\u00e9.<\/p>\n<p data-start=\"2233\" data-end=\"2318\">GUCCI Flora Gorgeous Orchid se distingue par un bouquet floral \u00e9l\u00e9gant et sensuel :<\/p>\n<ul data-start=\"2319\" data-end=\"2535\">\n<li data-start=\"2319\" data-end=\"2379\">\n<p data-start=\"2321\" data-end=\"2379\">Notes de t\u00eate de rhubarbe pour une fra\u00eecheur p\u00e9tillante,<\/p>\n<\/li>\n<li data-start=\"2380\" data-end=\"2447\">\n<p data-start=\"2382\" data-end=\"2447\">Notes de c\u0153ur d\u2019orchid\u00e9e et de rose pour une f\u00e9minit\u00e9 raffin\u00e9e,<\/p>\n<\/li>\n<li data-start=\"2448\" data-end=\"2535\">\n<p data-start=\"2450\" data-end=\"2535\">Notes de fond de musc et de bois de c\u00e8dre pour une empreinte chaude et persistante.<\/p>\n<\/li>\n<\/ul>\n<p data-start=\"2537\" data-end=\"2682\">Ce coffret GUCCI est parfait comme id\u00e9e cadeau ou pour un usage personnel, combinant soin de la peau et parfum dans un \u00e9l\u00e9gant coffret de luxe.<\/p>\n<p data-start=\"2684\" data-end=\"2739\">Id\u00e9al pour la femme moderne, \u00e9l\u00e9gante et s\u00fbre d\u2019elle.<\/p>\n<p data-start=\"1012\" data-end=\"1069\">Follow us! <a href=\"https:\/\/www.instagram.com\/freeshopswiss\/\" target=\"_blank\" rel=\"noopener\">@freeshopswiss<\/a><\/p>\n","protected":false},"excerpt":{"rendered":"<p>Le coffret cadeau GUCCI Flora Gorgeous Orchid capture la f\u00e9minit\u00e9 moderne avec un parfum floral s\u00e9duisant et sophistiqu\u00e9. L\u2019Eau de Parfum de 50 ml d\u00e9gage un parfum \u00e9l\u00e9gant et lumineux, tandis que le Lait pour le corps de 50 ml nourrit la peau et l\u2019enveloppe d\u00e9licatement du m\u00eame parfum raffin\u00e9.<\/p>\n","protected":false},"featured_media":37191,"comment_status":"open","ping_status":"closed","template":"","meta":[],"pwb-brand":[270],"product_brand":[],"product_cat":[138,87,109,484,4192],"product_tag":[280,459,461,252,4348,5050,5074],"class_list":{"0":"post-37197","1":"product","2":"type-product","3":"status-publish","4":"has-post-thumbnail","6":"pwb-brand-gucci","7":"product_cat-offre","8":"product_cat-parfums","9":"product_cat-pour-elle","10":"product_cat-coffret","11":"product_cat-offers-coffret","12":"product_tag-bestseller-fr","13":"product_tag-coffret","14":"product_tag-coffrets-femme","15":"product_tag-eau-de-parfum-fr","16":"product_tag-fete-des-femmes","17":"product_tag-fete-des-meres","18":"product_tag-parfums-pour-la-fete-des-meres","20":"first","21":"instock","22":"sale","23":"taxable","24":"shipping-taxable","25":"purchasable","26":"product-type-simple"},"brands":[{"id":270,"name":"Gucci","slug":"gucci"}],"_links":{"self":[{"href":"https:\/\/www.freeshopfrontiera.ch\/fr\/wp-json\/wp\/v2\/product\/37197","targetHints":{"allow":["GET"]}}],"collection":[{"href":"https:\/\/www.freeshopfrontiera.ch\/fr\/wp-json\/wp\/v2\/product"}],"about":[{"href":"https:\/\/www.freeshopfrontiera.ch\/fr\/wp-json\/wp\/v2\/types\/product"}],"replies":[{"embeddable":true,"href":"https:\/\/www.freeshopfrontiera.ch\/fr\/wp-json\/wp\/v2\/comments?post=37197"}],"version-history":[{"count":1,"href":"https:\/\/www.freeshopfrontiera.ch\/fr\/wp-json\/wp\/v2\/product\/37197\/revisions"}],"predecessor-version":[{"id":37202,"href":"https:\/\/www.freeshopfrontiera.ch\/fr\/wp-json\/wp\/v2\/product\/37197\/revisions\/37202"}],"wp:featuredmedia":[{"embeddable":true,"href":"https:\/\/www.freeshopfrontiera.ch\/fr\/wp-json\/wp\/v2\/media\/37191"}],"wp:attachment":[{"href":"https:\/\/www.freeshopfrontiera.ch\/fr\/wp-json\/wp\/v2\/media?parent=37197"}],"wp:term":[{"taxonomy":"pwb-brand","embeddable":true,"href":"https:\/\/www.freeshopfrontiera.ch\/fr\/wp-json\/wp\/v2\/pwb-brand?post=37197"},{"taxonomy":"product_brand","embeddable":true,"href":"https:\/\/www.freeshopfrontiera.ch\/fr\/wp-json\/wp\/v2\/product_brand?post=37197"},{"taxonomy":"product_cat","embeddable":true,"href":"https:\/\/www.freeshopfrontiera.ch\/fr\/wp-json\/wp\/v2\/product_cat?post=37197"},{"taxonomy":"product_tag","embeddable":true,"href":"https:\/\/www.freeshopfrontiera.ch\/fr\/wp-json\/wp\/v2\/product_tag?post=37197"}],"curies":[{"name":"wp","href":"https:\/\/api.w.org\/{rel}","templated":true}]}}