{"id":37211,"date":"2025-11-17T11:46:03","date_gmt":"2025-11-17T11:46:03","guid":{"rendered":"https:\/\/www.freeshopfrontiera.ch\/shop\/valentino-set-born-in-roma-uomo\/"},"modified":"2025-11-17T11:51:52","modified_gmt":"2025-11-17T11:51:52","slug":"valentino-set-born-in-roma-uomo","status":"publish","type":"product","link":"https:\/\/www.freeshopfrontiera.ch\/fr\/shop\/valentino-set-born-in-roma-uomo\/","title":{"rendered":"VALENTINO SET Born in Roma Uomo"},"content":{"rendered":"<p data-start=\"2604\" data-end=\"2701\"><strong data-start=\"2604\" data-end=\"2645\">VALENTINO \u2013 Coffret Born in Roma Uomo<\/strong><br data-start=\"2645\" data-end=\"2648\" \/><strong data-start=\"2648\" data-end=\"2699\">Eau de Toilette Vaporisateur 50 ml + Mini 15 ml<\/strong><\/p>\n<p data-start=\"2703\" data-end=\"3112\">Le coffret cadeau VALENTINO Born in Roma Uomo incarne l\u2019\u00e9l\u00e9gance contemporaine de l\u2019homme moderne, un parfait \u00e9quilibre entre force et sophistication. L\u2019Eau de Toilette de 50 ml diffuse un parfum audacieux et raffin\u00e9, id\u00e9al pour ceux qui souhaitent laisser une impression durable. Le parfum est un voyage olfactif \u00e0 travers des notes fra\u00eeches, \u00e9pic\u00e9es et bois\u00e9es, cr\u00e9ant un bouquet distinctif et magn\u00e9tique.<\/p>\n<p data-start=\"3114\" data-end=\"3249\">Le mini de 15 ml permet d\u2019emporter ce parfum embl\u00e9matique partout, du bureau aux soir\u00e9es, tout en conservant une \u00e9l\u00e9gance impeccable.<\/p>\n<p data-start=\"3251\" data-end=\"3287\"><strong data-start=\"3251\" data-end=\"3285\">Principales notes olfactives :<\/strong><\/p>\n<ul data-start=\"3288\" data-end=\"3510\">\n<li data-start=\"3288\" data-end=\"3363\">\n<p data-start=\"3290\" data-end=\"3363\"><strong data-start=\"3290\" data-end=\"3300\">T\u00eate :<\/strong> agrumes et poivre noir pour une fra\u00eecheur p\u00e9tillante et vive<\/p>\n<\/li>\n<li data-start=\"3364\" data-end=\"3436\">\n<p data-start=\"3366\" data-end=\"3436\"><strong data-start=\"3366\" data-end=\"3376\">C\u0153ur :<\/strong> lavande et g\u00e9ranium pour une touche raffin\u00e9e et sensuelle<\/p>\n<\/li>\n<li data-start=\"3437\" data-end=\"3510\">\n<p data-start=\"3439\" data-end=\"3510\"><strong data-start=\"3439\" data-end=\"3449\">Fond :<\/strong> bois de c\u00e8dre et ambre pour un sillage chaud et persistant<\/p>\n<\/li>\n<\/ul>\n<p data-start=\"3512\" data-end=\"3756\">Le coffret VALENTINO Born in Roma Uomo est con\u00e7u pour l\u2019homme moderne, s\u00fbr de lui et dynamique, qui aime exprimer sa personnalit\u00e9 \u00e0 travers des d\u00e9tails \u00e9l\u00e9gants. Parfait comme cadeau exclusif ou pour enrichir sa collection de parfums de luxe.<\/p>\n<p data-start=\"1173\" data-end=\"1433\">Follow us! <a href=\"https:\/\/www.instagram.com\/freeshopswiss\/\" target=\"_blank\" rel=\"noopener\">@freeshopswiss<\/a><\/p>\n","protected":false},"excerpt":{"rendered":"<p>Le coffret cadeau VALENTINO Born in Roma Uomo incarne l\u2019\u00e9l\u00e9gance contemporaine de l\u2019homme moderne, un parfait \u00e9quilibre entre force et sophistication.<\/p>\n","protected":false},"featured_media":37206,"comment_status":"open","ping_status":"closed","template":"","meta":[],"pwb-brand":[298],"product_brand":[],"product_cat":[484],"product_tag":[459,464,252,143],"class_list":{"0":"post-37211","1":"product","2":"type-product","3":"status-publish","4":"has-post-thumbnail","6":"pwb-brand-valentino","7":"product_cat-coffret","8":"product_tag-coffret","9":"product_tag-coffret-homme","10":"product_tag-eau-de-parfum-fr","11":"product_tag-homme","13":"first","14":"outofstock","15":"sale","16":"taxable","17":"shipping-taxable","18":"purchasable","19":"product-type-simple"},"brands":[{"id":298,"name":"Valentino","slug":"valentino"}],"_links":{"self":[{"href":"https:\/\/www.freeshopfrontiera.ch\/fr\/wp-json\/wp\/v2\/product\/37211","targetHints":{"allow":["GET"]}}],"collection":[{"href":"https:\/\/www.freeshopfrontiera.ch\/fr\/wp-json\/wp\/v2\/product"}],"about":[{"href":"https:\/\/www.freeshopfrontiera.ch\/fr\/wp-json\/wp\/v2\/types\/product"}],"replies":[{"embeddable":true,"href":"https:\/\/www.freeshopfrontiera.ch\/fr\/wp-json\/wp\/v2\/comments?post=37211"}],"version-history":[{"count":1,"href":"https:\/\/www.freeshopfrontiera.ch\/fr\/wp-json\/wp\/v2\/product\/37211\/revisions"}],"predecessor-version":[{"id":37215,"href":"https:\/\/www.freeshopfrontiera.ch\/fr\/wp-json\/wp\/v2\/product\/37211\/revisions\/37215"}],"wp:featuredmedia":[{"embeddable":true,"href":"https:\/\/www.freeshopfrontiera.ch\/fr\/wp-json\/wp\/v2\/media\/37206"}],"wp:attachment":[{"href":"https:\/\/www.freeshopfrontiera.ch\/fr\/wp-json\/wp\/v2\/media?parent=37211"}],"wp:term":[{"taxonomy":"pwb-brand","embeddable":true,"href":"https:\/\/www.freeshopfrontiera.ch\/fr\/wp-json\/wp\/v2\/pwb-brand?post=37211"},{"taxonomy":"product_brand","embeddable":true,"href":"https:\/\/www.freeshopfrontiera.ch\/fr\/wp-json\/wp\/v2\/product_brand?post=37211"},{"taxonomy":"product_cat","embeddable":true,"href":"https:\/\/www.freeshopfrontiera.ch\/fr\/wp-json\/wp\/v2\/product_cat?post=37211"},{"taxonomy":"product_tag","embeddable":true,"href":"https:\/\/www.freeshopfrontiera.ch\/fr\/wp-json\/wp\/v2\/product_tag?post=37211"}],"curies":[{"name":"wp","href":"https:\/\/api.w.org\/{rel}","templated":true}]}}