{"id":37233,"date":"2025-11-17T15:32:52","date_gmt":"2025-11-17T15:32:52","guid":{"rendered":"https:\/\/www.freeshopfrontiera.ch\/shop\/prices-candles-warm-oud\/"},"modified":"2025-11-17T16:58:06","modified_gmt":"2025-11-17T16:58:06","slug":"prices-candles-warm-oud","status":"publish","type":"product","link":"https:\/\/www.freeshopfrontiera.ch\/fr\/shop\/prices-candles-warm-oud\/","title":{"rendered":"PRICE&rsquo;S CANDLES Warm Oud"},"content":{"rendered":"<h3 data-start=\"1646\" data-end=\"1680\"><strong data-start=\"1650\" data-end=\"1680\">PRICE\u2019S CANDLES \u2013 Warm Oud<\/strong><\/h3>\n<p data-start=\"1682\" data-end=\"1850\">Plongez dans une atmosph\u00e8re chaleureuse et sophistiqu\u00e9e avec <em data-start=\"1743\" data-end=\"1753\">Warm Oud<\/em> de Price\u2019s Candles, un parfum intense qui allie profondeur orientale et \u00e9l\u00e9gance intemporelle.<\/p>\n<p data-start=\"1852\" data-end=\"2069\">Les notes chaudes et bois\u00e9es de l\u2019oud, enrichies de nuances aromatiques et d\u2019une d\u00e9licate touche balsamique, cr\u00e9ent un parfum sensuel et luxueux qui transforme chaque espace en un lieu calme, accueillant et raffin\u00e9.<\/p>\n<p data-start=\"2071\" data-end=\"2295\">Parfait pour ceux qui appr\u00e9cient les fragrances profondes et enveloppantes, <em data-start=\"2147\" data-end=\"2157\">Warm Oud<\/em> apporte confort et d\u00e9tente \u2014 id\u00e9al pour les soir\u00e9es, les espaces de vie ou pour cr\u00e9er une ambiance \u00e9l\u00e9gante lors d\u2019occasions sp\u00e9ciales.<\/p>\n<p data-start=\"2297\" data-end=\"2409\">Une bougie de caract\u00e8re, qui apporte \u00e0 votre int\u00e9rieur une touche d\u2019\u00e9l\u00e9gance britannique sign\u00e9e Price\u2019s Candles.<\/p>\n<p data-start=\"731\" data-end=\"851\">Follow us! <a href=\"https:\/\/www.instagram.com\/freeshopswiss\/\" target=\"_blank\" rel=\"noopener\">@freeshopswiss<\/a><\/p>\n","protected":false},"excerpt":{"rendered":"<p>Plongez dans une atmosph\u00e8re chaleureuse et sophistiqu\u00e9e avec <em data-start=\"1743\" data-end=\"1753\">Warm Oud<\/em> de Price\u2019s Candles, un parfum intense qui allie profondeur orientale et \u00e9l\u00e9gance intemporelle.<\/p>\n","protected":false},"featured_media":37223,"comment_status":"open","ping_status":"closed","template":"","meta":[],"pwb-brand":[3161],"product_brand":[],"product_cat":[531],"product_tag":[3168,3169,2807],"class_list":{"0":"post-37233","1":"product","2":"type-product","3":"status-publish","4":"has-post-thumbnail","6":"pwb-brand-prices-candles","7":"product_cat-parfums-d-ambiance","8":"product_tag-bougies","9":"product_tag-desodorisants-dinterieur","10":"product_tag-home-diffuser-fr","12":"first","13":"instock","14":"sale","15":"taxable","16":"shipping-taxable","17":"purchasable","18":"product-type-variable","19":"has-default-attributes"},"brands":[{"id":3161,"name":"Price's Candles","slug":"prices-candles"}],"_links":{"self":[{"href":"https:\/\/www.freeshopfrontiera.ch\/fr\/wp-json\/wp\/v2\/product\/37233","targetHints":{"allow":["GET"]}}],"collection":[{"href":"https:\/\/www.freeshopfrontiera.ch\/fr\/wp-json\/wp\/v2\/product"}],"about":[{"href":"https:\/\/www.freeshopfrontiera.ch\/fr\/wp-json\/wp\/v2\/types\/product"}],"replies":[{"embeddable":true,"href":"https:\/\/www.freeshopfrontiera.ch\/fr\/wp-json\/wp\/v2\/comments?post=37233"}],"version-history":[{"count":1,"href":"https:\/\/www.freeshopfrontiera.ch\/fr\/wp-json\/wp\/v2\/product\/37233\/revisions"}],"predecessor-version":[{"id":37241,"href":"https:\/\/www.freeshopfrontiera.ch\/fr\/wp-json\/wp\/v2\/product\/37233\/revisions\/37241"}],"wp:featuredmedia":[{"embeddable":true,"href":"https:\/\/www.freeshopfrontiera.ch\/fr\/wp-json\/wp\/v2\/media\/37223"}],"wp:attachment":[{"href":"https:\/\/www.freeshopfrontiera.ch\/fr\/wp-json\/wp\/v2\/media?parent=37233"}],"wp:term":[{"taxonomy":"pwb-brand","embeddable":true,"href":"https:\/\/www.freeshopfrontiera.ch\/fr\/wp-json\/wp\/v2\/pwb-brand?post=37233"},{"taxonomy":"product_brand","embeddable":true,"href":"https:\/\/www.freeshopfrontiera.ch\/fr\/wp-json\/wp\/v2\/product_brand?post=37233"},{"taxonomy":"product_cat","embeddable":true,"href":"https:\/\/www.freeshopfrontiera.ch\/fr\/wp-json\/wp\/v2\/product_cat?post=37233"},{"taxonomy":"product_tag","embeddable":true,"href":"https:\/\/www.freeshopfrontiera.ch\/fr\/wp-json\/wp\/v2\/product_tag?post=37233"}],"curies":[{"name":"wp","href":"https:\/\/api.w.org\/{rel}","templated":true}]}}