{"id":37250,"date":"2025-11-18T10:37:08","date_gmt":"2025-11-18T10:37:08","guid":{"rendered":"https:\/\/www.freeshopfrontiera.ch\/shop\/hugo-boss-set-boss-the-scent-for-her\/"},"modified":"2026-04-13T14:06:06","modified_gmt":"2026-04-13T14:06:06","slug":"hugo-boss-set-boss-the-scent-for-her","status":"publish","type":"product","link":"https:\/\/www.freeshopfrontiera.ch\/fr\/shop\/hugo-boss-set-boss-the-scent-for-her\/","title":{"rendered":"BOSS SET Boss The Scent For Her"},"content":{"rendered":"<p data-start=\"2570\" data-end=\"2657\"><strong data-start=\"2570\" data-end=\"2655\">BOSS Set Boss The Scent For Her Eau de Parfum 30ml + Lait pour le corps 50ml<\/strong><\/p>\n<p data-start=\"2659\" data-end=\"2944\">D\u00e9couvrez l\u2019\u00e9l\u00e9gance et le charme du <strong data-start=\"2696\" data-end=\"2736\">set Boss Boss The Scent For Her<\/strong>, con\u00e7u pour la femme moderne qui aime se d\u00e9marquer. Ce coffret comprend <strong data-start=\"2809\" data-end=\"2831\">Eau de Parfum 30ml<\/strong> et <strong data-start=\"2835\" data-end=\"2862\">Lait pour le corps 50ml<\/strong>, parfaits \u00e0 utiliser ensemble pour une exp\u00e9rience olfactive intense et durable.<\/p>\n<p data-start=\"2946\" data-end=\"3278\">Le parfum <strong data-start=\"2956\" data-end=\"2982\">Boss The Scent For Her<\/strong> combine <strong data-start=\"2991\" data-end=\"3046\">fruits juteux, fleurs \u00e9l\u00e9gantes et notes sensuelles<\/strong>, enveloppant celle qui le porte d\u2019une aura irr\u00e9sistible. L\u2019Eau de Parfum offre un parfum persistant, id\u00e9al au quotidien ou pour des occasions sp\u00e9ciales, tandis que le Lait pour le corps nourrit la peau et en intensifie le parfum.<\/p>\n<p data-start=\"3280\" data-end=\"3515\">Ce set est une id\u00e9e cadeau \u00e9l\u00e9gante et raffin\u00e9e pour No\u00ebl, un anniversaire ou un anniversaire de mariage, parfait pour surprendre vos proches avec style. Le design moderne et soign\u00e9 du coffret refl\u00e8te la qualit\u00e9 premium de Hugo Boss.<\/p>\n<p data-start=\"1322\" data-end=\"1518\">Follow us! <a href=\"https:\/\/www.instagram.com\/freeshopswiss\/\" target=\"_blank\" rel=\"noopener\">@freeshopswiss<\/a><\/p>\n","protected":false},"excerpt":{"rendered":"<p>D\u00e9couvrez l\u2019\u00e9l\u00e9gance et le charme du <strong data-start=\"2696\" data-end=\"2736\">set Hugo Boss Boss The Scent For Her<\/strong>, con\u00e7u pour la femme moderne qui aime se d\u00e9marquer. Ce coffret comprend <strong data-start=\"2809\" data-end=\"2831\">Eau de Parfum 30ml<\/strong> et <strong data-start=\"2835\" data-end=\"2862\">Lait pour le corps 50ml<\/strong>, parfaits \u00e0 utiliser ensemble pour une exp\u00e9rience olfactive intense et durable.<\/p>\n","protected":false},"featured_media":37245,"comment_status":"open","ping_status":"closed","template":"","meta":[],"pwb-brand":[260],"product_brand":[],"product_cat":[138,87,109,295,484],"product_tag":[459,461,252,296],"class_list":{"0":"post-37250","1":"product","2":"type-product","3":"status-publish","4":"has-post-thumbnail","6":"pwb-brand-hugo-boss","7":"product_cat-offre","8":"product_cat-parfums","9":"product_cat-pour-elle","10":"product_cat-traitements","11":"product_cat-coffret","12":"product_tag-coffret","13":"product_tag-coffrets-femme","14":"product_tag-eau-de-parfum-fr","15":"product_tag-femme","17":"first","18":"outofstock","19":"sale","20":"taxable","21":"shipping-taxable","22":"purchasable","23":"product-type-simple"},"brands":[{"id":260,"name":"Hugo Boss","slug":"hugo-boss"}],"_links":{"self":[{"href":"https:\/\/www.freeshopfrontiera.ch\/fr\/wp-json\/wp\/v2\/product\/37250","targetHints":{"allow":["GET"]}}],"collection":[{"href":"https:\/\/www.freeshopfrontiera.ch\/fr\/wp-json\/wp\/v2\/product"}],"about":[{"href":"https:\/\/www.freeshopfrontiera.ch\/fr\/wp-json\/wp\/v2\/types\/product"}],"replies":[{"embeddable":true,"href":"https:\/\/www.freeshopfrontiera.ch\/fr\/wp-json\/wp\/v2\/comments?post=37250"}],"version-history":[{"count":3,"href":"https:\/\/www.freeshopfrontiera.ch\/fr\/wp-json\/wp\/v2\/product\/37250\/revisions"}],"predecessor-version":[{"id":42311,"href":"https:\/\/www.freeshopfrontiera.ch\/fr\/wp-json\/wp\/v2\/product\/37250\/revisions\/42311"}],"wp:featuredmedia":[{"embeddable":true,"href":"https:\/\/www.freeshopfrontiera.ch\/fr\/wp-json\/wp\/v2\/media\/37245"}],"wp:attachment":[{"href":"https:\/\/www.freeshopfrontiera.ch\/fr\/wp-json\/wp\/v2\/media?parent=37250"}],"wp:term":[{"taxonomy":"pwb-brand","embeddable":true,"href":"https:\/\/www.freeshopfrontiera.ch\/fr\/wp-json\/wp\/v2\/pwb-brand?post=37250"},{"taxonomy":"product_brand","embeddable":true,"href":"https:\/\/www.freeshopfrontiera.ch\/fr\/wp-json\/wp\/v2\/product_brand?post=37250"},{"taxonomy":"product_cat","embeddable":true,"href":"https:\/\/www.freeshopfrontiera.ch\/fr\/wp-json\/wp\/v2\/product_cat?post=37250"},{"taxonomy":"product_tag","embeddable":true,"href":"https:\/\/www.freeshopfrontiera.ch\/fr\/wp-json\/wp\/v2\/product_tag?post=37250"}],"curies":[{"name":"wp","href":"https:\/\/api.w.org\/{rel}","templated":true}]}}