{"id":37268,"date":"2025-11-19T11:50:17","date_gmt":"2025-11-19T11:50:17","guid":{"rendered":"https:\/\/www.freeshopfrontiera.ch\/shop\/issey-miyake-leau-dissey-intense-homme-125ml\/"},"modified":"2025-12-26T00:00:38","modified_gmt":"2025-12-26T00:00:38","slug":"issey-miyake-leau-dissey-intense-homme-125ml","status":"publish","type":"product","link":"https:\/\/www.freeshopfrontiera.ch\/fr\/shop\/issey-miyake-leau-dissey-intense-homme-125ml\/","title":{"rendered":"ISSEY MIYAKE L\u2019eau D\u2019issey Intense Homme 125ml"},"content":{"rendered":"<p data-start=\"2791\" data-end=\"2859\"><strong data-start=\"2791\" data-end=\"2857\">ISSEY MIYAKE L\u2019eau D\u2019Issey Intense Homme Eau de Toilette 125ml<\/strong><\/p>\n<p data-start=\"2861\" data-end=\"3152\">D\u00e9couvrez la force et la profondeur de <strong data-start=\"2900\" data-end=\"2931\">L\u2019eau D\u2019Issey Intense Homme<\/strong> d\u2019ISSEY MIYAKE, un parfum masculin sophistiqu\u00e9 et contemporain. Cet Eau de Toilette est une r\u00e9interpr\u00e9tation intense de l\u2019embl\u00e9matique L\u2019eau D\u2019Issey Homme, transmettant \u00e9l\u00e9gance, virilit\u00e9 et modernit\u00e9 en un seul geste.<\/p>\n<p data-start=\"3154\" data-end=\"3536\">La fragrance s\u2019ouvre sur des notes fra\u00eeches et \u00e9pic\u00e9es de bergamote et de poivre noir, apportant \u00e9nergie et vitalit\u00e9. Au c\u0153ur, des accords aromatiques et bois\u00e9s de c\u00e8dre et de bois de santal cr\u00e9ent une sensation chaude et enveloppante, parfaite pour l\u2019homme s\u00fbr de lui. Enfin, les notes de fond de musc et d\u2019ambre persistent sur la peau, offrant un caract\u00e8re s\u00e9duisant et durable.<\/p>\n<p data-start=\"3538\" data-end=\"3864\">Sa composition \u00e9quilibr\u00e9e le rend id\u00e9al pour une utilisation de jour comme de soir\u00e9e, adapt\u00e9 aux occasions formelles ou aux moments d\u00e9contract\u00e9s, toujours avec un style raffin\u00e9 et distinctif. Le flacon de 125ml est \u00e9l\u00e9gant et minimaliste, refl\u00e9tant parfaitement le style ISSEY MIYAKE, con\u00e7u pour sublimer chaque application.<\/p>\n<p data-start=\"3866\" data-end=\"4120\"><strong data-start=\"3866\" data-end=\"3897\">L\u2019eau D\u2019Issey Intense Homme<\/strong> est le choix parfait pour l\u2019homme qui aime se d\u00e9marquer, un parfum qui allie fra\u00eecheur et intensit\u00e9 \u00e0 une \u00e9l\u00e9gance intemporelle, un incontournable pour ceux qui recherchent une fragrance moderne, intense et sophistiqu\u00e9e.<\/p>\n<p data-start=\"1249\" data-end=\"1484\">Follow us! <a href=\"https:\/\/www.instagram.com\/freeshopswiss\/\" target=\"_blank\" rel=\"noopener\">@freeshopswiss<\/a><\/p>\n","protected":false},"excerpt":{"rendered":"<p>D\u00e9couvrez la force et la profondeur de <strong data-start=\"2900\" data-end=\"2931\">L\u2019eau D\u2019Issey Intense Homme<\/strong> d\u2019ISSEY MIYAKE, un parfum masculin sophistiqu\u00e9 et contemporain. Cet Eau de Toilette est une r\u00e9interpr\u00e9tation intense de l\u2019embl\u00e9matique L\u2019eau D\u2019Issey Homme, transmettant \u00e9l\u00e9gance, virilit\u00e9 et modernit\u00e9 en un seul geste.<\/p>\n","protected":false},"featured_media":37262,"comment_status":"open","ping_status":"closed","template":"","meta":[],"pwb-brand":[439],"product_brand":[],"product_cat":[87,89],"product_tag":[252,1629,143,97],"class_list":{"0":"post-37268","1":"product","2":"type-product","3":"status-publish","4":"has-post-thumbnail","6":"pwb-brand-issey-miyake","7":"product_cat-parfums","8":"product_cat-pour-lui","9":"product_tag-eau-de-parfum-fr","10":"product_tag-mens-fragrances-fr","11":"product_tag-homme","12":"product_tag-parfums","14":"first","15":"instock","16":"sale","17":"taxable","18":"shipping-taxable","19":"purchasable","20":"product-type-simple"},"brands":[{"id":439,"name":"Issey Miyake","slug":"issey-miyake"}],"_links":{"self":[{"href":"https:\/\/www.freeshopfrontiera.ch\/fr\/wp-json\/wp\/v2\/product\/37268","targetHints":{"allow":["GET"]}}],"collection":[{"href":"https:\/\/www.freeshopfrontiera.ch\/fr\/wp-json\/wp\/v2\/product"}],"about":[{"href":"https:\/\/www.freeshopfrontiera.ch\/fr\/wp-json\/wp\/v2\/types\/product"}],"replies":[{"embeddable":true,"href":"https:\/\/www.freeshopfrontiera.ch\/fr\/wp-json\/wp\/v2\/comments?post=37268"}],"version-history":[{"count":1,"href":"https:\/\/www.freeshopfrontiera.ch\/fr\/wp-json\/wp\/v2\/product\/37268\/revisions"}],"predecessor-version":[{"id":37271,"href":"https:\/\/www.freeshopfrontiera.ch\/fr\/wp-json\/wp\/v2\/product\/37268\/revisions\/37271"}],"wp:featuredmedia":[{"embeddable":true,"href":"https:\/\/www.freeshopfrontiera.ch\/fr\/wp-json\/wp\/v2\/media\/37262"}],"wp:attachment":[{"href":"https:\/\/www.freeshopfrontiera.ch\/fr\/wp-json\/wp\/v2\/media?parent=37268"}],"wp:term":[{"taxonomy":"pwb-brand","embeddable":true,"href":"https:\/\/www.freeshopfrontiera.ch\/fr\/wp-json\/wp\/v2\/pwb-brand?post=37268"},{"taxonomy":"product_brand","embeddable":true,"href":"https:\/\/www.freeshopfrontiera.ch\/fr\/wp-json\/wp\/v2\/product_brand?post=37268"},{"taxonomy":"product_cat","embeddable":true,"href":"https:\/\/www.freeshopfrontiera.ch\/fr\/wp-json\/wp\/v2\/product_cat?post=37268"},{"taxonomy":"product_tag","embeddable":true,"href":"https:\/\/www.freeshopfrontiera.ch\/fr\/wp-json\/wp\/v2\/product_tag?post=37268"}],"curies":[{"name":"wp","href":"https:\/\/api.w.org\/{rel}","templated":true}]}}