{"id":37294,"date":"2025-11-21T09:51:18","date_gmt":"2025-11-21T09:51:18","guid":{"rendered":"https:\/\/www.freeshopfrontiera.ch\/shop\/estee-lauder-set-resilience\/"},"modified":"2025-11-21T09:56:51","modified_gmt":"2025-11-21T09:56:51","slug":"estee-lauder-set-resilience","status":"publish","type":"product","link":"https:\/\/www.freeshopfrontiera.ch\/fr\/shop\/estee-lauder-set-resilience\/","title":{"rendered":"ESTEE LAUDER SET Resilience"},"content":{"rendered":"<p data-start=\"2414\" data-end=\"2482\"><strong data-start=\"2414\" data-end=\"2482\">Est\u00e9e Lauder Set Resilience Multi-Effect \u2013 Soin Complet Anti-\u00c2ge<\/strong><\/p>\n<p data-start=\"2484\" data-end=\"2749\">Revitalisez et renforcez votre peau avec le <strong data-start=\"2528\" data-end=\"2572\">Set Est\u00e9e Lauder Resilience Multi-Effect<\/strong>, une routine anti-\u00e2ge compl\u00e8te con\u00e7ue pour prot\u00e9ger, hydrater et am\u00e9liorer l\u2019\u00e9lasticit\u00e9 de la peau. Parfait comme cadeau ou pour ceux qui recherchent un soin quotidien premium.<\/p>\n<p data-start=\"2751\" data-end=\"2776\"><strong data-start=\"2751\" data-end=\"2776\">Le coffret contient :<\/strong><\/p>\n<p data-start=\"2778\" data-end=\"2954\"><strong data-start=\"2778\" data-end=\"2823\">Resilience Multi-Effect Cream SPF15 50 ml<\/strong><br data-start=\"2823\" data-end=\"2826\" \/>Cr\u00e8me de jour avec SPF15 qui am\u00e9liore l\u2019\u00e9lasticit\u00e9, lisse les rides et hydrate intens\u00e9ment, laissant la peau jeune et lumineuse.<\/p>\n<p data-start=\"2956\" data-end=\"3141\"><strong data-start=\"2956\" data-end=\"2981\">Perfectly Clean 30 ml<\/strong><br data-start=\"2981\" data-end=\"2984\" \/>Nettoyant doux adapt\u00e9 \u00e0 tous les types de peau, qui \u00e9limine les impuret\u00e9s et le maquillage, laissant la peau fra\u00eeche, douce et pr\u00eate pour les soins suivants.<\/p>\n<p data-start=\"3143\" data-end=\"3328\"><strong data-start=\"3143\" data-end=\"3194\">Perfectionist Pro Rapid Firm + Lift Serum 15 ml<\/strong><br data-start=\"3194\" data-end=\"3197\" \/>S\u00e9rum concentr\u00e9 qui raffermit la peau et r\u00e9duit visiblement les rides et le rel\u00e2chement, offrant un effet lift imm\u00e9diat et durable.<\/p>\n<p data-start=\"3330\" data-end=\"3503\"><strong data-start=\"3330\" data-end=\"3372\">Resilience Multi-Effect Eye Cream 5 ml<\/strong><br data-start=\"3372\" data-end=\"3375\" \/>Cr\u00e8me contour des yeux qui lisse, hydrate et prot\u00e8ge le d\u00e9licat contour des yeux, r\u00e9duisant poches, cernes et signes de fatigue.<\/p>\n<p>Follow us! <a href=\"https:\/\/www.instagram.com\/freeshopswiss\/\" target=\"_blank\" rel=\"noopener\">@freeshopswiss<\/a><\/p>\n","protected":false},"excerpt":{"rendered":"<p>Revitalisez et renforcez votre peau avec le <strong data-start=\"2528\" data-end=\"2572\">Set Est\u00e9e Lauder Resilience Multi-Effect<\/strong>, une routine anti-\u00e2ge compl\u00e8te con\u00e7ue pour prot\u00e9ger, hydrater et am\u00e9liorer l\u2019\u00e9lasticit\u00e9 de la peau.<\/p>\n","protected":false},"featured_media":37290,"comment_status":"open","ping_status":"closed","template":"","meta":[],"pwb-brand":[2879],"product_brand":[],"product_cat":[295,484,545],"product_tag":[459,461,252,296,417],"class_list":{"0":"post-37294","1":"product","2":"type-product","3":"status-publish","4":"has-post-thumbnail","6":"pwb-brand-estee-lauder","7":"product_cat-traitements","8":"product_cat-coffret","9":"product_cat-soin-du-visage","10":"product_tag-coffret","11":"product_tag-coffrets-femme","12":"product_tag-eau-de-parfum-fr","13":"product_tag-femme","14":"product_tag-soins-fr","16":"first","17":"outofstock","18":"sale","19":"taxable","20":"shipping-taxable","21":"purchasable","22":"product-type-simple"},"brands":[{"id":2879,"name":"Estee Lauder","slug":"estee-lauder"}],"_links":{"self":[{"href":"https:\/\/www.freeshopfrontiera.ch\/fr\/wp-json\/wp\/v2\/product\/37294","targetHints":{"allow":["GET"]}}],"collection":[{"href":"https:\/\/www.freeshopfrontiera.ch\/fr\/wp-json\/wp\/v2\/product"}],"about":[{"href":"https:\/\/www.freeshopfrontiera.ch\/fr\/wp-json\/wp\/v2\/types\/product"}],"replies":[{"embeddable":true,"href":"https:\/\/www.freeshopfrontiera.ch\/fr\/wp-json\/wp\/v2\/comments?post=37294"}],"version-history":[{"count":1,"href":"https:\/\/www.freeshopfrontiera.ch\/fr\/wp-json\/wp\/v2\/product\/37294\/revisions"}],"predecessor-version":[{"id":37298,"href":"https:\/\/www.freeshopfrontiera.ch\/fr\/wp-json\/wp\/v2\/product\/37294\/revisions\/37298"}],"wp:featuredmedia":[{"embeddable":true,"href":"https:\/\/www.freeshopfrontiera.ch\/fr\/wp-json\/wp\/v2\/media\/37290"}],"wp:attachment":[{"href":"https:\/\/www.freeshopfrontiera.ch\/fr\/wp-json\/wp\/v2\/media?parent=37294"}],"wp:term":[{"taxonomy":"pwb-brand","embeddable":true,"href":"https:\/\/www.freeshopfrontiera.ch\/fr\/wp-json\/wp\/v2\/pwb-brand?post=37294"},{"taxonomy":"product_brand","embeddable":true,"href":"https:\/\/www.freeshopfrontiera.ch\/fr\/wp-json\/wp\/v2\/product_brand?post=37294"},{"taxonomy":"product_cat","embeddable":true,"href":"https:\/\/www.freeshopfrontiera.ch\/fr\/wp-json\/wp\/v2\/product_cat?post=37294"},{"taxonomy":"product_tag","embeddable":true,"href":"https:\/\/www.freeshopfrontiera.ch\/fr\/wp-json\/wp\/v2\/product_tag?post=37294"}],"curies":[{"name":"wp","href":"https:\/\/api.w.org\/{rel}","templated":true}]}}